{"id":10222,"date":"2021-07-28T19:14:41","date_gmt":"2021-07-28T19:14:41","guid":{"rendered":"https:\/\/www.takeuchiglobal.com\/tb1000-50th-anniversary\/"},"modified":"2021-09-01T13:11:10","modified_gmt":"2021-09-01T13:11:10","slug":"tb1000-50th-anniversary","status":"publish","type":"page","link":"https:\/\/www.takeuchiglobal.com\/de\/tb1000-50th-anniversary\/","title":{"rendered":"TB1000 50th Anniversary"},"content":{"rendered":"[vc_row type=&#8221;in_container&#8221; full_screen_row_position=&#8221;middle&#8221; scene_position=&#8221;center&#8221; text_color=&#8221;dark&#8221; text_align=&#8221;left&#8221; overlay_strength=&#8221;0.3&#8243; shape_divider_position=&#8221;bottom&#8221; bg_image_animation=&#8221;none&#8221;][vc_column column_padding=&#8221;no-extra-padding&#8221; column_padding_position=&#8221;all&#8221; background_color_opacity=&#8221;1&#8243; background_hover_color_opacity=&#8221;1&#8243; column_link_target=&#8221;_self&#8221; column_shadow=&#8221;none&#8221; column_border_radius=&#8221;none&#8221; width=&#8221;2\/3&#8243; tablet_width_inherit=&#8221;default&#8221; tablet_text_alignment=&#8221;default&#8221; phone_text_alignment=&#8221;default&#8221; column_border_width=&#8221;none&#8221; column_border_style=&#8221;solid&#8221; bg_image_animation=&#8221;none&#8221;][divider line_type=&#8221;No Line&#8221; custom_height=&#8221;50&#8243;][image_with_animation image_url=&#8221;10226&#8243; alignment=&#8221;center&#8221; animation=&#8221;Fade In&#8221; border_radius=&#8221;none&#8221; box_shadow=&#8221;none&#8221; max_width=&#8221;100%&#8221; img_link=&#8221;https:\/\/www.takeuchiglobal.com\/locator\/&#8221;][divider line_type=&#8221;No Line&#8221; custom_height=&#8221;50&#8243;][vc_column_text css_animation=&#8221;bounceInDown&#8221;]\n<h1 style=\"text-align: center;\">Der TB1000, der erste 360-Grad-Kompaktbagger von Takeuchi, feiert sein 50-j\u00e4hriges Jubil\u00e4um<\/h1>\n[\/vc_column_text][\/vc_column][vc_column column_padding=&#8221;no-extra-padding&#8221; column_padding_position=&#8221;all&#8221; background_color_opacity=&#8221;1&#8243; background_hover_color_opacity=&#8221;1&#8243; column_link_target=&#8221;_self&#8221; column_shadow=&#8221;none&#8221; column_border_radius=&#8221;none&#8221; width=&#8221;1\/3&#8243; tablet_width_inherit=&#8221;default&#8221; tablet_text_alignment=&#8221;default&#8221; phone_text_alignment=&#8221;default&#8221; column_border_width=&#8221;none&#8221; column_border_style=&#8221;solid&#8221; bg_image_animation=&#8221;none&#8221;][divider line_type=&#8221;No Line&#8221; custom_height=&#8221;20&#8243;][nectar_video_lightbox link_style=&#8221;play_button_2&#8243; nectar_play_button_color=&#8221;Default-Accent-Color&#8221; image_url=&#8221;10206&#8243; hover_effect=&#8221;defaut&#8221; box_shadow=&#8221;none&#8221; border_radius=&#8221;none&#8221; play_button_size=&#8221;default&#8221; video_url=&#8221;https:\/\/vimeo.com\/manage\/videos\/582563773&#8243;][vc_column_text css=&#8221;.vc_custom_1628795562607{margin-top: 10px !important;}&#8221;]\n<h5 style=\"text-align: center;\">Erfahren Sie alles \u00fcber Takeuchis TB1000, den weltweit ersten 360-Grad-Kompaktbagger!<\/h5>\n[\/vc_column_text][\/vc_column][\/vc_row][vc_row type=&#8221;in_container&#8221; full_screen_row_position=&#8221;middle&#8221; scene_position=&#8221;center&#8221; text_color=&#8221;dark&#8221; text_align=&#8221;left&#8221; overlay_strength=&#8221;0.3&#8243; shape_divider_position=&#8221;bottom&#8221; bg_image_animation=&#8221;none&#8221;][vc_column column_padding=&#8221;no-extra-padding&#8221; column_padding_position=&#8221;all&#8221; background_color_opacity=&#8221;1&#8243; background_hover_color_opacity=&#8221;1&#8243; column_link_target=&#8221;_self&#8221; column_shadow=&#8221;none&#8221; column_border_radius=&#8221;none&#8221; width=&#8221;2\/3&#8243; tablet_width_inherit=&#8221;default&#8221; tablet_text_alignment=&#8221;default&#8221; phone_text_alignment=&#8221;default&#8221; column_border_width=&#8221;none&#8221; column_border_style=&#8221;solid&#8221; bg_image_animation=&#8221;none&#8221;][vc_column_text]Manufacturing werden w\u00fcrde. Urspr\u00fcnglich produzierte Akio Takeuchi Teile f\u00fcr die Autoindustrie, wollte jedoch nicht nur als Hersteller von Autoteilen wahrgenommen werden. Allerdings wusste er nicht, dass die Chance, Takeuchi weiter auszubauen, in Form eines Auftrags entstehen w\u00fcrde, der die gesamte Ausrichtung seines Unternehmens grundlegend beeinflussen w\u00fcrde.<\/p>\n<div id=\"attachment_10195\" style=\"width: 209px\" class=\"wp-caption alignleft\"><a href=\"https:\/\/www.takeuchiglobal.com\/wp-content\/uploads\/2021\/08\/Original-TB1000-Brochure.pdf\" target=\"_blank\" rel=\"noopener\"><img loading=\"lazy\" decoding=\"async\" aria-describedby=\"caption-attachment-10195\" class=\"wp-image-10195\" src=\"https:\/\/www.takeuchiglobal.com\/wp-content\/uploads\/2021\/07\/TB1000-cc-300x202.jpg\" alt=\"\" width=\"199\" height=\"133\" srcset=\"https:\/\/www.takeuchiglobal.com\/wp-content\/uploads\/2021\/07\/TB1000-cc-300x202.jpg 300w, https:\/\/www.takeuchiglobal.com\/wp-content\/uploads\/2021\/07\/TB1000-cc-1024x690.jpg 1024w, https:\/\/www.takeuchiglobal.com\/wp-content\/uploads\/2021\/07\/TB1000-cc-768x518.jpg 768w, https:\/\/www.takeuchiglobal.com\/wp-content\/uploads\/2021\/07\/TB1000-cc-1536x1036.jpg 1536w, https:\/\/www.takeuchiglobal.com\/wp-content\/uploads\/2021\/07\/TB1000-cc-900x600.jpg 900w, https:\/\/www.takeuchiglobal.com\/wp-content\/uploads\/2021\/07\/TB1000-cc-600x403.jpg 600w, https:\/\/www.takeuchiglobal.com\/wp-content\/uploads\/2021\/07\/TB1000-cc-400x269.jpg 400w, https:\/\/www.takeuchiglobal.com\/wp-content\/uploads\/2021\/07\/TB1000-cc.jpg 1750w\" sizes=\"auto, (max-width: 199px) 100vw, 199px\" \/><\/a><p id=\"caption-attachment-10195\" class=\"wp-caption-text\">Original-TB1000-Brosch\u00fcre anzeigen<\/p><\/div>\n<p>Im Jahre 1968 wurde Akio Takeuchi von einem Gesch\u00e4ftspartner und Konstrukteur beauftragt, eine Maschine zu fertigen, die Spitzhacken und Schaufeln ersetzen sollte. Aufgrund dieses herausfordernden Auftrags machte er sich zusammen mit einigen begabten Ingenieuren an die Arbeit, um den ersten Kompaktbagger der Welt, den TB300, zu entwerfen und zu bauen. Dank der Erfindung dieser Maschine wurde die Arbeitsbelastung der Bauarbeiter durch den Wegfall der manuellen Arbeit mit Spitzhacken und Schaufeln verringert. Binnen weniger Stunden konnten die Bauarbeiter Arbeiten verrichten, f\u00fcr die sie zuvor Tage ben\u00f6tigten, um sie manuell zu erledigen. Damit war Takeuchi bestens ger\u00fcstet, um neue Konzepte f\u00fcr Bagger zu entwerfen und das Leben von Bauarbeitern rund um den Globus zu verbessern.<\/p>\n<p>Im Jahre 1970 fuhr Takeuchi mit der Innovation fort und fertigte den weltweit ersten Kompaktbagger mit 360-Grad-Schwenkung, den TB1000. Im Jahr 1971 wurde mit der seriellen Produktion dieser fortschrittlichen, modernen Maschine begonnen und sie wurde offiziell eingef\u00fchrt, wodurch sich die Branche der kompakten Baumaschinen ein weiteres Mal f\u00fcr immer ver\u00e4nderte. Takeuchi hat mit der Einf\u00fchrung dieser neuen Maschine eine Branche hervorgebracht, die mittlerweile \u00fcber 49.000 Kompaktbagger pro Jahr in der Gewichtsklasse von 1 bis 6 Tonnen fertigt und absetzt.<\/p>\n<p>Akio Takeuchi ist klar, dass dies ohne ein solides Fundament unm\u00f6glich gewesen w\u00e4re. Seine standhaften \u00dcberzeugungen \u2013 im Hinblick auf die Mitarbeiter, die Umwelt und die Kunden \u2013 werden beibehalten, und stehen im Einklang miteinander. Diese Philosophie f\u00f6rdert er in allen Betrieben von Takeuchi, und seine Mitarbeiter gehen den Weg von Takeuchi, indem sie zusammenarbeiten und den Geist der Kreation, der Herausforderung und der Zusammenarbeit miteinander teilen.<\/p>\n<p>Als Weltmarktf\u00fchrer und Innovator im Segment der kompakten Baumaschinen ist Takeuchi f\u00fcr immer in die Geschichte eingegangen. Die Leitung von Takeuchi liegt heute bei Toshiya Takeuchi, dem Sohn des Gr\u00fcnders. In Zusammenarbeit mit der neuen Gesch\u00e4ftsf\u00fchrung und der n\u00e4chsten Generation begabter Mitarbeiter wird Takeuchi weiterhin Wege zur Verbesserung des Bauprozesses beschreiten, um zum Schutz der Umwelt und zur Entwicklung von Maschinen beizutragen, welche die Baumeister von Infrastrukturen auch zuk\u00fcnftig zu H\u00f6chstleistungen antreiben werden.<\/p>\n<p>&nbsp;<\/p>\n<pre id=\"tw-target-text\" class=\"tw-data-text tw-text-large XcVN5d tw-ta\" dir=\"ltr\" data-placeholder=\"Translation\"><a href=\"https:\/\/www.takeuchiglobal.com\/wp-content\/uploads\/2021\/08\/TB1000-For-Global-Site-German.pdf\" target=\"_blank\" rel=\"noopener\"><span class=\"Y2IQFc\" lang=\"es\">Descargar nota de prensa<\/span><\/a><\/pre>\n[\/vc_column_text][\/vc_column][vc_column column_padding=&#8221;no-extra-padding&#8221; column_padding_position=&#8221;all&#8221; background_color_opacity=&#8221;1&#8243; background_hover_color_opacity=&#8221;1&#8243; column_link_target=&#8221;_self&#8221; column_shadow=&#8221;none&#8221; column_border_radius=&#8221;none&#8221; width=&#8221;1\/3&#8243; tablet_width_inherit=&#8221;default&#8221; tablet_text_alignment=&#8221;default&#8221; phone_text_alignment=&#8221;default&#8221; column_border_width=&#8221;none&#8221; column_border_style=&#8221;solid&#8221; bg_image_animation=&#8221;none&#8221;][nectar_video_lightbox link_style=&#8221;play_button_2&#8243; nectar_play_button_color=&#8221;Default-Accent-Color&#8221; image_url=&#8221;10195&#8243; hover_effect=&#8221;defaut&#8221; box_shadow=&#8221;none&#8221; border_radius=&#8221;none&#8221; play_button_size=&#8221;default&#8221; video_url=&#8221;https:\/\/vimeo.com\/580383896&#8243;][image_with_animation image_url=&#8221;10197&#8243; alignment=&#8221;right&#8221; animation=&#8221;None&#8221; border_radius=&#8221;none&#8221; box_shadow=&#8221;none&#8221; max_width=&#8221;100%&#8221; margin_top=&#8221;25&#8243;][vc_column_text]Die Philosophie von Takeuchi ist einfach, qualitativ hochwertige Maschinen zu bauen, die Kunden brauchen, um ihr Leben zu erleichtern und ihre h\u00e4rtesten Aufgaben zu erledigen.[\/vc_column_text][\/vc_column][\/vc_row]\n","protected":false},"excerpt":{"rendered":"<p>[vc_row type=&#8221;in_container&#8221; full_screen_row_position=&#8221;middle&#8221; scene_position=&#8221;center&#8221; text_color=&#8221;dark&#8221; text_align=&#8221;left&#8221; overlay_strength=&#8221;0.3&#8243; shape_divider_position=&#8221;bottom&#8221; bg_image_animation=&#8221;none&#8221;][vc_column column_padding=&#8221;no-extra-padding&#8221; column_padding_position=&#8221;all&#8221; background_color_opacity=&#8221;1&#8243; background_hover_color_opacity=&#8221;1&#8243; column_link_target=&#8221;_self&#8221; column_shadow=&#8221;none&#8221; column_border_radius=&#8221;none&#8221; width=&#8221;2\/3&#8243; tablet_width_inherit=&#8221;default&#8221; tablet_text_alignment=&#8221;default&#8221; phone_text_alignment=&#8221;default&#8221; column_border_width=&#8221;none&#8221; column_border_style=&#8221;solid&#8221; bg_image_animation=&#8221;none&#8221;][divider line_type=&#8221;No Line&#8221; custom_height=&#8221;50&#8243;][image_with_animation image_url=&#8221;10226&#8243; alignment=&#8221;center&#8221; animation=&#8221;Fade In&#8221;&#8230;<\/p>\n","protected":false},"author":1,"featured_media":0,"parent":0,"menu_order":0,"comment_status":"closed","ping_status":"closed","template":"","meta":{"_acf_changed":false,"footnotes":""},"class_list":["post-10222","page","type-page","status-publish"],"acf":[],"_links":{"self":[{"href":"https:\/\/www.takeuchiglobal.com\/de\/wp-json\/wp\/v2\/pages\/10222","targetHints":{"allow":["GET"]}}],"collection":[{"href":"https:\/\/www.takeuchiglobal.com\/de\/wp-json\/wp\/v2\/pages"}],"about":[{"href":"https:\/\/www.takeuchiglobal.com\/de\/wp-json\/wp\/v2\/types\/page"}],"author":[{"embeddable":true,"href":"https:\/\/www.takeuchiglobal.com\/de\/wp-json\/wp\/v2\/users\/1"}],"replies":[{"embeddable":true,"href":"https:\/\/www.takeuchiglobal.com\/de\/wp-json\/wp\/v2\/comments?post=10222"}],"version-history":[{"count":0,"href":"https:\/\/www.takeuchiglobal.com\/de\/wp-json\/wp\/v2\/pages\/10222\/revisions"}],"wp:attachment":[{"href":"https:\/\/www.takeuchiglobal.com\/de\/wp-json\/wp\/v2\/media?parent=10222"}],"curies":[{"name":"wp","href":"https:\/\/api.w.org\/{rel}","templated":true}]}}