{"id":6364,"date":"2017-01-20T21:11:16","date_gmt":"2017-01-20T21:11:16","guid":{"rendered":"http:\/\/www.takeuchiglobal.com\/?page_id=6364\/"},"modified":"2018-06-04T19:29:31","modified_gmt":"2018-06-04T19:29:31","slug":"about-us","status":"publish","type":"page","link":"https:\/\/www.takeuchiglobal.com\/de\/about-us\/","title":{"rendered":"About Us"},"content":{"rendered":"[vc_row type=&#8221;in_container&#8221; full_screen_row_position=&#8221;middle&#8221; scene_position=&#8221;center&#8221; text_color=&#8221;dark&#8221; text_align=&#8221;left&#8221; top_padding=&#8221;45&#8243; overlay_strength=&#8221;0.3&#8243;][vc_column column_padding=&#8221;no-extra-padding&#8221; column_padding_position=&#8221;all&#8221; background_color_opacity=&#8221;1&#8243; background_hover_color_opacity=&#8221;1&#8243; column_shadow=&#8221;none&#8221; width=&#8221;2\/3&#8243; tablet_text_alignment=&#8221;default&#8221; phone_text_alignment=&#8221;default&#8221; column_border_width=&#8221;none&#8221; column_border_style=&#8221;solid&#8221;][vc_column_text]\n<h1>\u00dcber Takeuchi<\/h1>\n<h2>Takeuchi Mfg. Co., Ltd. wurde 1963 von Herrn Akio Takeuchi gegr\u00fcndet.<\/h2>\n<p>Seitdem ist das Unternehmen ein weltweit f\u00fchrender Hersteller von Baumaschinen wie kompakten Hydraulikbaggern und Raupenladern.<\/p>\n<p>Die einzigartigen Anforderungen von Maschinenbesitzern h\u00f6ren sich Herr Takeuchi und sein Unternehmen mit Leidenschaft an. Da Takeuchi die Bed\u00fcrfnisse seiner Kunden versteht, konnte es sich als Branchenf\u00fchrer in Sachen neue Produktentwicklung absetzen. Im Jahre 1971 entwickelte Takeuchi den ersten Kompaktbagger der Welt. 1986 entwickelte und vermarktete Takeuchi dann den ersten kompakten Gummiraupenlader, der sich ideal f\u00fcr Einsatz auf schwierigem Gel\u00e4nde eignete. Auch dies war eine Weltneuheit. Diese zwei Produkt transformierten den globalen Baumaschinenmarkt.<\/p>\n<p>Die Kompaktbagger und Raupenlader von Takeuchi gewannen gro\u00dfe internationale Anerkennung f\u00fcr ihre F\u00e4higkeit, solch anspruchsvollen Einsatzbedingungen standzuhalten. Takeuchi strebt stets nach globalen Standards der n\u00e4chsten Generation und wird den Weltmarkt auch weiterhin mit Produkten bereichern,\u00a0welche die Bed\u00fcrfnisse der Kunden erf\u00fcllen. Als ein Hersteller, der seinen Kunden Vorteile bieten will, hat es sich Takeuchi zur Aufgabe gemacht, Produkte zu erschaffen, die den Menschen dienen und einen Beitrag zur Gesellschaft leisten.[\/vc_column_text][\/vc_column][vc_column column_padding=&#8221;no-extra-padding&#8221; column_padding_position=&#8221;all&#8221; background_color_opacity=&#8221;1&#8243; background_hover_color_opacity=&#8221;1&#8243; column_shadow=&#8221;none&#8221; width=&#8221;1\/3&#8243; tablet_text_alignment=&#8221;default&#8221; phone_text_alignment=&#8221;default&#8221; column_border_width=&#8221;none&#8221; column_border_style=&#8221;solid&#8221;][image_with_animation image_url=&#8221;1075&#8243; alignment=&#8221;&#8221; animation=&#8221;Fade In&#8221; box_shadow=&#8221;none&#8221; max_width=&#8221;100%&#8221;][\/vc_column][\/vc_row]\n","protected":false},"excerpt":{"rendered":"<p>[vc_row type=&#8221;in_container&#8221; full_screen_row_position=&#8221;middle&#8221; scene_position=&#8221;center&#8221; text_color=&#8221;dark&#8221; text_align=&#8221;left&#8221; top_padding=&#8221;45&#8243; overlay_strength=&#8221;0.3&#8243;][vc_column column_padding=&#8221;no-extra-padding&#8221; column_padding_position=&#8221;all&#8221; background_color_opacity=&#8221;1&#8243; background_hover_color_opacity=&#8221;1&#8243; column_shadow=&#8221;none&#8221; width=&#8221;2\/3&#8243; tablet_text_alignment=&#8221;default&#8221; phone_text_alignment=&#8221;default&#8221; column_border_width=&#8221;none&#8221; column_border_style=&#8221;solid&#8221;][vc_column_text] \u00dcber Takeuchi Takeuchi Mfg. Co., Ltd. wurde 1963 von Herrn Akio Takeuchi&#8230;<\/p>\n","protected":false},"author":1,"featured_media":0,"parent":0,"menu_order":0,"comment_status":"closed","ping_status":"closed","template":"","meta":{"_acf_changed":false,"footnotes":""},"class_list":["post-6364","page","type-page","status-publish"],"acf":[],"_links":{"self":[{"href":"https:\/\/www.takeuchiglobal.com\/de\/wp-json\/wp\/v2\/pages\/6364","targetHints":{"allow":["GET"]}}],"collection":[{"href":"https:\/\/www.takeuchiglobal.com\/de\/wp-json\/wp\/v2\/pages"}],"about":[{"href":"https:\/\/www.takeuchiglobal.com\/de\/wp-json\/wp\/v2\/types\/page"}],"author":[{"embeddable":true,"href":"https:\/\/www.takeuchiglobal.com\/de\/wp-json\/wp\/v2\/users\/1"}],"replies":[{"embeddable":true,"href":"https:\/\/www.takeuchiglobal.com\/de\/wp-json\/wp\/v2\/comments?post=6364"}],"version-history":[{"count":0,"href":"https:\/\/www.takeuchiglobal.com\/de\/wp-json\/wp\/v2\/pages\/6364\/revisions"}],"wp:attachment":[{"href":"https:\/\/www.takeuchiglobal.com\/de\/wp-json\/wp\/v2\/media?parent=6364"}],"curies":[{"name":"wp","href":"https:\/\/api.w.org\/{rel}","templated":true}]}}