{"id":6425,"date":"2017-01-20T21:52:58","date_gmt":"2017-01-20T21:52:58","guid":{"rendered":"http:\/\/www.takeuchiglobal.com\/?page_id=6425\/"},"modified":"2018-05-29T14:09:00","modified_gmt":"2018-05-29T14:09:00","slug":"risk-factors","status":"publish","type":"page","link":"https:\/\/www.takeuchiglobal.com\/de\/risk-factors\/","title":{"rendered":"Risk Factors"},"content":{"rendered":"[vc_row type=&#8221;in_container&#8221; full_screen_row_position=&#8221;middle&#8221; scene_position=&#8221;center&#8221; text_color=&#8221;dark&#8221; text_align=&#8221;left&#8221; top_padding=&#8221;45&#8243; overlay_strength=&#8221;0.3&#8243;][vc_column column_padding=&#8221;no-extra-padding&#8221; column_padding_position=&#8221;all&#8221; background_color_opacity=&#8221;1&#8243; background_hover_color_opacity=&#8221;1&#8243; column_shadow=&#8221;none&#8221; width=&#8221;1\/4&#8243; tablet_text_alignment=&#8221;default&#8221; phone_text_alignment=&#8221;default&#8221; column_border_width=&#8221;none&#8221; column_border_style=&#8221;solid&#8221;][vc_widget_sidebar title=&#8221;Anlegerbeziehungen&#8221; sidebar_id=&#8221;cs-1&#8243;][\/vc_column][vc_column column_padding=&#8221;no-extra-padding&#8221; column_padding_position=&#8221;all&#8221; background_color_opacity=&#8221;1&#8243; background_hover_color_opacity=&#8221;1&#8243; column_shadow=&#8221;none&#8221; width=&#8221;3\/4&#8243; tablet_text_alignment=&#8221;default&#8221; phone_text_alignment=&#8221;default&#8221; column_border_width=&#8221;none&#8221; column_border_style=&#8221;solid&#8221;][vc_column_text]\n<h1>Risikofaktoren<\/h1>\n<h2>Die unten aufgef\u00fchrten Risikofaktoren sind die Themen, von denen wir glauben, dass sie die Entscheidungen der Investoren am Wesentlichsten beeinflussen.<\/h2>\n<p>Diese Risikofaktoren wurden unter Ber\u00fccksichtigung der gesch\u00e4ftlichen, finanziellen und sonstigen Aktivit\u00e4ten des Takeuchi Konzerns ausgew\u00e4hlt. Zukunftsgerichtete Aussagen spiegeln die Einsch\u00e4tzungen der Konzernleitung vom 24. Mai 2018 wieder, dem Tag an dem der Wertpapierbericht ver\u00f6ffentlicht wurde.<\/p>\n<ol>\n<li>Wechselkursschwankungen<\/li>\n<li>Preisbewegungen und Beschaffungsprobleme von Rohstoffen<\/li>\n<li>Wirtschafts- und Marktbedingungen<\/li>\n<li>Wettbewerb<\/li>\n<li>Kreditmanagement<\/li>\n<li>Einstellung und Schulung von Mitarbeitern<\/li>\n<li>Umweltvorschriften<\/li>\n<li>Andere Gesetze und Vorschriften<\/li>\n<li>Konzentration von Herstellungsaktivit\u00e4ten an wenigen Standorten<\/li>\n<li>Produktqualit\u00e4t<\/li>\n<li>Informationssicherheit, geistiges Eigentum<\/li>\n<\/ol>\n[\/vc_column_text][\/vc_column][\/vc_row]\n","protected":false},"excerpt":{"rendered":"<p>[vc_row type=&#8221;in_container&#8221; full_screen_row_position=&#8221;middle&#8221; scene_position=&#8221;center&#8221; text_color=&#8221;dark&#8221; text_align=&#8221;left&#8221; top_padding=&#8221;45&#8243; overlay_strength=&#8221;0.3&#8243;][vc_column column_padding=&#8221;no-extra-padding&#8221; column_padding_position=&#8221;all&#8221; background_color_opacity=&#8221;1&#8243; background_hover_color_opacity=&#8221;1&#8243; column_shadow=&#8221;none&#8221; width=&#8221;1\/4&#8243; tablet_text_alignment=&#8221;default&#8221; phone_text_alignment=&#8221;default&#8221; column_border_width=&#8221;none&#8221; column_border_style=&#8221;solid&#8221;][vc_widget_sidebar title=&#8221;Anlegerbeziehungen&#8221; sidebar_id=&#8221;cs-1&#8243;][\/vc_column][vc_column column_padding=&#8221;no-extra-padding&#8221; column_padding_position=&#8221;all&#8221; background_color_opacity=&#8221;1&#8243; background_hover_color_opacity=&#8221;1&#8243; column_shadow=&#8221;none&#8221; width=&#8221;3\/4&#8243; tablet_text_alignment=&#8221;default&#8221; phone_text_alignment=&#8221;default&#8221; column_border_width=&#8221;none&#8221; column_border_style=&#8221;solid&#8221;][vc_column_text]&#8230;<\/p>\n","protected":false},"author":1,"featured_media":0,"parent":0,"menu_order":0,"comment_status":"closed","ping_status":"closed","template":"","meta":{"_acf_changed":false,"footnotes":""},"class_list":["post-6425","page","type-page","status-publish"],"acf":[],"_links":{"self":[{"href":"https:\/\/www.takeuchiglobal.com\/de\/wp-json\/wp\/v2\/pages\/6425","targetHints":{"allow":["GET"]}}],"collection":[{"href":"https:\/\/www.takeuchiglobal.com\/de\/wp-json\/wp\/v2\/pages"}],"about":[{"href":"https:\/\/www.takeuchiglobal.com\/de\/wp-json\/wp\/v2\/types\/page"}],"author":[{"embeddable":true,"href":"https:\/\/www.takeuchiglobal.com\/de\/wp-json\/wp\/v2\/users\/1"}],"replies":[{"embeddable":true,"href":"https:\/\/www.takeuchiglobal.com\/de\/wp-json\/wp\/v2\/comments?post=6425"}],"version-history":[{"count":0,"href":"https:\/\/www.takeuchiglobal.com\/de\/wp-json\/wp\/v2\/pages\/6425\/revisions"}],"wp:attachment":[{"href":"https:\/\/www.takeuchiglobal.com\/de\/wp-json\/wp\/v2\/media?parent=6425"}],"curies":[{"name":"wp","href":"https:\/\/api.w.org\/{rel}","templated":true}]}}