{"id":6459,"date":"2017-01-23T15:22:15","date_gmt":"2017-01-23T15:22:15","guid":{"rendered":"http:\/\/www.takeuchiglobal.com\/?page_id=6459\/"},"modified":"2019-05-31T18:56:18","modified_gmt":"2019-05-31T18:56:18","slug":"presidents-message","status":"publish","type":"page","link":"https:\/\/www.takeuchiglobal.com\/de\/presidents-message\/","title":{"rendered":"President&#8217;s Message"},"content":{"rendered":"[vc_row type=&#8221;in_container&#8221; full_screen_row_position=&#8221;middle&#8221; scene_position=&#8221;center&#8221; text_color=&#8221;dark&#8221; text_align=&#8221;left&#8221; top_padding=&#8221;45&#8243; overlay_strength=&#8221;0.3&#8243; shape_divider_position=&#8221;bottom&#8221; bg_image_animation=&#8221;none&#8221;][vc_column column_padding=&#8221;no-extra-padding&#8221; column_padding_position=&#8221;all&#8221; background_color_opacity=&#8221;1&#8243; background_hover_color_opacity=&#8221;1&#8243; column_link_target=&#8221;_self&#8221; column_shadow=&#8221;none&#8221; column_border_radius=&#8221;none&#8221; width=&#8221;1\/4&#8243; tablet_width_inherit=&#8221;default&#8221; tablet_text_alignment=&#8221;default&#8221; phone_text_alignment=&#8221;default&#8221; column_border_width=&#8221;none&#8221; column_border_style=&#8221;solid&#8221; bg_image_animation=&#8221;none&#8221;][vc_widget_sidebar title=&#8221;Anlegerbeziehungen&#8221; sidebar_id=&#8221;cs-1&#8243;][\/vc_column][vc_column column_padding=&#8221;no-extra-padding&#8221; column_padding_position=&#8221;all&#8221; background_color_opacity=&#8221;1&#8243; background_hover_color_opacity=&#8221;1&#8243; column_link_target=&#8221;_self&#8221; column_shadow=&#8221;none&#8221; column_border_radius=&#8221;none&#8221; width=&#8221;3\/4&#8243; tablet_width_inherit=&#8221;default&#8221; tablet_text_alignment=&#8221;default&#8221; phone_text_alignment=&#8221;default&#8221; column_border_width=&#8221;none&#8221; column_border_style=&#8221;solid&#8221; bg_image_animation=&#8221;none&#8221;][vc_row_inner column_margin=&#8221;default&#8221; text_align=&#8221;left&#8221;][vc_column_inner column_padding=&#8221;no-extra-padding&#8221; column_padding_position=&#8221;all&#8221; background_color_opacity=&#8221;1&#8243; background_hover_color_opacity=&#8221;1&#8243; column_shadow=&#8221;none&#8221; column_border_radius=&#8221;none&#8221; column_link_target=&#8221;_self&#8221; width=&#8221;2\/3&#8243; tablet_width_inherit=&#8221;default&#8221; column_border_width=&#8221;none&#8221; column_border_style=&#8221;solid&#8221; bg_image_animation=&#8221;none&#8221;][vc_column_text el_class=&#8221;btmpad&#8221;]\n<h1>Botschaft des Vorsitzenden<\/h1>\n<h2><\/h2>\n<h2>Vom Pionier zum Weltf\u00fchrer TAKEUCHI<\/h2>\n<p><img loading=\"lazy\" decoding=\"async\" class=\"alignright wp-image-9566 size-medium\" src=\"https:\/\/www.takeuchiglobal.com\/wp-content\/uploads\/2019\/05\/190529_president-Edits-Wedsite-283x300.jpg\" alt=\"\" width=\"283\" height=\"300\" \/>Mit der Entwicklung des weltweit ersten Minibaggers und des weltweit ersten Kompakt-Raupenladers in der Baumaschinenindustrie erschloss der 1963 gegr\u00fcndete Takeuchi-Konzern neue M\u00e4rkte. Mit der kontinuierlichen Erf\u00fcllung globaler Bed\u00fcrfnisse und der Reaktion auf diese mit unseren Produkten haben wir unser Wachstum gemeinsam mit dem Markt fortgesetzt.<\/p>\n<p>Die Hauptmerkmale des Konzerns sind die Produktentwicklung, wobei der gr\u00f6\u00dfte Teil der Produktion in Japan verbleibt. Wir sind ein globales Unternehmen und der gr\u00f6\u00dfte Teil unseres Konzernumsatzes stammt aus Verk\u00e4ufen in \u00dcberseem\u00e4rkten. Dar\u00fcber hinaus ist unser Ruf f\u00fcr die von uns hergestellten Produkte unsere gr\u00f6\u00dfte St\u00e4rke auf dem Markt. Ihre Leistung und Langlebigkeit, ihre einfache Bedienung und ihr Arbeitskomfort haben uns dazu verholfen, unseren hohen Marktanteil zu halten.<\/p>\n<p>Die Idee unseres Firmengr\u00fcnders ist es, \u201eein Produkt zu schaffen, das es bisher nicht gab\u201c, und \u201eein Produkt, das f\u00fcr Menschen n\u00fctzlich ist\u201c. Dieser Geist ist unser Leitsatz und wurde von unserer Firma als Unternehmensphilosophie \u201eVom Pionier zum Weltf\u00fchrer TAKEUCHI\u201c \u00fcbernommen. Mit Blick auf die Zukunft und unter Ber\u00fccksichtigung der Ziele der Vereinten Nationen f\u00fcr nachhaltige Entwicklung hoffen wir, zur Verwirklichung einer umweltfreundlichen und wohlhabenden Gesellschaft beizutragen. Vor allem aber steht \u201eNachhaltige St\u00e4dte und Gemeinden\u201c im Mittelpunkt unseres Konzerngesch\u00e4fts. Durch die Arbeit an einer umweltfreundlichen Produktentwicklung k\u00f6nnen wir einen umfassenden Beitrag zur Gesellschaft leisten. Dies geschieht durch die Entwicklung, Herstellung, den Verkauf und die Wartung unserer Baumaschinen, die einen sichereren, effizienteren und saubereren St\u00e4dtebau erm\u00f6glichen. Dar\u00fcber hinaus f\u00f6rdern wir aktiv ein Arbeitsumfeld, in dem unsere Mitarbeiter in einer gesunden Umgebung arbeiten k\u00f6nnen bei gleichzeitiger Wertsch\u00e4tzung und Unterst\u00fctzung. Mit diesen Bem\u00fchungen ist es unser Ziel, ein Unternehmen zu sein, dem unsere Kunden, Gesch\u00e4ftspartner, Aktion\u00e4re, lokale Gemeinschaften, Mitarbeiter und ihre Familien vertrauen und das von ihnen gesch\u00e4tzt wird.<\/p>\n<p>Wir freuen uns sehr auf die weitere Unterst\u00fctzung und Ermutigung unserer Kunden und Partner in der Zukunft.<\/p>\n<p>TAKEUCHI MFG. CO., LTD<br \/>\nVorsitzender und Generalbevollm\u00e4chtigter<br \/>\nToshiya Takeuchi<\/p>\n[\/vc_column_text][\/vc_column_inner][vc_column_inner column_padding=&#8221;no-extra-padding&#8221; column_padding_position=&#8221;all&#8221; background_color_opacity=&#8221;1&#8243; background_hover_color_opacity=&#8221;1&#8243; column_shadow=&#8221;none&#8221; column_border_radius=&#8221;none&#8221; column_link_target=&#8221;_self&#8221; width=&#8221;1\/3&#8243; tablet_width_inherit=&#8221;default&#8221; column_border_width=&#8221;none&#8221; column_border_style=&#8221;solid&#8221; bg_image_animation=&#8221;none&#8221;][\/vc_column_inner][\/vc_row_inner][\/vc_column][\/vc_row]\n","protected":false},"excerpt":{"rendered":"<p>[vc_row type=&#8221;in_container&#8221; full_screen_row_position=&#8221;middle&#8221; scene_position=&#8221;center&#8221; text_color=&#8221;dark&#8221; text_align=&#8221;left&#8221; top_padding=&#8221;45&#8243; overlay_strength=&#8221;0.3&#8243; shape_divider_position=&#8221;bottom&#8221; bg_image_animation=&#8221;none&#8221;][vc_column column_padding=&#8221;no-extra-padding&#8221; column_padding_position=&#8221;all&#8221; background_color_opacity=&#8221;1&#8243; background_hover_color_opacity=&#8221;1&#8243; column_link_target=&#8221;_self&#8221; column_shadow=&#8221;none&#8221; column_border_radius=&#8221;none&#8221; width=&#8221;1\/4&#8243; tablet_width_inherit=&#8221;default&#8221; tablet_text_alignment=&#8221;default&#8221; phone_text_alignment=&#8221;default&#8221; column_border_width=&#8221;none&#8221; column_border_style=&#8221;solid&#8221; bg_image_animation=&#8221;none&#8221;][vc_widget_sidebar title=&#8221;Anlegerbeziehungen&#8221; sidebar_id=&#8221;cs-1&#8243;][\/vc_column][vc_column column_padding=&#8221;no-extra-padding&#8221; column_padding_position=&#8221;all&#8221; background_color_opacity=&#8221;1&#8243; background_hover_color_opacity=&#8221;1&#8243;&#8230;<\/p>\n","protected":false},"author":1,"featured_media":0,"parent":0,"menu_order":0,"comment_status":"closed","ping_status":"closed","template":"","meta":{"_acf_changed":false,"footnotes":""},"class_list":["post-6459","page","type-page","status-publish"],"acf":[],"_links":{"self":[{"href":"https:\/\/www.takeuchiglobal.com\/de\/wp-json\/wp\/v2\/pages\/6459","targetHints":{"allow":["GET"]}}],"collection":[{"href":"https:\/\/www.takeuchiglobal.com\/de\/wp-json\/wp\/v2\/pages"}],"about":[{"href":"https:\/\/www.takeuchiglobal.com\/de\/wp-json\/wp\/v2\/types\/page"}],"author":[{"embeddable":true,"href":"https:\/\/www.takeuchiglobal.com\/de\/wp-json\/wp\/v2\/users\/1"}],"replies":[{"embeddable":true,"href":"https:\/\/www.takeuchiglobal.com\/de\/wp-json\/wp\/v2\/comments?post=6459"}],"version-history":[{"count":0,"href":"https:\/\/www.takeuchiglobal.com\/de\/wp-json\/wp\/v2\/pages\/6459\/revisions"}],"wp:attachment":[{"href":"https:\/\/www.takeuchiglobal.com\/de\/wp-json\/wp\/v2\/media?parent=6459"}],"curies":[{"name":"wp","href":"https:\/\/api.w.org\/{rel}","templated":true}]}}