{"id":6598,"date":"2017-01-23T22:00:09","date_gmt":"2017-01-23T22:00:09","guid":{"rendered":"http:\/\/www.takeuchiglobal.com\/?page_id=6598\/"},"modified":"2017-01-24T20:11:48","modified_gmt":"2017-01-24T20:11:48","slug":"parts-service","status":"publish","type":"page","link":"https:\/\/www.takeuchiglobal.com\/de\/parts-service\/","title":{"rendered":"Parts &#038; Service &#8211; German"},"content":{"rendered":"[vc_row type=&#8221;in_container&#8221; full_screen_row_position=&#8221;middle&#8221; scene_position=&#8221;center&#8221; text_color=&#8221;dark&#8221; text_align=&#8221;left&#8221; top_padding=&#8221;45&#8243; overlay_strength=&#8221;0.3&#8243;][vc_column column_padding=&#8221;no-extra-padding&#8221; column_padding_position=&#8221;all&#8221; background_color_opacity=&#8221;1&#8243; background_hover_color_opacity=&#8221;1&#8243; width=&#8221;2\/3&#8243; tablet_text_alignment=&#8221;default&#8221; phone_text_alignment=&#8221;default&#8221;][vc_column_text]\n<h1>Original OEM-Teile<\/h1>\n<p>Unsere h\u00f6chste Priorit\u00e4t ist es, Ihre Takeuchi Maschine mit Spitzeneffizienz und Leistungsniveau laufen zu lassen. Durch die Nutzung von original OEM-Ersatzteilen wird eine hohe Nutzungsdauer und eine maximale Rentabilit\u00e4t Ihrer Investition gew\u00e4hrleistet.<\/p>\n<h2>Service vom Feinsten<\/h2>\n<p>Die Minimierung von Ausfallzeiten und die Unterst\u00fctzung bei der Maximierung Ihrer Investition ist eine der h\u00f6chsten Priorit\u00e4ten der von Takeuchi ausgebildeten Service-Techniker. Sie sind auf dem neuesten Stand der Takeuchi Technologie und Service-Techniken, um sicherzugehen, dass Ihre Takeuchi Maschinen Tag f\u00fcr Tag auch unter schwierigen Bedingungen hohe Leistungen bringen.[\/vc_column_text][\/vc_column][vc_column column_padding=&#8221;no-extra-padding&#8221; column_padding_position=&#8221;all&#8221; background_color_opacity=&#8221;1&#8243; background_hover_color_opacity=&#8221;1&#8243; width=&#8221;1\/3&#8243; tablet_text_alignment=&#8221;default&#8221; phone_text_alignment=&#8221;default&#8221;][image_with_animation image_url=&#8221;1070&#8243; alignment=&#8221;&#8221; animation=&#8221;Fade In&#8221; box_shadow=&#8221;none&#8221; max_width=&#8221;100%&#8221;][\/vc_column][\/vc_row]\n","protected":false},"excerpt":{"rendered":"<p>[vc_row type=&#8221;in_container&#8221; full_screen_row_position=&#8221;middle&#8221; scene_position=&#8221;center&#8221; text_color=&#8221;dark&#8221; text_align=&#8221;left&#8221; top_padding=&#8221;45&#8243; overlay_strength=&#8221;0.3&#8243;][vc_column column_padding=&#8221;no-extra-padding&#8221; column_padding_position=&#8221;all&#8221; background_color_opacity=&#8221;1&#8243; background_hover_color_opacity=&#8221;1&#8243; width=&#8221;2\/3&#8243; tablet_text_alignment=&#8221;default&#8221; phone_text_alignment=&#8221;default&#8221;][vc_column_text] Original OEM-Teile Unsere h\u00f6chste Priorit\u00e4t ist es, Ihre Takeuchi Maschine mit Spitzeneffizienz und Leistungsniveau laufen&#8230;<\/p>\n","protected":false},"author":1,"featured_media":0,"parent":0,"menu_order":0,"comment_status":"closed","ping_status":"closed","template":"","meta":{"_acf_changed":false,"footnotes":""},"class_list":["post-6598","page","type-page","status-publish"],"acf":[],"_links":{"self":[{"href":"https:\/\/www.takeuchiglobal.com\/de\/wp-json\/wp\/v2\/pages\/6598","targetHints":{"allow":["GET"]}}],"collection":[{"href":"https:\/\/www.takeuchiglobal.com\/de\/wp-json\/wp\/v2\/pages"}],"about":[{"href":"https:\/\/www.takeuchiglobal.com\/de\/wp-json\/wp\/v2\/types\/page"}],"author":[{"embeddable":true,"href":"https:\/\/www.takeuchiglobal.com\/de\/wp-json\/wp\/v2\/users\/1"}],"replies":[{"embeddable":true,"href":"https:\/\/www.takeuchiglobal.com\/de\/wp-json\/wp\/v2\/comments?post=6598"}],"version-history":[{"count":0,"href":"https:\/\/www.takeuchiglobal.com\/de\/wp-json\/wp\/v2\/pages\/6598\/revisions"}],"wp:attachment":[{"href":"https:\/\/www.takeuchiglobal.com\/de\/wp-json\/wp\/v2\/media?parent=6598"}],"curies":[{"name":"wp","href":"https:\/\/api.w.org\/{rel}","templated":true}]}}