{"id":9087,"date":"2018-07-24T19:48:30","date_gmt":"2018-07-24T19:48:30","guid":{"rendered":"http:\/\/www.takeuchiglobal.com\/terms-conditions\/"},"modified":"2018-09-18T14:19:56","modified_gmt":"2018-09-18T14:19:56","slug":"privacy","status":"publish","type":"page","link":"https:\/\/www.takeuchiglobal.com\/de\/privacy\/","title":{"rendered":"Privacy"},"content":{"rendered":"[vc_row type=&#8221;in_container&#8221; full_screen_row_position=&#8221;middle&#8221; scene_position=&#8221;center&#8221; text_color=&#8221;dark&#8221; text_align=&#8221;left&#8221; overlay_strength=&#8221;0.3&#8243;][vc_column column_padding=&#8221;no-extra-padding&#8221; column_padding_position=&#8221;all&#8221; background_color_opacity=&#8221;1&#8243; background_hover_color_opacity=&#8221;1&#8243; column_shadow=&#8221;none&#8221; width=&#8221;1\/6&#8243; tablet_text_alignment=&#8221;default&#8221; phone_text_alignment=&#8221;default&#8221; column_border_width=&#8221;none&#8221; column_border_style=&#8221;solid&#8221;][\/vc_column][vc_column column_padding=&#8221;no-extra-padding&#8221; column_padding_position=&#8221;all&#8221; background_color_opacity=&#8221;1&#8243; background_hover_color_opacity=&#8221;1&#8243; column_shadow=&#8221;none&#8221; width=&#8221;2\/3&#8243; tablet_text_alignment=&#8221;default&#8221; phone_text_alignment=&#8221;default&#8221; column_border_width=&#8221;none&#8221; column_border_style=&#8221;solid&#8221;][vc_column_text]\n<h1>Datenschutzrichtlinie<\/h1>\n<h2>Stichtag: 6. August 2018<\/h2>\n<p>Takeuchi Mfg. Co. Ltd., inklusive den Tochtergesellschaften in den USA, UK und Frankreich (zusammen bekannt als \u201eTakeuchi\u201c oder \u201eWir\u201c) verpflichtet sich, Ihre Privatsph\u00e4re zu sch\u00fctzen, einschlie\u00dflich die der Mitarbeiter von Takeuchi, unserer H\u00e4ndler und Kunden, der Nutzer unserer Maschinen und der Besucher unserer Webseiten und Webpages. Diese Datenschutzrichtlinie beschreibt, wie Takeuchi Ihre pers\u00f6nlichen Daten verarbeiten und sch\u00fctzen wird.<\/p>\n<p>Wir verwenden Ihre Daten, um den Dienst anzubieten und zu verbessern. Indem Sie den Dienst nutzen, stimmen Sie der Sammlung und Verwendung von Informationen gem\u00e4\u00df dieser Richtlinie zu. Wenn in dieser Datenschutzrichtlinie nicht anders definiert, haben die Bestimmungen, die in dieser Datenschutzrichtlinie Anwendung finden dieselbe Bedeutung, wie in unseren Gesch\u00e4ftsbedingungen, auf die Sie unter www.takeuchiglobal.com zugreifen k\u00f6nnen.<\/p>\n<p><strong>Definitionen<\/strong><\/p>\n<p><strong>Dienst<\/strong><\/p>\n<p>Der Dienst ist die www.takeuchiglobal.com Webseite, welche von der Takeuchi Group betrieben wird.<\/p>\n<p><strong>Pers\u00f6nliche Daten<\/strong><\/p>\n<p>Pers\u00f6nliche Daten sind alle Informationen mit Bezug zu einer identifizierten oder identifizierbaren nat\u00fcrlichen Person, welche eine Person ist, die direkt oder indirekt identifiziert werden kann, insbesondere durch Referenz auf einen Indikator, wie einen Namen, eine Identifikationsnummer, Standortdaten, einen Online-Identifikator oder auf einen oder mehrere Faktoren, die f\u00fcr die physische, physiologische, genetische, mentale, wirtschaftliche, kulturelle oder soziale Identit\u00e4t dieser nat\u00fcrlichen Person spezifisch sind.\u00a0 Dies basiert auf der Definition, die in der Datenschutz-Grundverordnung der EU verwendet wird.<\/p>\n<p><strong>Nutzungsdaten<\/strong><\/p>\n<p>Nutzungsdaten sind Daten, die automatisch gesammelt werden, entweder generiert durch die Nutzung des Dienstes oder durch die Infrastruktur des Dienstes (beispielsweise die dauer des Seitenbesuchs).<\/p>\n<p><strong>Cookies<\/strong><\/p>\n<p>Cookies sind kleine Mengen an Daten, die auf Ihrem Ger\u00e4t (Computer oder mobiles Ger\u00e4t) gespeichert werden.<\/p>\n<p><strong>Informationssammlung und Verwendung<\/strong><\/p>\n<p>Wir sammeln verschiedene Arten von Informationen zu verschiedenen Zwecken, um Ihnen unseren Dienst zur Verf\u00fcgung zu stellen und ihn Ihnen anzubieten.<\/p>\n<p><strong>Arten gesammelter Daten<\/strong><\/p>\n<p><strong>Pers\u00f6nliche Daten<\/strong><\/p>\n<p>Es kann sein, dass wir Sie w\u00e4hrend der Nutzung unseres Dienstes bitten, uns bestimmte personenbezogene Daten zur Verf\u00fcgung zu stellen, die genutzt werden k\u00f6nnen, um Sie zu kontaktieren oder identifizieren (\u201ePers\u00f6nliche Daten\u201c). Personenbezogene Daten k\u00f6nnen beinhalten, sind aber nicht beschr\u00e4nkt auf:<\/p>\n<ul>\n<li>E-Mail-Adresse<br \/>\n\u2022 Vorname und Nachname<br \/>\n\u2022 Telefonnummer<br \/>\n\u2022 Adresse, Staat, Bezirk, PLZ, Stadt<br \/>\n\u2022 Cookies und Nutzungsdaten<br \/>\nEs kann sein, dass wir Ihre pers\u00f6nlichen Daten verwenden, um Sie mit Newslettern, Marketing- oder Werbematerialien und anderen Informationen, die f\u00fcr Sie interessant sein k\u00f6nnten, zu kontaktieren. Sie k\u00f6nnen den Erhalt jeglicher oder aller Kommunikationsmaterialien von uns jederzeit beenden, indem Sie dem \u201eUnsubscribe\u201c-Link folgen oder den Anweisungen folgen, die wir mit jeder unserer E-Mails senden.<\/li>\n<\/ul>\n<p><strong>Nutzungsdaten<\/strong><\/p>\n<p>Es kann auch sein, dass wir Informationen dar\u00fcber sammeln, wie auf den Dienst zugegriffen wird oder wie dieser genutzt wird (\u201eNutzungsdaten\u201c). Diese Nutzungsdaten k\u00f6nnen Informationen beinhalten, wie die Internet-Protocol-Adresse (z.B. IP-Adresse), Browserart, Browserversion, die Seiten unseres Dienstes, die Sie besuchen, die Zeit und das Datum Ihres Besuchs, die Zeit, die Sie auf diesen Seiten verbracht haben, eindeutige Ger\u00e4tekennungen und andere diagnostische Daten.<\/p>\n<p><strong>Standortdaten<\/strong><\/p>\n<p>Es kann sein, dass wir Informationen \u00fcber Ihren Standort verwenden und speichern, wenn Sie uns die Erlaubnis geben, dies zu tun (\u201eStandortdaten\u201c). Wir verwenden diese Daten, um Funktionalit\u00e4ten unseres Dienstes bereitzustellen, um unseren Dienst zu verbessern und anzupassen.<\/p>\n<p>Sie k\u00f6nnen Standortdienste bei der Nutzung des Dienstes jederzeit in den Ger\u00e4teeinstellungen aktivieren oder deaktivieren.<\/p>\n<p><strong>Tracking- und Cookiedaten<\/strong><\/p>\n<p>Wir verwenden Cookies und \u00e4hnliche Tracking-Technologien, um die Aktivit\u00e4t auf unserem Dienst zu tracken und bestimmte Informationen zu haben.<\/p>\n<p>Cookies sind Dateien mit einer geringen Datenmenge, die einen anonymen Identifizierungscode beinhalten k\u00f6nnen. Cookies werden von einer Webseite aus an Ihren Browser gesendet und auf Ihrem Ger\u00e4t gespeichert. Tracking-Technologien werden auch als Beacons, Tags und Skripte verwendet, um Informationen zu sammeln und tracken und unseren Dienst zu verbessern und analysieren.<\/p>\n<p>Sie k\u00f6nnen Ihren Browser anweisen, alle Cookies abzulehnen oder anzuzeigen, wenn ein Cookie gesendet wird. Wenn Sie jedoch keine Cookies akzeptieren, kann es sein, dass Sie einige teile unseres Dienstes nicht nutzen k\u00f6nnen.<\/p>\n<p>Beispiele von Cookies, die wir verwenden:<\/p>\n<ul>\n<li>Sitzungscookies. Wir verwenden Sitzungscookies, um unseren Dienst zu betreiben.<br \/>\n\u2022 Pr\u00e4ferenzcookies. Wir verwenden Pr\u00e4ferenzcookies, um uns Ihre Pr\u00e4ferenzen und verschiedene Einstellungen zu merken.<br \/>\n\u2022 Sicherheitscookies. Wir verwenden Sicherheitscookies zu Sicherheitszwecken<\/li>\n<\/ul>\n<p><strong>Datennutzung<\/strong><\/p>\n<p>Takeuchi Mfg. Co. Ltd. verwendet die gesammelten Daten zu verschiedenen Zwecken:<br \/>\n\u2022 Um unseren Dienst anzubieten und zu erhalten<br \/>\n\u2022 Um Sie \u00fcber \u00c4nderungen an unserem Dienst zu informieren<br \/>\n\u2022 Um es Ihnen zu erm\u00f6glichen, an interaktiven Funktionalit\u00e4ten unseres Dienstes teilzuhaben, wenn Sie sich daf\u00fcr entscheiden<br \/>\n\u2022 Um einen Kundendienst bereitzustellen<br \/>\n\u2022 Um Analyse- oder wertvolle Informationen zu sammeln, so dass wir unseren Dienst verbessern k\u00f6nnen<br \/>\n\u2022 Um die Nutzung unseres Dienstes zu \u00fcberwachen<br \/>\n\u2022 Um technische Probleme zu erkennen, verhindern und zu beheben<br \/>\n\u2022 Um Sie mit Neuigkeiten, Sonderangeboten und generellen Informationen \u00fcber andere G\u00fcter, Dienste und Veranstaltungen, die wir anbieten zu versorgen, die denjenigen, die Sie bereits gekauft haben oder nach denen Sie sich erkundigt haben, \u00e4hnlich sind, au\u00dfer Sie haben entscheiden, derartige Informationen nicht zu erhalten<\/p>\n<p><strong>Rechtliche Grundlage f\u00fcr die Verarbeitung von Daten gem\u00e4\u00df der Datenschutz-Grundverordnung (DSGVO)<\/strong><\/p>\n<p>Die rechtliche Grundlage der Takeuchi Mfg. Co. Ltd. f\u00fcr das Sammeln und Nutzen der in dieser Datenschutzrichtlinie beschriebenen pers\u00f6nlichen Informationen ist abh\u00e4ngig von den pers\u00f6nlichen Daten, die wir sammeln, und dem spezifischen Kontext in dem wir sie sammeln.<\/p>\n<p>Takeuchi Mfg. Co. Ltd. darf Ihre pers\u00f6nlichen Daten verarbeiten weil:<br \/>\n\u2022 Wir einen Vertrag mit Ihnen erf\u00fcllen m\u00fcssen<br \/>\n\u2022 Sie uns die Erlaubnis daf\u00fcr gegeben haben<br \/>\n\u2022 Das Verarbeiten in unserem berechtigten Interesse ist und nicht durch Ihre Rechte au\u00dfer Kraft gesetzt wird<br \/>\n\u2022 Wir dem Gesetz zu entsprechen<\/p>\n<p><strong>Datenhaltung<\/strong><\/p>\n<p>Takeuchi Mfg. Co. Ltd. wird Ihre pers\u00f6nliche Daten nur so lange halten, wie es zu den in dieser Datenschutzrichtlinie genannten Zwecken n\u00f6tig ist. Wir werden Ihre pers\u00f6nlichen Daten halten und nutzen in dem Ma\u00dfe, wie dies zur Erf\u00fcllung unserer gesetzlichen Verpflichtungen n\u00f6tig ist (beispielsweise wenn erforderlich ist, dass wir Ihre Daten halten, um anwendbare Gesetze einzuhalten), zur Beilegung von Streitigkeiten und Durchsetzung unserer rechtlichen Vereinbarungen und Richtlinien.<\/p>\n<p>Takeuchi Mfg. Co. Ltd. wird auch Nutzungsdaten zu internen Analysezwecken halten. Nutzungsdaten werden generell f\u00fcr einen k\u00fcrzeren Zeitraum gehalten, au\u00dfer wenn diese Daten verwendet werden, um die Sicherheit zu st\u00e4rken oder die Funktionalit\u00e4t unseres Dienstes zu verbessern, oder wenn wir gesetzlich verpflichtet sind, diese Daten f\u00fcr l\u00e4ngere Zeitr\u00e4ume zu halten.<\/p>\n<p><strong>Datentransfer<\/strong><\/p>\n<p>Ihre Informationen, einschlie\u00dflich pers\u00f6nliche Daten, d\u00fcrfen \u00fcbertragen werden an \u2014 und gehalten werden auf \u2014 Computer, die sich au\u00dferhalb Ihrem Staat, Ihres Bezirks, Landes oder anderen Regierungszust\u00e4ndigkeit befindet, wo Datenschutzgesetze von denen Ihrer Zust\u00e4ndigkeit abweichen k\u00f6nnen.<\/p>\n<p>Ihre Informationen werden eventuell an ein anderes Land \u00fcbertragen.\u00a0 Ihre Zustimmung zu dieser Datenschutzbestimmung, gefolgt von einer \u00dcbermittlung von solchen Informationen stellt Ihr Einverst\u00e4ndnis zu dieser \u00dcbermittlung dar.<\/p>\n<p>Takeuchi Mfg. Co. Ltd. wird alle vern\u00fcnftigerweise erforderlichen Schritte unternehmen, um sicherzustellen, dass Ihre Daten sicher und gem\u00e4\u00df dieser Datenschutzbestimmung behandelt werden und dass keine \u00dcbertragung Ihrer pers\u00f6nlichen Daten an ein Unternehmen oder Land stattfinden wird, au\u00dfer wenn ausreichend Kontrollsysteme vorhanden sind, einschlie\u00dflich zur Sicherheit Ihrer Daten und anderen pers\u00f6nlichen Informationen.<\/p>\n<p><strong>Offenlegung von Daten<\/strong><\/p>\n<p><strong>Rechtliche Anforderungen<\/strong><\/p>\n<p>Takeuchi Mfg. Co. Ltd. darf Ihre Daten offen legen im guten Glauben, dass dies erforderlich ist, um:<br \/>\n\u2022 Einer rechtlichen Verpflichtung gerecht zu warden<br \/>\n\u2022 Um berechtigte Interessen der Takeuchi Group zu verfolgen, au\u00dfer diese werden durch Ihre Grundrechte au\u00dfer Kraft gesetzt<br \/>\n\u2022 Um ein m\u00f6gliches Fehlverhalten im Zusammenhang mit dem Dienst zu verhindern oder untersuchen<br \/>\n\u2022 Um die pers\u00f6nliche Sicherheit von Nutzern des Dienstes oder der \u00d6ffentlichkeit zu sch\u00fctzen<br \/>\n\u2022 Um sich gegen gesetzliche Haftpflichtanspr\u00fcche abzusichern<\/p>\n<p><strong>Datensicherheit<\/strong><\/p>\n<p>Die Sicherheit Ihrer Daten ist uns wichtig, denken Sie aber daran, dass keine \u00dcbertragungsmethode \u00fcber das Internet oder elektronische Speichermethode 100% sicher ist. Obwohl wir bem\u00fcht sind, wirtschaftlich akzeptable Methoden zu verwenden, um Ihre pers\u00f6nlichen Daten zu sch\u00fctzen, k\u00f6nnen wir deren vollkommene Sicherheit nicht garantieren.<\/p>\n<p>Sie k\u00f6nnen Ihren Browser so einstellen, dass er alle oder einige Browsercookies ablehnt oder Sie aufmerksam macht, wenn Webseiten Cookies setzen oder auf diese zugreifen. Sollte Sie Cookies deaktivieren oder ablehnen, beachten Sie bitte, dass einige Funktionalit\u00e4ten der Takeuchi Group Webseite eventuell unzug\u00e4nglich werden oder nicht ordnungsgem\u00e4\u00df funktionieren.<\/p>\n<p><strong>Ihre Datenschutzrechte gem\u00e4\u00df Datenschutz-Grundverordnung (DSGVO)<\/strong><\/p>\n<p>Die Takeuchi Group zielt darauf ab, angemessene Schritte zu unternehmen, um Ihnen die Korrektur, \u00c4nderung, L\u00f6schung oder Nutzungsbeschr\u00e4nkung Ihrer pers\u00f6nlichen Daten zu erm\u00f6glichen.<\/p>\n<p>Wenn Sie informiert werden m\u00f6chten, welche pers\u00f6nlichen Daten wir von Ihnen halten und wenn Sie m\u00f6chten, dass diese aus unseren Systemen entfernt werden, kontaktieren Sie uns bitte.<\/p>\n<p>Unter bestimmten Umst\u00e4nden haben Sie die folgenden Datenschutzrechte:<br \/>\n\u2022 Das Recht, auf die Informationen, die wir von Ihnen haben, zuzugreifen, diese zu aktualisieren oder l\u00f6schen. Wann immer m\u00f6glich, k\u00f6nnen Sie auf Ihre pers\u00f6nlichen Daten direkt im Bereich Ihrer Kontoeinstellungen zugreifen, diese aktualisieren oder deren L\u00f6schung anfordern. Sollten Sie diese Handlungen nicht selber vornehmen k\u00f6nnen, kontaktieren Sie uns bitte, um Sie zu unterst\u00fctzen.<br \/>\n\u2022 Das Recht auf Berichtigung. Sie haben das Recht, dass Ihre Informationen berichtigt werden, wenn dies Informationen nicht korrekt oder unvollst\u00e4ndig sind.<br \/>\n\u2022 Das recht auf Widerspruch. Sie haben das Recht der Verarbeitung Ihrer pers\u00f6nlichen Daten zu widersprechen.<br \/>\n\u2022 Das Recht auf Einschr\u00e4nkung. Sie haben das recht zu fordern, dass wir die Verarbeitung Ihrer pers\u00f6nlichen Informationen einschr\u00e4nken.<br \/>\n\u2022 Das Recht auf Daten\u00fcbertragbarkeit. Sie haben das Recht, eine Kopie der Informationen, die wir \u00fcber Sie haben, in einem strukturierten, maschinenlesbaren und g\u00e4ngigen Format zu erhalten.<br \/>\n\u2022 Das Recht auf Widerruf der Einwilligung. Sie haben auch das Recht, Ihre Einwilligung jederzeit zu widerrufen, wenn Takeuchi Mfg. Co. Ltd. f\u00fcr die Verarbeitung Ihrer pers\u00f6nlichen Information Ihre Einwilligung eingeholt hat.<\/p>\n<p>Bitte beachten Sie, dass wir Sie vielleicht bitten, Ihre Identit\u00e4t zu verifizieren, bevor wir auf derartige Anfragen reagieren.<\/p>\n<p>Sie haben das Recht, sich \u00fcber unser Sammeln und Nutzen Ihrer pers\u00f6nlichen Daten bei einer Datenschutzbeh\u00f6rde zu beschweren. F\u00fcr weitere Informationen kontaktieren Sie bitte Ihre lokale Datenschutzbeh\u00f6rde.<\/p>\n<p><strong>Dienstleister<\/strong><\/p>\n<p>Es kann sein, dass wir Drittanbieter und Drittpersonen anstellen, um unseren Dienst zu unterst\u00fctzen (\u201eDienstleister\u201c), um f\u00fcr uns den Dienst zu erbringen, auf den Dienst bezogene Dienst bereitzustellen oder um uns in der Analyse zu unterst\u00fctzen, wie unser Dienst genutzt wird.<\/p>\n<p>Diese Dritten haben Zugriff auf Ihre pers\u00f6nlichen Daten nur, um diese Aufgaben in unserem Namen durchzuf\u00fchren und sind verpflichtet, diese nicht zu ver\u00f6ffentlichen oder zu anderen Zwecken zu verwenden.<\/p>\n<p><strong>Analyse<\/strong><\/p>\n<p>Es kann sein, dass wir Drittanbieter nutzen, um die Nutzung unseres Dienstes zu \u00fcberwachen und analysieren.<\/p>\n<ul>\n<li>Google Analytics<br \/>\nGoogle Analytics ist ein Webanalyse-Dienst, der von Google angeboten wird und Website-Verkehr trackt und berichtet. Google verwendet die gesammelten Daten, um die Nutzung unseres Dienstes zu tracken und \u00fcberwachen. Diese Daten werden mit anderen Google Diensten geteilt. Google kann die gesammelten Daten verwenden, um die Anzeigen von deren eigenem Werbenetzwerk in Kontext zu setzen und zu personalisieren.<\/li>\n<\/ul>\n<p>Sie k\u00f6nnen sich dagegen entscheiden, dass Ihre Aktivit\u00e4ten auf dem Dienst Google Analytics zur Verf\u00fcgung gestellt werden, indem Sie das Deaktivierungs-Add-on f\u00fcr Browser von Google Analytics installieren. Das Add-on verhindert, dass das Google Analytics JavaScript (ga.js, analytics.js und dc.js) Informationen \u00fcber Besuchsaktivit\u00e4ten mit Google Analytics teilt.<\/p>\n<p>F\u00fcr weitere Informationen \u00fcber die Datenschutzpraktiken von Google, besuchen Sie bitte die Google Webseite zu Datenschutz und Gesch\u00e4ftsbedingungen: <a href=\"https:\/\/policies.google.com\/privacy?hl=de\" target=\"_blank\" rel=\"noopener\">https:\/\/policies.google.com\/privacy?hl=de<\/a><\/p>\n<p><strong>Links auf andere Seiten<\/strong><\/p>\n<p>Unser Dienst kann Links zu anderen Seiten beinhalten, die nicht von uns betrieben werden. Sollten Sie auf einen Link eines Dritten klicken, dann werden Sie zu der Seite dieses Dritten weitergeleitet. Wir raten Ihnen dringend, die Datenschutzrichtlinie jeder Seite, die Sie besuchen, zu \u00fcberpr\u00fcfen.<\/p>\n<p>Wir haben keine Kontrolle \u00fcber und \u00fcbernehmen keine Verantwortung f\u00fcr den Inhalt, Datenschutzrichtlinien oder Verfahrensweisen von jeglichen Webseiten oder Diensten Dritter.<\/p>\n<p><strong>Datenschutz von Kindern<\/strong><\/p>\n<p>Unsere Dienst spricht keinen unter 18 Jahren an (\u201eKinder\u201c).<\/p>\n<p>Wir sammeln nicht wissentlich personenbezogene Daten von jemandem der unter 18 Jahre alt ist. Sollten Sie ein Elternteil oder Vormund sein und Sie bekommen mit, dass Ihr Kind uns pers\u00f6nliche Daten bereitgestellt hat, kontaktieren Sie uns bitte. Sollte uns bekannt werden, dass wir ohne Zustimmung der Eltern pers\u00f6nliche Daten von Kindern gesammelt haben, unternehmen wir Schritte, um diese Informationen von unseren Servern zu entfernen.<\/p>\n<p><strong>\u00c4nderungen an dieser Datenschutzrichtlinie<\/strong><\/p>\n<p>Es kann sein, dass wir diese Datenschutzrichtlinie von Zeit zu Zeit anpassen. Wir werden Sie \u00fcber alle \u00c4nderungen informieren, indem wir die neue Datenschutzrichtlinie auf dieser Seite ver\u00f6ffentlichen.<\/p>\n<p>Wir werden es Ihnen per E-Mail und\/oder einem prominenten Hinweis auf unserem Dienst mitteilen, bevor die \u00c4nderung wirksam wird und den \u201eStichtag\u201c oben auf dieser Datenschutzrichtlinie aktualisieren.<\/p>\n<p>Sie werden angehalten, diese Datenschutzrichtlinie nach \u00c4nderungen durchzusehen. \u00c4nderungen an dieser DAtenschutzrichtlinie sind wirksam, sobald Sie auf dieser Seite ver\u00f6ffentlicht wurden.<\/p>\n<p><strong>Kontaktieren Sie uns<\/strong><\/p>\n<p>Sollten Sie Fragen \u00fcber diese Datenschutzrichtlinie haben, kontaktieren Sie uns bitte:<br \/>\n\u2022 Per E-Mail: <a href=\"mailto:privacy@takeuchi-us.com\">privacy@takeuchi-us.com<\/a><br \/>\n\u2022 Indem Sie diese Seite auf unserer Webseite besuchen: <a href=\"http:\/\/www.takeuchiglobal.com\/privacy\">www.takeuchiglobal.com\/privacy<\/a><br \/>\n\u2022 Per Telefon: 00 1 706.693.3600<br \/>\n\u2022 Per Post: 519 Bonnie Valentine Way, Pendergrass, Georgia 30567[\/vc_column_text][\/vc_column][vc_column column_padding=&#8221;no-extra-padding&#8221; column_padding_position=&#8221;all&#8221; background_color_opacity=&#8221;1&#8243; background_hover_color_opacity=&#8221;1&#8243; column_shadow=&#8221;none&#8221; width=&#8221;1\/6&#8243; tablet_text_alignment=&#8221;default&#8221; phone_text_alignment=&#8221;default&#8221; column_border_width=&#8221;none&#8221; column_border_style=&#8221;solid&#8221;][\/vc_column][\/vc_row]\n","protected":false},"excerpt":{"rendered":"<p>[vc_row type=&#8221;in_container&#8221; full_screen_row_position=&#8221;middle&#8221; scene_position=&#8221;center&#8221; text_color=&#8221;dark&#8221; text_align=&#8221;left&#8221; overlay_strength=&#8221;0.3&#8243;][vc_column column_padding=&#8221;no-extra-padding&#8221; column_padding_position=&#8221;all&#8221; background_color_opacity=&#8221;1&#8243; background_hover_color_opacity=&#8221;1&#8243; column_shadow=&#8221;none&#8221; width=&#8221;1\/6&#8243; tablet_text_alignment=&#8221;default&#8221; phone_text_alignment=&#8221;default&#8221; column_border_width=&#8221;none&#8221; column_border_style=&#8221;solid&#8221;][\/vc_column][vc_column column_padding=&#8221;no-extra-padding&#8221; column_padding_position=&#8221;all&#8221; background_color_opacity=&#8221;1&#8243; background_hover_color_opacity=&#8221;1&#8243; column_shadow=&#8221;none&#8221; width=&#8221;2\/3&#8243; tablet_text_alignment=&#8221;default&#8221; phone_text_alignment=&#8221;default&#8221; column_border_width=&#8221;none&#8221; column_border_style=&#8221;solid&#8221;][vc_column_text] Datenschutzrichtlinie Stichtag: 6&#8230;.<\/p>\n","protected":false},"author":2,"featured_media":0,"parent":0,"menu_order":0,"comment_status":"closed","ping_status":"closed","template":"","meta":{"_acf_changed":false,"footnotes":""},"class_list":["post-9087","page","type-page","status-publish"],"acf":[],"_links":{"self":[{"href":"https:\/\/www.takeuchiglobal.com\/de\/wp-json\/wp\/v2\/pages\/9087","targetHints":{"allow":["GET"]}}],"collection":[{"href":"https:\/\/www.takeuchiglobal.com\/de\/wp-json\/wp\/v2\/pages"}],"about":[{"href":"https:\/\/www.takeuchiglobal.com\/de\/wp-json\/wp\/v2\/types\/page"}],"author":[{"embeddable":true,"href":"https:\/\/www.takeuchiglobal.com\/de\/wp-json\/wp\/v2\/users\/2"}],"replies":[{"embeddable":true,"href":"https:\/\/www.takeuchiglobal.com\/de\/wp-json\/wp\/v2\/comments?post=9087"}],"version-history":[{"count":0,"href":"https:\/\/www.takeuchiglobal.com\/de\/wp-json\/wp\/v2\/pages\/9087\/revisions"}],"wp:attachment":[{"href":"https:\/\/www.takeuchiglobal.com\/de\/wp-json\/wp\/v2\/media?parent=9087"}],"curies":[{"name":"wp","href":"https:\/\/api.w.org\/{rel}","templated":true}]}}