{"id":9204,"date":"2018-08-24T20:12:59","date_gmt":"2018-08-24T20:12:59","guid":{"rendered":"http:\/\/www.takeuchiglobal.com\/?page_id=9204\/"},"modified":"2018-09-07T19:19:18","modified_gmt":"2018-09-07T19:19:18","slug":"terms-and-conditions","status":"publish","type":"page","link":"https:\/\/www.takeuchiglobal.com\/de\/terms-and-conditions\/","title":{"rendered":"Terms and Conditions"},"content":{"rendered":"[vc_row type=&#8221;in_container&#8221; full_screen_row_position=&#8221;middle&#8221; scene_position=&#8221;center&#8221; text_color=&#8221;dark&#8221; text_align=&#8221;left&#8221; overlay_strength=&#8221;0.3&#8243;][vc_column column_padding=&#8221;no-extra-padding&#8221; column_padding_position=&#8221;all&#8221; background_color_opacity=&#8221;1&#8243; background_hover_color_opacity=&#8221;1&#8243; column_shadow=&#8221;none&#8221; width=&#8221;1\/6&#8243; tablet_text_alignment=&#8221;default&#8221; phone_text_alignment=&#8221;default&#8221; column_border_width=&#8221;none&#8221; column_border_style=&#8221;solid&#8221;][\/vc_column][vc_column column_padding=&#8221;no-extra-padding&#8221; column_padding_position=&#8221;all&#8221; background_color_opacity=&#8221;1&#8243; background_hover_color_opacity=&#8221;1&#8243; column_shadow=&#8221;none&#8221; width=&#8221;2\/3&#8243; tablet_text_alignment=&#8221;default&#8221; phone_text_alignment=&#8221;default&#8221; column_border_width=&#8221;none&#8221; column_border_style=&#8221;solid&#8221;][vc_column_text]\n<h1>Gesch\u00e4ftsbedingungen<\/h1>\n<h2>Zuletzt aktualisiert: 30. Juli 2018<\/h2>\n<p>Takeuchi Mfg. Co. Ltd., inklusive den Tochtergesellschaften in den USA, UK und Frankreich (zusammen bekannt als \u201eTakeuchi\u201c oder \u201eWir\u201c) verpflichtet sich, Ihre Privatsph\u00e4re zu sch\u00fctzen, einschlie\u00dflich die der Mitarbeiter von Takeuchi, unserer H\u00e4ndler und Kunden, der Nutzer unserer Maschinen und der Besucher unserer Webseiten und Webpages.\u00a0 Diese Datenschutzrichtlinie beschreibt, wie Takeuchi Ihre pers\u00f6nlichen Daten verarbeiten und sch\u00fctzen wird.<\/p>\n<p>Ihr Zugriff auf und die Nutzung des Dienstes obliegt der Bedingung Ihrer Akzeptanz und Einhaltung dieser Gesch\u00e4ftsbedingungen. Diese Gesch\u00e4ftsbedingungen gelten f\u00fcr alle Besucher, Nutzer und andere, die auf unseren Dienst zugreifen m\u00f6chten oder diesen nutzen.<\/p>\n<p>Indem Sie auf den Dienst zugreifen oder ihn nutzen, stimmen Sie zu, an diese Gesch\u00e4ftsbedingungen gebunden zu sein. Sollten Sie mit irgendeinem Teil der Gesch\u00e4ftsbedingungen nicht \u00fcbereinstimmen, d\u00fcrfen Sie nicht auf den Dienst zugreifen.<\/p>\n<p><strong>Intellektuelles Eigentum\u00a0 <\/strong><\/p>\n<p>Der Dienst und sein urspr\u00fcnglicher Inhalt, die Merkmale und Funktionalit\u00e4ten\u00a0 sind und bleiben Eigentum der Takeuchi MFG. Ltd. Und von deren Lizenzgebern. Der Dienst ist durch Urheberrechte, Warenzeichen, und andere Gesetze sowohl der Vereinigten Staaten, als auch anderer L\u00e4nder gesch\u00fctzt. Unsere Marken und Markenzeichen d\u00fcrfen nicht in Verbindung mit irgendeinem Produkt oder Dienst genutzt werden, ohne vorherige schriftliche Zustimmung von Takeuchi Mfg. Co. Ltd.<\/p>\n<p><strong>Links auf andere Webseiten\u00a0 <\/strong><\/p>\n<p>Unser Dienst darf keine Links zu Webseiten oder Diensten Dritter beinhalten, die nicht im Besitz der Takeuchi Mfg. Co. Ltd. ist oder durch sie kontrolliert wird.<\/p>\n<p>Takeuchi Mfg. Co. Ltd. hat keine Kontrolle \u00fcber und \u00fcbernimmt keine Verantwortung f\u00fcr den Inhalt, Datenschutzrichtlinien oder Verfahrensweisen von jeglichen Webseiten oder Diensten Dritter. Wir \u00fcbernehmen keine Garantie f\u00fcr die Angebote von einer von diesen Institutionen\/Personen oder deren Webseiten.<\/p>\n<p>Sie nehmen zur Kenntnis und erkl\u00e4ren sich einverstanden, dass TAKEUCHI MFG CO LTD weder direkt noch indirekt verantwortlich oder haftbar f\u00fcr jeglichen Schaden oder Verlust ist, der (vermeintlich) durch oder in Verbindung mit der Nutzung oder dem Vertrauen auf derartige Inhalte, G\u00fcter oder Dienste, die auf solchen Webseiten oder Diensten Dritter verf\u00fcgbar sind, entsteht.<\/p>\n<p>Wir raten Ihnen dringend, die Gesch\u00e4ftsbedingungen und Datenschutzerkl\u00e4rungen aller Webseiten und Dienste Dritter, die Sie besuchen, zu lesen.<\/p>\n<p><strong>K\u00fcndigung<\/strong><\/p>\n<p>Wir d\u00fcrfen Ihren Zugriff auf den Dienst sofort ohne vorherige Ank\u00fcndigung und Haftung nach eigenem Ermessen aus jedem erdenklichen Grund und ohne beenden oder aussetzen, einschlie\u00dflich, aber nicht beschr\u00e4nkt auf eine Verletzung der Bestimmungen.<\/p>\n<p>Alle Bestimmungen der Gesch\u00e4ftsbedingungen, die ihrer Natur nach eine K\u00fcndigung \u00fcberdauern sollten, sollen die K\u00fcndigung \u00fcberdauern, einschlie\u00dflich, ohne Einschr\u00e4nkung, Eigentumsbestimmungen,\u00a0 Haftungsausschl\u00fcsse, Entsch\u00e4digung und Haftungsbeschr\u00e4nkungen.<\/p>\n<p><strong>Schadloshaltung<\/strong><\/p>\n<p>Unter keinen Umst\u00e4nden soll Takeuchi Mfg. Co. Ltd. oder deren Vorst\u00e4nde, Mitarbeiter, Partner, Agenten, Lieferanten oder Tochtergesellschaften haftbar sein f\u00fcr jegliche indirekte, geh\u00f6rige, besondere, Folge- oder strafende Sch\u00e4den, einschlie\u00dflich und ohne Einschr\u00e4nkung Gewinnverlust, Datenverlust, Nutzungsausfall, Imageverlust oder andere nicht-gegenst\u00e4ndliche Verluste resultierend aus (i) Ihrem Zugriff auf oder der Nutzung oder der Unf\u00e4higkeit des Zugriffs oder der Nutzung des Dienstes; (ii) dem Verhalten oder Inhalten von Dritten auf dem Dienst; (iii) jeglichen von dem Dienst bezogenen Inhalten; und (iv) dem\/r unberechtigten Zugriff, Nutzung oder Ver\u00e4nderung Ihrer \u00dcbertragung oder des Inhalts, ob auf Basis einer Garantie, eines Vertrags, einer unerlaubten Handlung (einschlie\u00dflich Fahrl\u00e4ssigkeit) oder aus einem anderen rechtlichen Grund, egal ob wir \u00fcber die M\u00f6glichkeit eines solchen Schadens informiert wurden oder nicht und selbst wenn eine hier festgelegte Entsch\u00e4digung ihren grundlegenden Zweck verfehlt hat.<\/p>\n<p><strong>Haftungsausschluss<\/strong><\/p>\n<p>Ihre Nutzung des Dienstes unterliegt Ihrem alleinigen Risiko. Der Dienst wird im &#8220;IST-Zustand\u201c und &#8220;WIE VERF\u00dcGBAR\u201c bereitgestellt. Der Dienst wird ohne Garantien jeglicher Art, ob ausdr\u00fccklich oder stillschweigend, bereitgestellt, einschlie\u00dflich, aber nicht beschr\u00e4nkt auf implizite Gew\u00e4hrleistung der Marktf\u00e4higkeit, Eignung f\u00fcr einen bestimmten Zweck, Nichtversto\u00df oder Erf\u00fcllung.<\/p>\n<p>Takeuchi Mfg. Co. Ltd., dessen Filialen, Tochtergesellschaften und Lizenzgeber garantieren nicht, dass a) der Dienst ununterbrochen, sicher oder zu einer bestimmten Zeit oder an einem bestimmten Ort funktionieren wird; b) jegliche Fehler oder M\u00e4ngel behoben werden; c) der Dienst frei von Viren oder anderen sch\u00e4digenden Komponenten ist oder d) das Ergebnis der Nutzung des Dienstes Ihren Anforderungen gerecht werden wird.<\/p>\n<p><strong>Ausgrenzungen<\/strong><\/p>\n<p>Einige Gerichtsbarkeiten erlauben nicht den Ausschluss bestimmter Gew\u00e4hrleistungen oder die Beschr\u00e4nkung oder den Ausschluss der Haftung f\u00fcr Folge- oder Nebensch\u00e4den, daher trifft das oben genannte eventuell nicht zu.<\/p>\n<p><strong>Anwendbares Recht\u00a0<\/strong><\/p>\n<p>Diese Bedingungen sind in \u00dcbereinstimmung mit den Gesetzen von Georgia, Vereinigte Staaten zu regeln und auszulegen, ohne Ber\u00fccksichtung der Bestimmungen hinsichtlich Gesetzeskonflikten.<\/p>\n<p>Ein Vers\u00e4umnis ein Recht oder eine Bestimmung dieser Bedingungen durchzusetzen, bedeutet keinen Verzicht auf diese Rechte. Sollte eine Bestimmung dieser Bedingungen ung\u00fcltig oder durch ein Gericht nicht durchsetzbar sein, bleiben die verbleibenden Bestimmungen dieser Bedingung weiter g\u00fcltig. Diese Bedingungen stellen die gesamte Vereinbarung zwischen uns hinsichtlich unserem Dienst dar und annulieren und ersetzen jegliche vorherige vereinbarungen, die wir eventuell bez\u00fcglich dem Dienst hatten.<\/p>\n<p><strong>\u00c4nderungen<\/strong><\/p>\n<p>Wir behalten uns in unserem alleinigen Ermessen das Recht vor, diese Gesch\u00e4ftsbedingungen jederzeit anzupassen oder ersetzen. Sollte eine wesentliche \u00dcberarbeitung anstehen, werden wir dies mindestens 30 Tage vor Wirksamwerden der neuen Bedingungen mitteilen. Was eine wesentliche \u00c4nderung darstellt, wird nach unserem alleinigem Ermessen bestimmt.<\/p>\n<p>Wenn Sie nach Wirksamwerden jeglicher \u00dcberarbeitungen weiter auf unseren Dienst zugreifen oder diesen nutzen, stimmen Sie zu, an diese ge\u00e4nderten Bedingungen gebunden zu sein. Sollten Sie den neuen Bedingungen nicht zustimmen, haben Sie nicht l\u00e4nger das Recht, den Dienst zu nutzen.<\/p>\n<p><strong>Kontaktieren Sie uns\u00a0 <\/strong><\/p>\n<p>Sollten Sie Fragen zu diesen Gesch\u00e4ftsbedingungen haben, kontaktieren Sie uns bitte unter 00 1 706.693.3600, oder senden Sie uns eine E-Mail an privacy@takeuchi-us.com.[\/vc_column_text][\/vc_column][vc_column column_padding=&#8221;no-extra-padding&#8221; column_padding_position=&#8221;all&#8221; background_color_opacity=&#8221;1&#8243; background_hover_color_opacity=&#8221;1&#8243; column_shadow=&#8221;none&#8221; width=&#8221;1\/6&#8243; tablet_text_alignment=&#8221;default&#8221; phone_text_alignment=&#8221;default&#8221; column_border_width=&#8221;none&#8221; column_border_style=&#8221;solid&#8221;][\/vc_column][\/vc_row]\n","protected":false},"excerpt":{"rendered":"<p>[vc_row type=&#8221;in_container&#8221; full_screen_row_position=&#8221;middle&#8221; scene_position=&#8221;center&#8221; text_color=&#8221;dark&#8221; text_align=&#8221;left&#8221; overlay_strength=&#8221;0.3&#8243;][vc_column column_padding=&#8221;no-extra-padding&#8221; column_padding_position=&#8221;all&#8221; background_color_opacity=&#8221;1&#8243; background_hover_color_opacity=&#8221;1&#8243; column_shadow=&#8221;none&#8221; width=&#8221;1\/6&#8243; tablet_text_alignment=&#8221;default&#8221; phone_text_alignment=&#8221;default&#8221; column_border_width=&#8221;none&#8221; column_border_style=&#8221;solid&#8221;][\/vc_column][vc_column column_padding=&#8221;no-extra-padding&#8221; column_padding_position=&#8221;all&#8221; background_color_opacity=&#8221;1&#8243; background_hover_color_opacity=&#8221;1&#8243; column_shadow=&#8221;none&#8221; width=&#8221;2\/3&#8243; tablet_text_alignment=&#8221;default&#8221; phone_text_alignment=&#8221;default&#8221; column_border_width=&#8221;none&#8221; column_border_style=&#8221;solid&#8221;][vc_column_text] Gesch\u00e4ftsbedingungen Zuletzt aktualisiert:&#8230;<\/p>\n","protected":false},"author":1,"featured_media":0,"parent":0,"menu_order":0,"comment_status":"closed","ping_status":"closed","template":"","meta":{"_acf_changed":false,"footnotes":""},"class_list":["post-9204","page","type-page","status-publish"],"acf":[],"_links":{"self":[{"href":"https:\/\/www.takeuchiglobal.com\/de\/wp-json\/wp\/v2\/pages\/9204","targetHints":{"allow":["GET"]}}],"collection":[{"href":"https:\/\/www.takeuchiglobal.com\/de\/wp-json\/wp\/v2\/pages"}],"about":[{"href":"https:\/\/www.takeuchiglobal.com\/de\/wp-json\/wp\/v2\/types\/page"}],"author":[{"embeddable":true,"href":"https:\/\/www.takeuchiglobal.com\/de\/wp-json\/wp\/v2\/users\/1"}],"replies":[{"embeddable":true,"href":"https:\/\/www.takeuchiglobal.com\/de\/wp-json\/wp\/v2\/comments?post=9204"}],"version-history":[{"count":0,"href":"https:\/\/www.takeuchiglobal.com\/de\/wp-json\/wp\/v2\/pages\/9204\/revisions"}],"wp:attachment":[{"href":"https:\/\/www.takeuchiglobal.com\/de\/wp-json\/wp\/v2\/media?parent=9204"}],"curies":[{"name":"wp","href":"https:\/\/api.w.org\/{rel}","templated":true}]}}