{"id":10224,"date":"2021-07-28T19:14:41","date_gmt":"2021-07-28T19:14:41","guid":{"rendered":"https:\/\/www.takeuchiglobal.com\/tb1000-50th-anniversary\/"},"modified":"2021-09-01T13:12:27","modified_gmt":"2021-09-01T13:12:27","slug":"tb1000-50th-anniversary","status":"publish","type":"page","link":"https:\/\/www.takeuchiglobal.com\/es\/tb1000-50th-anniversary\/","title":{"rendered":"TB1000 50th Anniversary"},"content":{"rendered":"[vc_row type=&#8221;in_container&#8221; full_screen_row_position=&#8221;middle&#8221; scene_position=&#8221;center&#8221; text_color=&#8221;dark&#8221; text_align=&#8221;left&#8221; overlay_strength=&#8221;0.3&#8243; shape_divider_position=&#8221;bottom&#8221; bg_image_animation=&#8221;none&#8221;][vc_column column_padding=&#8221;no-extra-padding&#8221; column_padding_position=&#8221;all&#8221; background_color_opacity=&#8221;1&#8243; background_hover_color_opacity=&#8221;1&#8243; column_link_target=&#8221;_self&#8221; column_shadow=&#8221;none&#8221; column_border_radius=&#8221;none&#8221; width=&#8221;2\/3&#8243; tablet_width_inherit=&#8221;default&#8221; tablet_text_alignment=&#8221;default&#8221; phone_text_alignment=&#8221;default&#8221; column_border_width=&#8221;none&#8221; column_border_style=&#8221;solid&#8221; bg_image_animation=&#8221;none&#8221;][divider line_type=&#8221;No Line&#8221; custom_height=&#8221;50&#8243;][image_with_animation image_url=&#8221;10232&#8243; alignment=&#8221;center&#8221; animation=&#8221;Fade In&#8221; border_radius=&#8221;none&#8221; box_shadow=&#8221;none&#8221; max_width=&#8221;100%&#8221; img_link=&#8221;https:\/\/www.takeuchiglobal.com\/locator\/&#8221;][divider line_type=&#8221;No Line&#8221; custom_height=&#8221;50&#8243;][vc_column_text css_animation=&#8221;bounceInDown&#8221;]\n<h1 style=\"text-align: center;\">La primera excavadora compacta de 360\u00a0grados de Takeuchi, la TB1000, celebra su 50 aniversario<\/h1>\n[\/vc_column_text][\/vc_column][vc_column column_padding=&#8221;no-extra-padding&#8221; column_padding_position=&#8221;all&#8221; background_color_opacity=&#8221;1&#8243; background_hover_color_opacity=&#8221;1&#8243; column_link_target=&#8221;_self&#8221; column_shadow=&#8221;none&#8221; column_border_radius=&#8221;none&#8221; width=&#8221;1\/3&#8243; tablet_width_inherit=&#8221;default&#8221; tablet_text_alignment=&#8221;default&#8221; phone_text_alignment=&#8221;default&#8221; column_border_width=&#8221;none&#8221; column_border_style=&#8221;solid&#8221; bg_image_animation=&#8221;none&#8221;][divider line_type=&#8221;No Line&#8221; custom_height=&#8221;20&#8243;][nectar_video_lightbox link_style=&#8221;play_button_2&#8243; nectar_play_button_color=&#8221;Default-Accent-Color&#8221; image_url=&#8221;10206&#8243; hover_effect=&#8221;defaut&#8221; box_shadow=&#8221;none&#8221; border_radius=&#8221;none&#8221; play_button_size=&#8221;default&#8221; video_url=&#8221;https:\/\/vimeo.com\/manage\/videos\/582563773&#8243;][vc_column_text css=&#8221;.vc_custom_1628798338169{margin-top: 10px !important;}&#8221;]\n<h5 style=\"text-align: center;\">\u00a1Aprenda todo sobre la TB1000 de Takeuchi, la primera excavadora compacta de 360 \u200b\u200bgrados del mundo!<\/h5>\n[\/vc_column_text][\/vc_column][\/vc_row][vc_row type=&#8221;in_container&#8221; full_screen_row_position=&#8221;middle&#8221; scene_position=&#8221;center&#8221; text_color=&#8221;dark&#8221; text_align=&#8221;left&#8221; overlay_strength=&#8221;0.3&#8243; shape_divider_position=&#8221;bottom&#8221; bg_image_animation=&#8221;none&#8221;][vc_column column_padding=&#8221;no-extra-padding&#8221; column_padding_position=&#8221;all&#8221; background_color_opacity=&#8221;1&#8243; background_hover_color_opacity=&#8221;1&#8243; column_link_target=&#8221;_self&#8221; column_shadow=&#8221;none&#8221; column_border_radius=&#8221;none&#8221; width=&#8221;2\/3&#8243; tablet_width_inherit=&#8221;default&#8221; tablet_text_alignment=&#8221;default&#8221; phone_text_alignment=&#8221;default&#8221; column_border_width=&#8221;none&#8221; column_border_style=&#8221;solid&#8221; bg_image_animation=&#8221;none&#8221;][vc_column_text]Es dif\u00edcil saber qu\u00e9 hace que una empresa tenga \u00e9xito: sus productos, sus empleados o su liderazgo. En el caso de Takeuchi, es todo esto y m\u00e1s. Cuando el Sr. Akio Takeuchi fund\u00f3 la empresa en 1963, al igual que muchos j\u00f3venes, es probable que no tuviera una idea exacta de lo que acabar\u00eda siendo Takeuchi Manufacturing. Cuando el Sr. Takeuchi empez\u00f3, fabricaba piezas para la industria automovil\u00edstica, pero no quer\u00eda ser conocido \u00fanicamente como productor de piezas para autom\u00f3viles. No se imaginaba que la oportunidad de crecimiento de Takeuchi llegar\u00eda en forma de una propuesta que cambiar\u00eda todo el rumbo de su empresa.<\/p>\n<p>En 1968, el Sr. Takeuchi recibi\u00f3 la propuesta de un socio comercial y constructor para fabricar una m\u00e1quina que sustituyera a los picos y las palas. Tras recibir esta exigente propuesta, no dud\u00f3 en ponerse a trabajar junto con ingenieros de gran talento para dise\u00f1ar y construir lo que se convertir\u00eda en la primera excavadora compacta del mundo: la TB300. La creaci\u00f3n de esta m\u00e1quina redujo la carga de trabajo de los constructores al eliminar el trabajo manual que antes ten\u00edan que realizar con picos y palas. En cuesti\u00f3n de horas, los constructores pod\u00edan realizar un trabajo que antes tardaba d\u00edas en completarse de forma manual. As\u00ed, Takeuchi empez\u00f3 a introducir nuevas ideas para las excavadoras, y mejor\u00f3 la vida de los constructores de todo el mundo.<\/p>\n<div id=\"attachment_10231\" style=\"width: 167px\" class=\"wp-caption alignleft\"><a href=\"https:\/\/www.takeuchiglobal.com\/wp-content\/uploads\/2021\/08\/Original-TB1000-Brochure.pdf\" target=\"_blank\" rel=\"noopener\"><img loading=\"lazy\" decoding=\"async\" aria-describedby=\"caption-attachment-10231\" class=\"wp-image-10231\" src=\"https:\/\/www.takeuchiglobal.com\/wp-content\/uploads\/2021\/08\/TB1000-cc-Spanish-300x202.jpg\" alt=\"\" width=\"157\" height=\"106\" srcset=\"https:\/\/www.takeuchiglobal.com\/wp-content\/uploads\/2021\/08\/TB1000-cc-Spanish-300x202.jpg 300w, https:\/\/www.takeuchiglobal.com\/wp-content\/uploads\/2021\/08\/TB1000-cc-Spanish-1024x690.jpg 1024w, https:\/\/www.takeuchiglobal.com\/wp-content\/uploads\/2021\/08\/TB1000-cc-Spanish-768x518.jpg 768w, https:\/\/www.takeuchiglobal.com\/wp-content\/uploads\/2021\/08\/TB1000-cc-Spanish-1536x1036.jpg 1536w, https:\/\/www.takeuchiglobal.com\/wp-content\/uploads\/2021\/08\/TB1000-cc-Spanish-900x600.jpg 900w, https:\/\/www.takeuchiglobal.com\/wp-content\/uploads\/2021\/08\/TB1000-cc-Spanish-600x403.jpg 600w, https:\/\/www.takeuchiglobal.com\/wp-content\/uploads\/2021\/08\/TB1000-cc-Spanish-400x269.jpg 400w, https:\/\/www.takeuchiglobal.com\/wp-content\/uploads\/2021\/08\/TB1000-cc-Spanish.jpg 1750w\" sizes=\"auto, (max-width: 157px) 100vw, 157px\" \/><\/a><p id=\"caption-attachment-10231\" class=\"wp-caption-text\">Ver folleto original TB1000<\/p><\/div>\n<p>En 1970, Takeuchi continu\u00f3 innovando al producir la primera excavadora compacta de 360\u00a0grados del mundo: la TB1000. Se inici\u00f3 la producci\u00f3n de esta m\u00e1quina moderna y de \u00faltima generaci\u00f3n, y se comercializ\u00f3 oficialmente en 1971, lo que cambi\u00f3 de nuevo la industria de los equipos de construcci\u00f3n compactos para siempre. Con la introducci\u00f3n de esta nueva m\u00e1quina, Takeuchi cre\u00f3 una industria que ahora produce y vende m\u00e1s de 49\u00a0000 excavadoras compactas al a\u00f1o en la categor\u00eda de peso de 1 a 6 toneladas.<\/p>\n<p>El Sr. Takeuchi entiende que sin una buena base, nada de esto hubiera sido posible. Sus firmes convicciones sobre el cuidado de los empleados, el medio ambiente y el cliente contin\u00faan, y permanecen en armon\u00eda. Fomenta esta filosof\u00eda en todas las instalaciones de Takeuchi, y sus empleados siguen esta filosof\u00eda Takeuchi trabajando juntos y compartiendo el esp\u00edritu de creaci\u00f3n, reto y cooperaci\u00f3n.<\/p>\n<p>Takeuchi se ha convertido en un l\u00edder mundial e innovador en la industria de los equipos de construcci\u00f3n compactos. En la actualidad, Takeuchi cuenta con una nueva direcci\u00f3n, el Sr. Toshiya Takeuchi, hijo del fundador. Gracias a este nuevo liderazgo y a una nueva generaci\u00f3n de empleados de enorme talento, Takeuchi seguir\u00e1 encontrando formas de mejorar el proceso de construcci\u00f3n para ayudar a proteger el medio ambiente y dise\u00f1ar m\u00e1quinas que har\u00e1n que los constructores de infraestructuras destaquen en el futuro.<\/p>\n<p>&nbsp;<\/p>\n<p><a href=\"https:\/\/www.takeuchiglobal.com\/wp-content\/uploads\/2021\/08\/TB1000-For-Global-Site-Spansih.pdf\" target=\"_blank\" rel=\"noopener\">Descargar nota de prensa<\/a>[\/vc_column_text][\/vc_column][vc_column column_padding=&#8221;no-extra-padding&#8221; column_padding_position=&#8221;all&#8221; background_color_opacity=&#8221;1&#8243; background_hover_color_opacity=&#8221;1&#8243; column_link_target=&#8221;_self&#8221; column_shadow=&#8221;none&#8221; column_border_radius=&#8221;none&#8221; width=&#8221;1\/3&#8243; tablet_width_inherit=&#8221;default&#8221; tablet_text_alignment=&#8221;default&#8221; phone_text_alignment=&#8221;default&#8221; column_border_width=&#8221;none&#8221; column_border_style=&#8221;solid&#8221; bg_image_animation=&#8221;none&#8221;][nectar_video_lightbox link_style=&#8221;play_button_2&#8243; nectar_play_button_color=&#8221;Default-Accent-Color&#8221; image_url=&#8221;10195&#8243; hover_effect=&#8221;defaut&#8221; box_shadow=&#8221;none&#8221; border_radius=&#8221;none&#8221; play_button_size=&#8221;default&#8221; video_url=&#8221;https:\/\/vimeo.com\/580383896&#8243;][image_with_animation image_url=&#8221;10197&#8243; alignment=&#8221;right&#8221; animation=&#8221;None&#8221; border_radius=&#8221;none&#8221; box_shadow=&#8221;none&#8221; max_width=&#8221;100%&#8221; margin_top=&#8221;25&#8243;][vc_column_text]La filosof\u00eda de Takeuchi es simple, construir m\u00e1quinas de calidad que los clientes necesitan para hacerles la vida m\u00e1s f\u00e1cil y completar sus trabajos m\u00e1s dif\u00edciles.[\/vc_column_text][\/vc_column][\/vc_row]\n","protected":false},"excerpt":{"rendered":"<p>[vc_row type=&#8221;in_container&#8221; full_screen_row_position=&#8221;middle&#8221; scene_position=&#8221;center&#8221; text_color=&#8221;dark&#8221; text_align=&#8221;left&#8221; overlay_strength=&#8221;0.3&#8243; shape_divider_position=&#8221;bottom&#8221; bg_image_animation=&#8221;none&#8221;][vc_column column_padding=&#8221;no-extra-padding&#8221; column_padding_position=&#8221;all&#8221; background_color_opacity=&#8221;1&#8243; background_hover_color_opacity=&#8221;1&#8243; column_link_target=&#8221;_self&#8221; column_shadow=&#8221;none&#8221; column_border_radius=&#8221;none&#8221; width=&#8221;2\/3&#8243; tablet_width_inherit=&#8221;default&#8221; tablet_text_alignment=&#8221;default&#8221; phone_text_alignment=&#8221;default&#8221; column_border_width=&#8221;none&#8221; column_border_style=&#8221;solid&#8221; bg_image_animation=&#8221;none&#8221;][divider line_type=&#8221;No Line&#8221; custom_height=&#8221;50&#8243;][image_with_animation image_url=&#8221;10232&#8243; alignment=&#8221;center&#8221; animation=&#8221;Fade In&#8221;&#8230;<\/p>\n","protected":false},"author":1,"featured_media":0,"parent":0,"menu_order":0,"comment_status":"closed","ping_status":"closed","template":"","meta":{"_acf_changed":false,"footnotes":""},"class_list":["post-10224","page","type-page","status-publish"],"acf":[],"_links":{"self":[{"href":"https:\/\/www.takeuchiglobal.com\/es\/wp-json\/wp\/v2\/pages\/10224","targetHints":{"allow":["GET"]}}],"collection":[{"href":"https:\/\/www.takeuchiglobal.com\/es\/wp-json\/wp\/v2\/pages"}],"about":[{"href":"https:\/\/www.takeuchiglobal.com\/es\/wp-json\/wp\/v2\/types\/page"}],"author":[{"embeddable":true,"href":"https:\/\/www.takeuchiglobal.com\/es\/wp-json\/wp\/v2\/users\/1"}],"replies":[{"embeddable":true,"href":"https:\/\/www.takeuchiglobal.com\/es\/wp-json\/wp\/v2\/comments?post=10224"}],"version-history":[{"count":0,"href":"https:\/\/www.takeuchiglobal.com\/es\/wp-json\/wp\/v2\/pages\/10224\/revisions"}],"wp:attachment":[{"href":"https:\/\/www.takeuchiglobal.com\/es\/wp-json\/wp\/v2\/media?parent=10224"}],"curies":[{"name":"wp","href":"https:\/\/api.w.org\/{rel}","templated":true}]}}