{"id":1424,"date":"2017-01-10T19:52:22","date_gmt":"2017-01-10T19:52:22","guid":{"rendered":"http:\/\/www.takeuchiglobal.com\/about-us\/"},"modified":"2018-06-04T19:32:13","modified_gmt":"2018-06-04T19:32:13","slug":"about-us","status":"publish","type":"page","link":"https:\/\/www.takeuchiglobal.com\/es\/about-us\/","title":{"rendered":"About Us"},"content":{"rendered":"[vc_row type=&#8221;in_container&#8221; full_screen_row_position=&#8221;middle&#8221; scene_position=&#8221;center&#8221; text_color=&#8221;dark&#8221; text_align=&#8221;left&#8221; top_padding=&#8221;45&#8243; overlay_strength=&#8221;0.3&#8243;][vc_column column_padding=&#8221;no-extra-padding&#8221; column_padding_position=&#8221;all&#8221; background_color_opacity=&#8221;1&#8243; background_hover_color_opacity=&#8221;1&#8243; column_shadow=&#8221;none&#8221; width=&#8221;2\/3&#8243; tablet_text_alignment=&#8221;default&#8221; phone_text_alignment=&#8221;default&#8221; column_border_width=&#8221;none&#8221; column_border_style=&#8221;solid&#8221;][vc_column_text]\n<h1>Acerca de Takeuchi<\/h1>\n<h2>Takeuchi Mfg. Co., Ltd. fue fundada por el Sr. Akio Takeuchi en 1963.<\/h2>\n<p>Desde entonces, la compa\u00f1\u00eda ha sido un fabricante l\u00edder mundial de equipos de construcci\u00f3n, como excavadoras hidr\u00e1ulicas compactas y cargadores de orugas.<\/p>\n<p>Prestar atenci\u00f3n a los requisitos particulares de los propietarios de los equipos es la motivaci\u00f3n del Sr. Takeuchi y de toda la empresa. Al comprender las necesidades de nuestros clientes, Takeuchi ha sido capaz de liderar la industria en el desarrollo de nuevos productos. Takeuchi desarroll\u00f3 la primera excavadora compacta del mundo en 1971. En 1986, Takeuchi desarroll\u00f3 y lanz\u00f3 la primera cargadora de caucho compacta de oruga que era perfecta para las operaciones en terreno \u00e1spero; otro producto pionero a nivel mundial. Estos dos productos transformaron los mercados mundiales de equipos de construcci\u00f3n.<\/p>\n<p>Las excavadoras compactas y las cargadoras de oruga de Takeuchi se han ganado un gran reconocimiento internacional por su capacidad para soportar condiciones de funcionamiento muy exigentes. Siempre buscando de forma constante el siguiente est\u00e1ndar\u00a0internacional de pr\u00f3xima generaci\u00f3n, Takeuchi continuar\u00e1 ofreciendo al mercado internacional productos que respondan a las necesidades del usuario. Como fabricante que ofrece beneficios a sus clientes, Takeuchi tiene el compromiso de crear productos que realicen una contribuci\u00f3n a las personas y a la sociedad.[\/vc_column_text][\/vc_column][vc_column column_padding=&#8221;no-extra-padding&#8221; column_padding_position=&#8221;all&#8221; background_color_opacity=&#8221;1&#8243; background_hover_color_opacity=&#8221;1&#8243; column_shadow=&#8221;none&#8221; width=&#8221;1\/3&#8243; tablet_text_alignment=&#8221;default&#8221; phone_text_alignment=&#8221;default&#8221; column_border_width=&#8221;none&#8221; column_border_style=&#8221;solid&#8221;][image_with_animation image_url=&#8221;1075&#8243; alignment=&#8221;&#8221; animation=&#8221;Fade In&#8221; box_shadow=&#8221;none&#8221; max_width=&#8221;100%&#8221;][\/vc_column][\/vc_row]\n","protected":false},"excerpt":{"rendered":"<p>[vc_row type=&#8221;in_container&#8221; full_screen_row_position=&#8221;middle&#8221; scene_position=&#8221;center&#8221; text_color=&#8221;dark&#8221; text_align=&#8221;left&#8221; top_padding=&#8221;45&#8243; overlay_strength=&#8221;0.3&#8243;][vc_column column_padding=&#8221;no-extra-padding&#8221; column_padding_position=&#8221;all&#8221; background_color_opacity=&#8221;1&#8243; background_hover_color_opacity=&#8221;1&#8243; column_shadow=&#8221;none&#8221; width=&#8221;2\/3&#8243; tablet_text_alignment=&#8221;default&#8221; phone_text_alignment=&#8221;default&#8221; column_border_width=&#8221;none&#8221; column_border_style=&#8221;solid&#8221;][vc_column_text] Acerca de Takeuchi Takeuchi Mfg. Co., Ltd. fue fundada por el Sr&#8230;.<\/p>\n","protected":false},"author":1,"featured_media":0,"parent":0,"menu_order":0,"comment_status":"closed","ping_status":"closed","template":"","meta":{"_acf_changed":false,"footnotes":""},"class_list":["post-1424","page","type-page","status-publish"],"acf":[],"_links":{"self":[{"href":"https:\/\/www.takeuchiglobal.com\/es\/wp-json\/wp\/v2\/pages\/1424","targetHints":{"allow":["GET"]}}],"collection":[{"href":"https:\/\/www.takeuchiglobal.com\/es\/wp-json\/wp\/v2\/pages"}],"about":[{"href":"https:\/\/www.takeuchiglobal.com\/es\/wp-json\/wp\/v2\/types\/page"}],"author":[{"embeddable":true,"href":"https:\/\/www.takeuchiglobal.com\/es\/wp-json\/wp\/v2\/users\/1"}],"replies":[{"embeddable":true,"href":"https:\/\/www.takeuchiglobal.com\/es\/wp-json\/wp\/v2\/comments?post=1424"}],"version-history":[{"count":0,"href":"https:\/\/www.takeuchiglobal.com\/es\/wp-json\/wp\/v2\/pages\/1424\/revisions"}],"wp:attachment":[{"href":"https:\/\/www.takeuchiglobal.com\/es\/wp-json\/wp\/v2\/media?parent=1424"}],"curies":[{"name":"wp","href":"https:\/\/api.w.org\/{rel}","templated":true}]}}