{"id":6199,"date":"2017-01-20T16:26:04","date_gmt":"2017-01-20T16:26:04","guid":{"rendered":"http:\/\/www.takeuchiglobal.com\/?page_id=6199\/"},"modified":"2019-05-31T19:03:11","modified_gmt":"2019-05-31T19:03:11","slug":"presidents-message","status":"publish","type":"page","link":"https:\/\/www.takeuchiglobal.com\/es\/presidents-message\/","title":{"rendered":"President&#8217;s Message"},"content":{"rendered":"[vc_row type=&#8221;in_container&#8221; full_screen_row_position=&#8221;middle&#8221; scene_position=&#8221;center&#8221; text_color=&#8221;dark&#8221; text_align=&#8221;left&#8221; top_padding=&#8221;45&#8243; overlay_strength=&#8221;0.3&#8243; shape_divider_position=&#8221;bottom&#8221; bg_image_animation=&#8221;none&#8221;][vc_column column_padding=&#8221;no-extra-padding&#8221; column_padding_position=&#8221;all&#8221; background_color_opacity=&#8221;1&#8243; background_hover_color_opacity=&#8221;1&#8243; column_link_target=&#8221;_self&#8221; column_shadow=&#8221;none&#8221; column_border_radius=&#8221;none&#8221; width=&#8221;1\/4&#8243; tablet_width_inherit=&#8221;default&#8221; tablet_text_alignment=&#8221;default&#8221; phone_text_alignment=&#8221;default&#8221; column_border_width=&#8221;none&#8221; column_border_style=&#8221;solid&#8221; bg_image_animation=&#8221;none&#8221;][vc_widget_sidebar title=&#8221;Relaciones con los inversores&#8221; sidebar_id=&#8221;cs-1&#8243;][\/vc_column][vc_column column_padding=&#8221;no-extra-padding&#8221; column_padding_position=&#8221;all&#8221; background_color_opacity=&#8221;1&#8243; background_hover_color_opacity=&#8221;1&#8243; column_link_target=&#8221;_self&#8221; column_shadow=&#8221;none&#8221; column_border_radius=&#8221;none&#8221; width=&#8221;3\/4&#8243; tablet_width_inherit=&#8221;default&#8221; tablet_text_alignment=&#8221;default&#8221; phone_text_alignment=&#8221;default&#8221; column_border_width=&#8221;none&#8221; column_border_style=&#8221;solid&#8221; bg_image_animation=&#8221;none&#8221;][vc_row_inner column_margin=&#8221;default&#8221; text_align=&#8221;left&#8221;][vc_column_inner column_padding=&#8221;no-extra-padding&#8221; column_padding_position=&#8221;all&#8221; background_color_opacity=&#8221;1&#8243; background_hover_color_opacity=&#8221;1&#8243; column_shadow=&#8221;none&#8221; column_border_radius=&#8221;none&#8221; column_link_target=&#8221;_self&#8221; width=&#8221;2\/3&#8243; tablet_width_inherit=&#8221;default&#8221; column_border_width=&#8221;none&#8221; column_border_style=&#8221;solid&#8221; bg_image_animation=&#8221;none&#8221;][vc_column_text el_class=&#8221;btmpad&#8221;]\n<h1>Mensaje del presidente<\/h1>\n<h2>TAKEUCHI, de n\u00famero uno en el mundo a l\u00edder mundial<\/h2>\n<p><img loading=\"lazy\" decoding=\"async\" class=\"alignright size-medium wp-image-9566\" src=\"https:\/\/www.takeuchiglobal.com\/wp-content\/uploads\/2019\/05\/190529_president-Edits-Wedsite-283x300.jpg\" alt=\"\" width=\"283\" height=\"300\" \/><\/p>\n<p>El Grupo Takeuchi, fundado en 1963, cre\u00f3 nuevos mercados con el desarrollo de la primera miniexcavadora del mundo y la primera cargadora de orugas compacta del mundo en el sector de la maquinaria de construcci\u00f3n. Al atender de forma constante necesidades globales y responder a ellas con nuestros productos, hemos ido creciendo a la par del mercado.<\/p>\n<p>La principal caracter\u00edstica del grupo es el desarrollo de productos, cuya producci\u00f3n se realiza sobre todo en Jap\u00f3n. Somos una empresa internacional, y la mayor\u00eda de nuestros ingresos consolidados provienen de ventas en mercados extranjeros. Adem\u00e1s, nuestra reputaci\u00f3n obtenida gracias a los productos que fabricamos es nuestra principal fortaleza en el mercado; la potencia y durabilidad, f\u00e1cil funcionamiento y comodidad de nuestros productos nos han llevado a mantener nuestra alta participaci\u00f3n de mercado.<\/p>\n<p>Las ideas de nuestro fundador es crear &#8220;productos que no exist\u00edan anteriormente&#8221; y &#8220;productos que sean \u00fatiles para las personas&#8221;. Este esp\u00edritu es el principio que nos gu\u00eda, y nuestra empresa lo ha heredado como parte de su filosof\u00eda corporativa. &#8220;TAKEUCHI, de n\u00famero uno en el mundo a l\u00edder mundial&#8221;. Adem\u00e1s, con la vista en el futuro y teniendo en cuenta los Objetivos de Desarrollo Sostenible de la ONU, esperamos contribuir a la realizaci\u00f3n de una sociedad ecol\u00f3gica y pr\u00f3spera. Por encima de todo, &#8220;Ciudades y comunidades sostenibles&#8221; es el coraz\u00f3n de los negocios de nuestro grupo. Al trabajar en el desarrollo de productos ecol\u00f3gicos, podemos contribuir ampliamente a la sociedad mediante el desarrollo, fabricaci\u00f3n, venta y mantenimiento de nuestras m\u00e1quinas de construcci\u00f3n, que permiten una construcci\u00f3n urbana m\u00e1s segura, eficiente y limpia. Asimismo, promovemos de forma activa que nuestros empleados puedan trabajar en entornos saludables, donde se les valore y apoye. A trav\u00e9s de estos esfuerzos, nuestro objetivo es ser una empresa en la que nuestros clientes, socios comerciales, accionistas, comunidades locales, empleados y sus familias conf\u00eden y valoren.<\/p>\n<p>Esperamos seguir contando en el futuro con el apoyo y est\u00edmulo de nuestros clientes y socios.<\/p>\n<p>TAKEUCHI MFG. CO., LTD<br \/>\nPresidente y director representante<br \/>\nToshiya Takeuchi[\/vc_column_text][\/vc_column_inner][vc_column_inner column_padding=&#8221;no-extra-padding&#8221; column_padding_position=&#8221;all&#8221; background_color_opacity=&#8221;1&#8243; background_hover_color_opacity=&#8221;1&#8243; column_shadow=&#8221;none&#8221; column_border_radius=&#8221;none&#8221; column_link_target=&#8221;_self&#8221; width=&#8221;1\/3&#8243; tablet_width_inherit=&#8221;default&#8221; column_border_width=&#8221;none&#8221; column_border_style=&#8221;solid&#8221; bg_image_animation=&#8221;none&#8221;][\/vc_column_inner][\/vc_row_inner][\/vc_column][\/vc_row]\n","protected":false},"excerpt":{"rendered":"<p>[vc_row type=&#8221;in_container&#8221; full_screen_row_position=&#8221;middle&#8221; scene_position=&#8221;center&#8221; text_color=&#8221;dark&#8221; text_align=&#8221;left&#8221; top_padding=&#8221;45&#8243; overlay_strength=&#8221;0.3&#8243; shape_divider_position=&#8221;bottom&#8221; bg_image_animation=&#8221;none&#8221;][vc_column column_padding=&#8221;no-extra-padding&#8221; column_padding_position=&#8221;all&#8221; background_color_opacity=&#8221;1&#8243; background_hover_color_opacity=&#8221;1&#8243; column_link_target=&#8221;_self&#8221; column_shadow=&#8221;none&#8221; column_border_radius=&#8221;none&#8221; width=&#8221;1\/4&#8243; tablet_width_inherit=&#8221;default&#8221; tablet_text_alignment=&#8221;default&#8221; phone_text_alignment=&#8221;default&#8221; column_border_width=&#8221;none&#8221; column_border_style=&#8221;solid&#8221; bg_image_animation=&#8221;none&#8221;][vc_widget_sidebar title=&#8221;Relaciones con los inversores&#8221; sidebar_id=&#8221;cs-1&#8243;][\/vc_column][vc_column column_padding=&#8221;no-extra-padding&#8221;&#8230;<\/p>\n","protected":false},"author":1,"featured_media":0,"parent":0,"menu_order":0,"comment_status":"closed","ping_status":"closed","template":"","meta":{"_acf_changed":false,"footnotes":""},"class_list":["post-6199","page","type-page","status-publish"],"acf":[],"_links":{"self":[{"href":"https:\/\/www.takeuchiglobal.com\/es\/wp-json\/wp\/v2\/pages\/6199","targetHints":{"allow":["GET"]}}],"collection":[{"href":"https:\/\/www.takeuchiglobal.com\/es\/wp-json\/wp\/v2\/pages"}],"about":[{"href":"https:\/\/www.takeuchiglobal.com\/es\/wp-json\/wp\/v2\/types\/page"}],"author":[{"embeddable":true,"href":"https:\/\/www.takeuchiglobal.com\/es\/wp-json\/wp\/v2\/users\/1"}],"replies":[{"embeddable":true,"href":"https:\/\/www.takeuchiglobal.com\/es\/wp-json\/wp\/v2\/comments?post=6199"}],"version-history":[{"count":0,"href":"https:\/\/www.takeuchiglobal.com\/es\/wp-json\/wp\/v2\/pages\/6199\/revisions"}],"wp:attachment":[{"href":"https:\/\/www.takeuchiglobal.com\/es\/wp-json\/wp\/v2\/media?parent=6199"}],"curies":[{"name":"wp","href":"https:\/\/api.w.org\/{rel}","templated":true}]}}