{"id":6203,"date":"2017-01-20T16:34:55","date_gmt":"2017-01-20T16:34:55","guid":{"rendered":"http:\/\/www.takeuchiglobal.com\/?page_id=6203\/"},"modified":"2018-05-29T12:59:20","modified_gmt":"2018-05-29T12:59:20","slug":"corporate-governance","status":"publish","type":"page","link":"https:\/\/www.takeuchiglobal.com\/es\/corporate-governance\/","title":{"rendered":"Corporate Governance"},"content":{"rendered":"[vc_row type=&#8221;in_container&#8221; full_screen_row_position=&#8221;middle&#8221; scene_position=&#8221;center&#8221; text_color=&#8221;dark&#8221; text_align=&#8221;left&#8221; top_padding=&#8221;45&#8243; overlay_strength=&#8221;0.3&#8243;][vc_column column_padding=&#8221;no-extra-padding&#8221; column_padding_position=&#8221;all&#8221; background_color_opacity=&#8221;1&#8243; background_hover_color_opacity=&#8221;1&#8243; column_shadow=&#8221;none&#8221; width=&#8221;1\/4&#8243; tablet_text_alignment=&#8221;default&#8221; phone_text_alignment=&#8221;default&#8221; column_border_width=&#8221;none&#8221; column_border_style=&#8221;solid&#8221;][vc_widget_sidebar title=&#8221;Relaciones con los inversores &#8221; sidebar_id=&#8221;cs-1&#8243;][\/vc_column][vc_column column_padding=&#8221;no-extra-padding&#8221; column_padding_position=&#8221;all&#8221; background_color_opacity=&#8221;1&#8243; background_hover_color_opacity=&#8221;1&#8243; column_shadow=&#8221;none&#8221; width=&#8221;3\/4&#8243; tablet_text_alignment=&#8221;default&#8221; phone_text_alignment=&#8221;default&#8221; column_border_width=&#8221;none&#8221; column_border_style=&#8221;solid&#8221;][vc_column_text]\n<h1>Gobierno corporativo<\/h1>\n<h2>Pol\u00edtica b\u00e1sica para el Gobierno corporativo<\/h2>\n<p>Takeuchi est\u00e1 comprometido a permanecer como una organizaci\u00f3n confiable capaz de aumentar de forma constante el valor corporativo, y a la vez cumplir con sus obligaciones para con los accionistas y dem\u00e1s partes interesadas. Esta es la raz\u00f3n por la cual le damos prioridad al mantenimiento de un sistema eficaz de Gobierno corporativo que suponga una gesti\u00f3n equitativa y transparente de nuestras operaciones. Tambi\u00e9n estamos comprometidos con la mejora del Gobierno corporativo mediante la construcci\u00f3n de un marco administrativo que facilite una r\u00e1pida y adecuada toma de decisiones, as\u00ed como la comunicaci\u00f3n precisa de los objetivos de gesti\u00f3n a otros.<\/p>\n<h2>Estructura del Gobierno corporativo<\/h2>\n<h3>1. Descripci\u00f3n<\/h3>\n<ul>\n<li>La Junta directiva cuenta con\u00a0tres directores (excluidos los directores que son miembros del Comit\u00e9 de auditor\u00eda y supervisi\u00f3n) y tres directores externos que son miembros del Comit\u00e9 de auditor\u00eda y supervisi\u00f3n. La Junta directiva es la unidad de toma de decisiones de m\u00e1s alto rango. Los directores se re\u00fanen una vez al mes para llegar a decisiones acerca de los elementos designados por las pol\u00edticas, leyes y regulaciones de gesti\u00f3n, as\u00ed como sobre otros asuntos importantes. La Junta directiva tambi\u00e9n supervisa el desempe\u00f1o de los directores.<\/li>\n<li>La Junta directiva nombra a los directores ejecutivos y funcionarios ejecutivos que son responsables de la realizaci\u00f3n de las operaciones empresariales. Seg\u00fan sea necesario, se les pide a los funcionarios ejecutivos asistir a reuniones de la junta con el fin de explicar las decisiones de gesti\u00f3n con precisi\u00f3n y llevar a cabo las operaciones empresariales de forma r\u00e1pida.<\/li>\n<li>El Comit\u00e9 de auditor\u00eda y supervisi\u00f3n est\u00e1 compuesto por tres directores externos, uno de los cuales es un miembro de tiempo completo de este comit\u00e9. En principio, el comit\u00e9 se re\u00fane una vez al mes. Los miembros del comit\u00e9 tambi\u00e9n asisten a las reuniones de la Junta directiva y otras reuniones importantes. Los miembros del comit\u00e9 auditan el desempe\u00f1o de los directores y el funcionamiento del sistema de controles internos y desempe\u00f1an otras funciones.<\/li>\n<\/ul>\n<h4>Marco del Gobierno corporativo<\/h4>\n<h3><span lang=\"ES\"><a href=\"http:\/\/www.takeuchiglobal.com\/wp-content\/uploads\/2016\/09\/Corporate-Governance-Framework-Image-002.jpg\"><img loading=\"lazy\" decoding=\"async\" class=\"alignnone wp-image-7956 size-full\" src=\"http:\/\/www.takeuchiglobal.com\/wp-content\/uploads\/2016\/09\/Corporate-Governance-Framework-Image-002.jpg\" width=\"695\" height=\"480\" srcset=\"https:\/\/www.takeuchiglobal.com\/wp-content\/uploads\/2016\/09\/Corporate-Governance-Framework-Image-002.jpg 695w, https:\/\/www.takeuchiglobal.com\/wp-content\/uploads\/2016\/09\/Corporate-Governance-Framework-Image-002-300x207.jpg 300w\" sizes=\"auto, (max-width: 695px) 100vw, 695px\" \/><\/a><\/span><\/h3>\n<h3><span lang=\"ES\">2. M\u00e1s informaci\u00f3n sobre el Gobierno corporativo<\/span><\/h3>\n<h4><span lang=\"ES\">Controles internos<\/span><\/h4>\n<p class=\"contents\">Takeuchi tiene una Filosof\u00eda empresarial, un C\u00f3digo de conducta, Normas de cumplimiento y un Manual de cumplimiento con el fin de asegurar que los directores y los empleados cumplan con las leyes, las regulaciones y los Art\u00edculos de incorporaci\u00f3n, as\u00ed como con sus obligaciones como miembros de la sociedad. Un Responsable de cumplimiento supervisa las actividades para hacer que todos en el Grupo Takeuchi conozcan estas directrices<\/p>\n<h4><span lang=\"ES\">Gesti\u00f3n de riesgos<\/span><\/h4>\n<p>Las actividades relacionadas con la gesti\u00f3n de riesgos est\u00e1n establecidas en las Normas de gesti\u00f3n de riesgos. Tenemos un Responsable de gesti\u00f3n de riesgos para cada categor\u00eda de riesgo con el fin de mantener un esquema para supervisar y gestionar los riesgos.<\/p>\n<h4><span lang=\"ES\">Gesti\u00f3n de grupo<\/span><\/h4>\n<p>Para una buena gesti\u00f3n del Grupo Takeuchi, existen amplias medidas para garantizar que los directores y empleados entiendan completamente la Filosof\u00eda empresarial y el C\u00f3digo de conducta de Takeuchi para que las filiales realicen las operaciones empresariales adecuadamente. Tambi\u00e9n hay reglas de supervisi\u00f3n de grupo. Takeuchi toma decisiones con respecto a ciertas cuestiones importantes entre las responsabilidades de los directores de las filiales. Adem\u00e1s, las filiales peri\u00f3dicamente env\u00edan informes a Takeuchi acerca de sus operaciones empresariales.<\/p>\n<h2>Auditor\u00edas internas y auditor\u00edas realizadas por la Comisi\u00f3n de Auditor\u00eda y Supervisi\u00f3n<\/h2>\n<p>El Departamento de Auditor\u00eda Interna es independiente de las operaciones empresariales y depende directamente del presidente de la empresa. Dos miembros del personal a tiempo completo realizan auditor\u00edas de las operaciones y la gesti\u00f3n de riesgo de las unidades empresariales. Las instrucciones para realizar mejoras se proporcionan seg\u00fan sea necesario. Adem\u00e1s, el Departamento de Auditor\u00eda Interna puede compartir informaci\u00f3n de las auditor\u00edas internas y las auditor\u00edas financieras con el auditor independiente.<\/p>\n<p>Las auditor\u00edas de la Comisi\u00f3n de Auditor\u00eda y Supervisi\u00f3n son realizadas por los tres auditores externos seg\u00fan un plan de auditor\u00eda anual. Los miembros de la comisi\u00f3n comparten informaci\u00f3n sobre estas auditor\u00edas de forma peri\u00f3dica con el auditor independiente. Los miembros de la comisi\u00f3n tambi\u00e9n reciben informes y otra informaci\u00f3n de las secciones de auditor\u00eda interna y realizan otras actividades.<\/p>\n<h2><span lang=\"ES\">Auditor\u00edas financieras<\/span><\/h2>\n<p>Las auditor\u00edas financieras las lleva a cabo Deloitte Touche Tohmatsu LLC de acuerdo con un contrato de auditor\u00eda.[\/vc_column_text][\/vc_column][\/vc_row]\n","protected":false},"excerpt":{"rendered":"<p>[vc_row type=&#8221;in_container&#8221; full_screen_row_position=&#8221;middle&#8221; scene_position=&#8221;center&#8221; text_color=&#8221;dark&#8221; text_align=&#8221;left&#8221; top_padding=&#8221;45&#8243; overlay_strength=&#8221;0.3&#8243;][vc_column column_padding=&#8221;no-extra-padding&#8221; column_padding_position=&#8221;all&#8221; background_color_opacity=&#8221;1&#8243; background_hover_color_opacity=&#8221;1&#8243; column_shadow=&#8221;none&#8221; width=&#8221;1\/4&#8243; tablet_text_alignment=&#8221;default&#8221; phone_text_alignment=&#8221;default&#8221; column_border_width=&#8221;none&#8221; column_border_style=&#8221;solid&#8221;][vc_widget_sidebar title=&#8221;Relaciones con los inversores &#8221; sidebar_id=&#8221;cs-1&#8243;][\/vc_column][vc_column column_padding=&#8221;no-extra-padding&#8221; column_padding_position=&#8221;all&#8221; background_color_opacity=&#8221;1&#8243; background_hover_color_opacity=&#8221;1&#8243; column_shadow=&#8221;none&#8221; width=&#8221;3\/4&#8243;&#8230;<\/p>\n","protected":false},"author":1,"featured_media":0,"parent":0,"menu_order":0,"comment_status":"closed","ping_status":"closed","template":"","meta":{"_acf_changed":false,"footnotes":""},"class_list":["post-6203","page","type-page","status-publish"],"acf":[],"_links":{"self":[{"href":"https:\/\/www.takeuchiglobal.com\/es\/wp-json\/wp\/v2\/pages\/6203","targetHints":{"allow":["GET"]}}],"collection":[{"href":"https:\/\/www.takeuchiglobal.com\/es\/wp-json\/wp\/v2\/pages"}],"about":[{"href":"https:\/\/www.takeuchiglobal.com\/es\/wp-json\/wp\/v2\/types\/page"}],"author":[{"embeddable":true,"href":"https:\/\/www.takeuchiglobal.com\/es\/wp-json\/wp\/v2\/users\/1"}],"replies":[{"embeddable":true,"href":"https:\/\/www.takeuchiglobal.com\/es\/wp-json\/wp\/v2\/comments?post=6203"}],"version-history":[{"count":0,"href":"https:\/\/www.takeuchiglobal.com\/es\/wp-json\/wp\/v2\/pages\/6203\/revisions"}],"wp:attachment":[{"href":"https:\/\/www.takeuchiglobal.com\/es\/wp-json\/wp\/v2\/media?parent=6203"}],"curies":[{"name":"wp","href":"https:\/\/api.w.org\/{rel}","templated":true}]}}