{"id":6212,"date":"2017-01-20T16:40:36","date_gmt":"2017-01-20T16:40:36","guid":{"rendered":"http:\/\/www.takeuchiglobal.com\/?page_id=6212\/"},"modified":"2017-01-26T14:25:52","modified_gmt":"2017-01-26T14:25:52","slug":"ir-policy-spanish","status":"publish","type":"page","link":"https:\/\/www.takeuchiglobal.com\/es\/ir-policy-spanish\/","title":{"rendered":"IR Policy &#8211; Spanish"},"content":{"rendered":"[vc_row type=&#8221;in_container&#8221; full_screen_row_position=&#8221;middle&#8221; scene_position=&#8221;center&#8221; text_color=&#8221;dark&#8221; text_align=&#8221;left&#8221; top_padding=&#8221;45&#8243; overlay_strength=&#8221;0.3&#8243;][vc_column column_padding=&#8221;no-extra-padding&#8221; column_padding_position=&#8221;all&#8221; background_color_opacity=&#8221;1&#8243; background_hover_color_opacity=&#8221;1&#8243; width=&#8221;1\/4&#8243; tablet_text_alignment=&#8221;default&#8221; phone_text_alignment=&#8221;default&#8221;][vc_widget_sidebar title=&#8221;Relaciones con los inversores &#8221; sidebar_id=&#8221;cs-1&#8243;][\/vc_column][vc_column column_padding=&#8221;no-extra-padding&#8221; column_padding_position=&#8221;all&#8221; background_color_opacity=&#8221;1&#8243; background_hover_color_opacity=&#8221;1&#8243; width=&#8221;3\/4&#8243; tablet_text_alignment=&#8221;default&#8221; phone_text_alignment=&#8221;default&#8221;][vc_column_text]\n<h1>Pol\u00edtica de IR<\/h1>\n<h2>Pol\u00edtica de fundamentos<\/h2>\n<p>Takeuchi Mfg. gestiona las operaciones con equidad y transparencia, al divulgar la informaci\u00f3n corporativa seg\u00fan sea necesario de forma oportuna y apropiada con el objetivo de ser una empresa en la que los accionistas y otros inversores pueden confiar.<\/p>\n<h2>Est\u00e1ndar de divulgaci\u00f3n<\/h2>\n<p>Takeuchi Mfg. divulga informaci\u00f3n de acuerdo con la Ley de Valores e Instrumentos Financieros y las normas de divulgaci\u00f3n oportuna de la Bolsa de Tokio. Incluso la informaci\u00f3n que no est\u00e1 sujeta a las normas de divulgaci\u00f3n oportuna se hace p\u00fablica si creemos que los accionistas y otros inversores la necesitan para tomar decisiones de inversi\u00f3n.<\/p>\n<h2>M\u00e9todos de divulgaci\u00f3n<\/h2>\n<p>La informaci\u00f3n corporativa que ser\u00e1 anunciada es divulgada por orden de un gestor de la informaci\u00f3n en la red de divulgaci\u00f3n oportuna (TDnet) de la bolsa de valores. Esto garantiza que la informaci\u00f3n sea accesible de forma oportuna y apropiada. Otra informaci\u00f3n es divulgada de acuerdo con las mismas directrices de divulgaci\u00f3n oportunas para garantizar la equidad y la velocidad.<\/p>\n<h2>Per\u00edodo de silencio<\/h2>\n<p>Para evitar que se filtre informaci\u00f3n en las presentaciones de resultados, existe un periodo de silencio antes de cada presentaci\u00f3n de resultados. Durante este periodo, no haremos ning\u00fan comentario ni responderemos preguntas relativas a los resultados de las operaciones. Sin embargo, se har\u00e1 un anuncio puntual si durante el periodo de silencio se requiere un cambio significativo de un pron\u00f3stico que ya se ha hecho p\u00fablico.[\/vc_column_text][\/vc_column][\/vc_row]\n","protected":false},"excerpt":{"rendered":"<p>[vc_row type=&#8221;in_container&#8221; full_screen_row_position=&#8221;middle&#8221; scene_position=&#8221;center&#8221; text_color=&#8221;dark&#8221; text_align=&#8221;left&#8221; top_padding=&#8221;45&#8243; overlay_strength=&#8221;0.3&#8243;][vc_column column_padding=&#8221;no-extra-padding&#8221; column_padding_position=&#8221;all&#8221; background_color_opacity=&#8221;1&#8243; background_hover_color_opacity=&#8221;1&#8243; width=&#8221;1\/4&#8243; tablet_text_alignment=&#8221;default&#8221; phone_text_alignment=&#8221;default&#8221;][vc_widget_sidebar title=&#8221;Relaciones con los inversores &#8221; sidebar_id=&#8221;cs-1&#8243;][\/vc_column][vc_column column_padding=&#8221;no-extra-padding&#8221; column_padding_position=&#8221;all&#8221; background_color_opacity=&#8221;1&#8243; background_hover_color_opacity=&#8221;1&#8243; width=&#8221;3\/4&#8243; tablet_text_alignment=&#8221;default&#8221; phone_text_alignment=&#8221;default&#8221;][vc_column_text] Pol\u00edtica de&#8230;<\/p>\n","protected":false},"author":1,"featured_media":0,"parent":0,"menu_order":0,"comment_status":"closed","ping_status":"closed","template":"","meta":{"_acf_changed":false,"footnotes":""},"class_list":["post-6212","page","type-page","status-publish"],"acf":[],"_links":{"self":[{"href":"https:\/\/www.takeuchiglobal.com\/es\/wp-json\/wp\/v2\/pages\/6212","targetHints":{"allow":["GET"]}}],"collection":[{"href":"https:\/\/www.takeuchiglobal.com\/es\/wp-json\/wp\/v2\/pages"}],"about":[{"href":"https:\/\/www.takeuchiglobal.com\/es\/wp-json\/wp\/v2\/types\/page"}],"author":[{"embeddable":true,"href":"https:\/\/www.takeuchiglobal.com\/es\/wp-json\/wp\/v2\/users\/1"}],"replies":[{"embeddable":true,"href":"https:\/\/www.takeuchiglobal.com\/es\/wp-json\/wp\/v2\/comments?post=6212"}],"version-history":[{"count":0,"href":"https:\/\/www.takeuchiglobal.com\/es\/wp-json\/wp\/v2\/pages\/6212\/revisions"}],"wp:attachment":[{"href":"https:\/\/www.takeuchiglobal.com\/es\/wp-json\/wp\/v2\/media?parent=6212"}],"curies":[{"name":"wp","href":"https:\/\/api.w.org\/{rel}","templated":true}]}}