{"id":9091,"date":"2018-07-24T19:48:30","date_gmt":"2018-07-24T19:48:30","guid":{"rendered":"http:\/\/www.takeuchiglobal.com\/terms-conditions\/"},"modified":"2018-09-18T14:19:01","modified_gmt":"2018-09-18T14:19:01","slug":"privacy","status":"publish","type":"page","link":"https:\/\/www.takeuchiglobal.com\/es\/privacy\/","title":{"rendered":"Privacy"},"content":{"rendered":"[vc_row type=&#8221;in_container&#8221; full_screen_row_position=&#8221;middle&#8221; scene_position=&#8221;center&#8221; text_color=&#8221;dark&#8221; text_align=&#8221;left&#8221; overlay_strength=&#8221;0.3&#8243;][vc_column column_padding=&#8221;no-extra-padding&#8221; column_padding_position=&#8221;all&#8221; background_color_opacity=&#8221;1&#8243; background_hover_color_opacity=&#8221;1&#8243; column_shadow=&#8221;none&#8221; width=&#8221;1\/6&#8243; tablet_text_alignment=&#8221;default&#8221; phone_text_alignment=&#8221;default&#8221; column_border_width=&#8221;none&#8221; column_border_style=&#8221;solid&#8221;][\/vc_column][vc_column column_padding=&#8221;no-extra-padding&#8221; column_padding_position=&#8221;all&#8221; background_color_opacity=&#8221;1&#8243; background_hover_color_opacity=&#8221;1&#8243; column_shadow=&#8221;none&#8221; width=&#8221;2\/3&#8243; tablet_text_alignment=&#8221;default&#8221; phone_text_alignment=&#8221;default&#8221; column_border_width=&#8221;none&#8221; column_border_style=&#8221;solid&#8221;][vc_column_text]\n<h1>Pol\u00edtica de Privacidad<\/h1>\n<h2>Fecha de validez: lunes, 6 de agosto de 2018<\/h2>\n<p>Takeuchi Mfg. Co. Ltd., que incluye nuestras subsidiarias en los Estados Unidos, el Reino Unido y Francia (conocidas en conjunto como &#8220;Grupo Takeuchi&#8221; o &#8220;Nosotros&#8221;) se compromete a proteger su privacidad, incluida la de los empleados de Takeuchi, nuestros distribuidores y clientes, los usuarios de nuestras m\u00e1quinas y los visitantes de nuestros sitios web y p\u00e1ginas web. Esta Pol\u00edtica de Privacidad explica c\u00f3mo Takeuchi procesar\u00e1 y proteger\u00e1 sus datos personales.<\/p>\n<p>Usamos sus datos para proporcionar y mejorar el Servicio. Al utilizar el Servicio, usted acepta la recopilaci\u00f3n y el uso de la informaci\u00f3n de acuerdo con esta pol\u00edtica. A menos que se defina lo contrario en esta Pol\u00edtica de Privacidad, los t\u00e9rminos utilizados en esta Pol\u00edtica de Privacidad tienen los mismos significados que en nuestros T\u00e9rminos y Condiciones, accesibles desde <a href=\"http:\/\/www.takeuchiglobal.com\">www.takeuchiglobal.com<\/a><\/p>\n<p><strong>Definiciones<\/strong><\/p>\n<p><strong>Servicio<\/strong><\/p>\n<p>El servicio es el sitio web www.takeuchiglobal.com gestionado por el Grupo Takeuchi.<\/p>\n<p><strong>Datos personales<\/strong><\/p>\n<p>Los datos personales es cualquier informaci\u00f3n relacionada con una persona natural identificada o identificable, que es una persona que se puede identificar directa o indirectamente, en particular, mediante un identificador como un nombre, un n\u00famero de identificaci\u00f3n, datos de ubicaci\u00f3n, un identificador en l\u00ednea o uno o m\u00e1s factores espec\u00edficos a la identidad f\u00edsica, fisiol\u00f3gica, gen\u00e9tica, mental, econ\u00f3mica, cultural o social de esa persona natural.\u00a0 Esto se basa en la definici\u00f3n utilizada en el Reglamento General de Protecci\u00f3n de Datos de la UE.<\/p>\n<p><strong>Datos de uso<\/strong><\/p>\n<p>Los datos de uso son datos recopilados autom\u00e1ticamente, generados por el uso del Servicio o de la propia infraestructura del Servicio (por ejemplo, la duraci\u00f3n de una visita a la p\u00e1gina).<\/p>\n<p><strong>Cookies<\/strong><\/p>\n<p>Los cookies son peque\u00f1as piezas de datos almacenadas en su dispositivo (ordenador o dispositivo m\u00f3vil).<\/p>\n<p><strong>Recopilaci\u00f3n y uso de informaci\u00f3n<\/strong><\/p>\n<p>Recopilamos varios tipos diferentes de informaci\u00f3n para diversos fines para proporcionarle y mejorar nuestro Servicio.<\/p>\n<p><strong>Tipos de datos recopilados<\/strong><\/p>\n<p><strong>Datos personales<\/strong><\/p>\n<p>Al utilizar nuestro Servicio, podemos solicitarle que nos proporcione cierta informaci\u00f3n de identificaci\u00f3n personal que puede usarse para contactar con usted o identificarlo (&#8220;Datos personales&#8221;). La informaci\u00f3n de identificaci\u00f3n personal puede incluir, pero no est\u00e1 limitada a:<\/p>\n<ul>\n<li>Direcci\u00f3n de correo electr\u00f3nico<br \/>\n\u2022 Nombre y apellido<br \/>\n\u2022 N\u00famero de tel\u00e9fono<br \/>\n\u2022 Direcci\u00f3n, estado, provincia, c\u00f3digo postal, ciudad<br \/>\n\u2022 Cookies y datos de uso<br \/>\nPodemos utilizar sus datos personales para contactar con usted con boletines informativos, materiales promocionales o de marketing y otra informaci\u00f3n que puede ser de su inter\u00e9s. Puede optar por no recibir ninguna o todas estas comunicaciones de nuestra parte siguiendo el enlace de cancelaci\u00f3n de suscripci\u00f3n o las instrucciones proporcionadas en cualquier correo electr\u00f3nico que le enviemos.<\/li>\n<\/ul>\n<p><strong>Datos de uso<\/strong><\/p>\n<p>Tambi\u00e9n podemos recopilar informaci\u00f3n sobre c\u00f3mo se accede y utiliza el Servicio (&#8220;Datos de uso&#8221;). Estos datos de uso pueden incluir informaci\u00f3n como la direcci\u00f3n del Protocolo de Internet de su ordenador (por ejemplo, direcci\u00f3n IP), tipo de navegador, versi\u00f3n del navegador, las p\u00e1ginas de nuestro Servicio que visita, la hora y fecha de su visita, el tiempo dedicado a esas p\u00e1ginas, identificadores de dispositivo y otros datos de diagn\u00f3stico.<\/p>\n<p><strong>Datos de localizaci\u00f3n<\/strong><\/p>\n<p>Podemos usar y almacenar informaci\u00f3n sobre su ubicaci\u00f3n si nos da permiso para hacerlo (&#8220;Datos de ubicaci\u00f3n&#8221;). Usamos esta informaci\u00f3n para proporcionar funciones de nuestro Servicio, para mejorar y personalizar nuestro Servicio.<\/p>\n<p>Puede habilitar o deshabilitar servicios de ubicaci\u00f3n cuando use nuestro Servicio en cualquier momento, a trav\u00e9s de la configuraci\u00f3n de su dispositivo.<\/p>\n<p><strong>Datos de seguimiento y cookies<\/strong><\/p>\n<p>Usamos cookies y tecnolog\u00edas de seguimiento similares para rastrear la actividad en nuestro Servicio y mantener cierta informaci\u00f3n.<\/p>\n<p>Los cookies son archivos con poca cantidad de datos que pueden incluir un identificador \u00fanico an\u00f3nimo. Los cookies se env\u00edan a su navegador desde un sitio web y se almacenan en su dispositivo. Las tecnolog\u00edas de seguimiento utilizadas son balizas, tags y scripts para recopilar y rastrear informaci\u00f3n y para mejorar y analizar nuestro Servicio.<\/p>\n<p>Puede indicar a su navegador que rechace todas las cookies o que avise cu\u00e1ndo se env\u00eda una cookie. Sin embargo, si no acepta las cookies, es posible que no pueda usar algunas partes de nuestro Servicio.<\/p>\n<p>Ejemplos de cookies que utilizamos:<br \/>\n\u2022 Cookies de sesi\u00f3n. Usamos cookies de sesi\u00f3n para gestionar nuestro Servicio.<br \/>\n\u2022 Cookies de preferencia. Usamos cookies de preferencia para recordar sus preferencias y varias configuraciones.<br \/>\n\u2022 Cookies de seguridad. Utilizamos cookies de seguridad para fines de seguridad.<\/p>\n<p><strong>Uso de datos<\/strong><\/p>\n<p>Takeuchi Mfg. Co. Ltd. utiliza los datos recopilados para diversos fines:<\/p>\n<ul>\n<li>Para proporcionar y mantener nuestro Servicio<br \/>\n\u2022 Para notificarle acerca de los cambios en nuestro Servicio<br \/>\n\u2022 Para permitirle participar en funciones interactivas de nuestro Servicio cuando elige hacerlo<br \/>\n\u2022 Para proporcionar soporte al cliente<br \/>\n\u2022 Para recopilar an\u00e1lisis o informaci\u00f3n valiosa para que podamos mejorar nuestro Servicio<br \/>\n\u2022 Para realizar un seguimiento del uso de nuestro Servicio<br \/>\n\u2022 Para detectar, prevenir y abordar problemas t\u00e9cnicos<br \/>\n\u2022 Para proporcionarle noticias, ofertas especiales e informaci\u00f3n general sobre otros bienes, servicios y eventos que ofrecemos que son similares a los que usted ya ha comprado o consultado a menos que haya optado por no recibir dicha informaci\u00f3n<\/li>\n<\/ul>\n<p><strong>Base legal para el procesamiento de datos personales bajo el Reglamento General de Protecci\u00f3n de Datos (GDPR)<\/strong><\/p>\n<p>Takeuchi Mfg. La base legal de Co. Ltd. para recopilar y utilizar la informaci\u00f3n personal descrita en esta Pol\u00edtica de Privacidad depende de los Datos personales que recopilamos y del contexto espec\u00edfico en el que los recopilamos.<\/p>\n<p>Takeuchi Mfg. Co. Ltd. puede procesar sus datos personales porque:<br \/>\n\u2022 Necesitamos realizar un contrato con usted<br \/>\n\u2022 Nos ha dado permiso para hacerlo<br \/>\n\u2022 El procesamiento es en nuestros intereses leg\u00edtimos y no est\u00e1 anulado por sus derechos<br \/>\n\u2022 Para cumplir con la ley<\/p>\n<p><strong>Retenci\u00f3n de datos<\/strong><\/p>\n<p>Takeuchi Mfg. Co. Ltd. retendr\u00e1 sus Datos personales solo durante el tiempo que sea necesario para los fines establecidos en esta Pol\u00edtica de Privacidad. Retendremos y usaremos sus Datos personales en la medida necesaria para cumplir con nuestras obligaciones legales (por ejemplo, si estamos obligados a conservar sus datos para cumplir con las leyes aplicables), resolver disputas y hacer cumplir nuestros acuerdos y pol\u00edticas legales.<\/p>\n<p>Takeuchi Mfg. Co. Ltd. tambi\u00e9n retendr\u00e1 los Datos de uso para fines de an\u00e1lisis interno. Los Datos de uso generalmente se conservan durante un per\u00edodo de tiempo m\u00e1s corto, excepto cuando estos datos se utilizan para reforzar la seguridad o mejorar la funcionalidad de nuestro Servicio, o cuando estamos legalmente obligados a retener estos datos por per\u00edodos de tiempo m\u00e1s largos.<\/p>\n<p><strong>Transferencia de datos<\/strong><\/p>\n<p>Su informaci\u00f3n, incluidos los Datos personales, puede transferirse a, y mantenerse en ordenadores ubicados fuera de su estado, provincia, pa\u00eds u otra jurisdicci\u00f3n gubernamental donde las leyes de protecci\u00f3n de datos pueden diferir de las de su jurisdicci\u00f3n.<\/p>\n<p>Su informaci\u00f3n puede ser transferida a un pa\u00eds diferente.\u00a0 Su consentimiento a esta Pol\u00edtica de Privacidad seguida de su env\u00edo de dicha informaci\u00f3n representa su aceptaci\u00f3n de dicha transferencia.<\/p>\n<p>Takeuchi Mfg. Co. Ltd. tomar\u00e1 todas las medidas razonablemente necesarias para garantizar que sus datos se tratan de forma segura y de conformidad con esta Pol\u00edtica de Privacidad y que no se transferir\u00e1n sus Datos personales a una organizaci\u00f3n o pa\u00eds a menos que existan controles adecuados, incluida la seguridad de sus datos y otra informaci\u00f3n personal.<\/p>\n<p><strong>Divulgaci\u00f3n de datos<\/strong><\/p>\n<p><strong>Requerimientos legales<\/strong><\/p>\n<p>Takeuchi Mfg. Co. Ltd. puede divulgar sus Datos personales al estar convencidos de que dicha acci\u00f3n es necesaria para:<br \/>\n\u2022 Cumplir con una obligaci\u00f3n legal<br \/>\n\u2022 Buscar intereses leg\u00edtimos del Grupo Takeuchi a menos que queden invalidados por sus derechos fundamentals<br \/>\n\u2022 Prevenir o investigar posibles irregularidades relacionadas con el Servicio<br \/>\n\u2022 Proteger la seguridad personal de los usuarios del Servicio o del p\u00fablico<br \/>\n\u2022 Proteger contra la responsabilidad legal<\/p>\n<p><strong>Seguridad de datos<\/strong><\/p>\n<p>La seguridad de sus datos es importante para nosotros, pero recuerde que ning\u00fan m\u00e9todo de transmisi\u00f3n a trav\u00e9s de Internet o m\u00e9todo de almacenamiento electr\u00f3nico es 100% seguro. Si bien nos esforzamos por utilizar medios comercialmente aceptables para proteger sus Datos personales, no podemos garantizar su seguridad absoluta.<\/p>\n<p>Puede configurar su navegador para rechazar todas las cookies del navegador o para avisarle cuando los sitios web configuren o accedan a las cookies. Si desactiva o rechaza las cookies, tenga en cuenta que algunas funciones del sitio web del Grupo Takeuchi pueden quedar inaccesibles o no funcionar correctamente.<\/p>\n<p><strong>Sus derechos de protecci\u00f3n de datos bajo el Reglamento General de Protecci\u00f3n de Datos (GDPR)<\/strong><\/p>\n<p>El Grupo Takeuchi tiene como objetivo tomar medidas razonables para permitirle corregir, modificar, eliminar o limitar el uso de sus datos personales.<\/p>\n<p>Si desea que le informemos sobre qu\u00e9 Datos personales tenemos sobre usted y si desea que se eliminen de nuestros sistemas, cont\u00e1ctenos.<\/p>\n<p>En determinadas circunstancias, tiene los siguientes derechos de protecci\u00f3n de datos:<\/p>\n<ul>\n<li>El derecho de acceder, actualizar o eliminar la informaci\u00f3n que tenemos sobre usted. Siempre que sea posible, puede acceder, actualizar o solicitar la eliminaci\u00f3n de sus Datos personales directamente en la secci\u00f3n de configuraci\u00f3n de su cuenta. Si no puede realizar estas acciones usted mismo, cont\u00e1ctenos para ayudarlo.<br \/>\n\u2022 El derecho de rectificaci\u00f3n. Tiene derecho a que se rectifique su informaci\u00f3n si esa informaci\u00f3n es incorrecta o est\u00e1 incompleta.<br \/>\n\u2022 El derecho a oponerse. Tiene derecho a oponerse a nuestro procesamiento de sus Datos personales.<br \/>\n\u2022 El derecho de restricci\u00f3n. Tiene derecho a solicitar que restrinjamos el procesamiento de su informaci\u00f3n personal.<br \/>\n\u2022 El derecho a la portabilidad de datos. Tiene derecho a recibir una copia de la informaci\u00f3n que tenemos sobre usted en un formato estructurado, legible por m\u00e1quina y de uso com\u00fan.<br \/>\n\u2022 El derecho a retirar el consentimiento. Tambi\u00e9n tiene derecho a retirar su consentimiento en cualquier momento en relaci\u00f3n con todo aquello para lo que Takeuchi Mfg. Co. Ltd. dependi\u00f3 de su consentimiento para procesar su informaci\u00f3n personal.<\/li>\n<\/ul>\n<p>Tenga en cuenta que podemos solicitarle que verifique su identidad antes de responder a dichas solicitudes.<\/p>\n<p>Tiene derecho a presentar una reclamaci\u00f3n ante una Autoridad de protecci\u00f3n de datos en relaci\u00f3n con nuestra recopilaci\u00f3n y uso de sus Datos personales. Para obtener m\u00e1s informaci\u00f3n, p\u00f3ngase en contacto con su autoridad local de protecci\u00f3n de datos.<\/p>\n<p><strong>Proveedores de servicio<\/strong><\/p>\n<p>Podemos emplear empresas e individuos terceros para facilitar nuestro Servicio (&#8220;Proveedores de servicios&#8221;), que proporcionen el Servicio en nuestro nombre, para realizar servicios relacionados con el Servicio o para ayudarnos a analizar c\u00f3mo se utiliza nuestro Servicio.<\/p>\n<p>Estos terceros tienen acceso a sus Datos personales solo para realizar estas tareas en nuestro nombre y est\u00e1n obligados a no divulgarlos ni utilizarlos para ning\u00fan otro fin.<\/p>\n<p><strong>An\u00e1lisis<\/strong><\/p>\n<p>Podemos utilizar proveedores de servicios externos para supervisar y analizar el uso de nuestro Servicio.<\/p>\n<ul>\n<li>Google Analytics<br \/>\nGoogle Analytics es un servicio de an\u00e1lisis web ofrecido por Google que rastrea e informa el tr\u00e1fico del sitio web. Google usa los datos recopilados para rastrear y realizar un seguimiento del uso de nuestro Servicio. Esta informaci\u00f3n se comparte con otros servicios de Google. Google puede usar los datos recopilados para contextualizar y personalizar los anuncios de su propia red publicitaria.<\/li>\n<\/ul>\n<p>Puede optar por no permitir que su actividad en el Servicio est\u00e9 disponible para Google Analytics mediante la instalaci\u00f3n del complemento del navegador opt-out de Google Analytics. El complemento impide que el JavaScript de Google Analytics (ga.js, analytics.js y dc.js) comparta informaci\u00f3n con Google Analytics sobre la actividad de las visitas.<\/p>\n<p>Para obtener m\u00e1s informaci\u00f3n sobre las pr\u00e1cticas de privacidad de Google, visite la p\u00e1gina web de privacidad y t\u00e9rminos de Google: <a href=\"https:\/\/policies.google.com\/privacy?hl=es\" target=\"_blank\" rel=\"noopener\">https:\/\/policies.google.com\/privacy?hl=es<\/a><\/p>\n<p><strong>Enlaces a otros sitios<\/strong><\/p>\n<p>Nuestro Servicio puede contener enlaces a otros sitios que no son gestionados por nosotros. Si hace clic en un enlace de un tercero, ser\u00e1 dirigido al sitio de ese tercero. Le recomendamos encarecidamente que revise la Pol\u00edtica de Privacidad de cada sitio que visite.<\/p>\n<p>No tenemos control ni asumimos ninguna responsabilidad por el contenido, las pol\u00edticas de privacidad o las pr\u00e1cticas de sitios o servicios de terceros.<\/p>\n<p><strong>Privacidad de los ni\u00f1os<\/strong><\/p>\n<p>Nuestro Servicio no se dirige a ninguna persona menor de 18 a\u00f1os (&#8220;Ni\u00f1os&#8221;).<\/p>\n<p>No recopilamos informaci\u00f3n de identificaci\u00f3n personal de ninguna persona menor de 18 a\u00f1os deliberadamente. Si usted es un padre o tutor y sabe que su hijo nos ha proporcionado Datos personales, cont\u00e1ctenos. Si tomamos conocimiento de que hemos recopilado Datos personales de ni\u00f1os sin verificaci\u00f3n del consentimiento de los padres, tomaremos medidas para eliminar esa informaci\u00f3n de nuestros servidores.<\/p>\n<p><strong>Cambios a esta Pol\u00edtica de Privacidad<\/strong><\/p>\n<p>Es posible que actualicemos nuestra Pol\u00edtica de Privacidad de vez en cuando. Le notificaremos de cualquier cambio publicando la nueva Pol\u00edtica de Privacidad en esta p\u00e1gina.<\/p>\n<p>Le avisaremos por correo electr\u00f3nico y mediante un aviso destacado en nuestro Servicio antes de que el cambio entre en vigor y actualizaremos la &#8220;fecha de validez&#8221; en la parte superior de esta Pol\u00edtica de Privacidad.<\/p>\n<p>Se le recomienda revisar esta Pol\u00edtica de Privacidad peri\u00f3dicamente para mantenerse informado sobre cualquier cambio. Los cambios a esta Pol\u00edtica de Privacidad son efectivos cuando se publican en esta p\u00e1gina.<\/p>\n<p><strong>Cont\u00e1ctenos<\/strong><\/p>\n<p>Si tiene alguna pregunta sobre esta Pol\u00edtica de Privacidad, cont\u00e1ctenos:<br \/>\n\u2022 Por correo electr\u00f3nico: <a href=\"mailto:privacy@takeuchi-us.com\">privacy@takeuchi-us.com<\/a><br \/>\n\u2022 Al visitar esta p\u00e1gina en nuestro sitio web: <a href=\"http:\/\/www.takeuchiglobal.com\/privacy\">www.takeuchiglobal.com\/privacy<\/a><br \/>\n\u2022 Por tel\u00e9fono: 00 1 706.693.3600<br \/>\n\u2022 Por correo: 519 Bonnie Valentine Way, Pendergrass, Georgia 30567[\/vc_column_text][\/vc_column][vc_column column_padding=&#8221;no-extra-padding&#8221; column_padding_position=&#8221;all&#8221; background_color_opacity=&#8221;1&#8243; background_hover_color_opacity=&#8221;1&#8243; column_shadow=&#8221;none&#8221; width=&#8221;1\/6&#8243; tablet_text_alignment=&#8221;default&#8221; phone_text_alignment=&#8221;default&#8221; column_border_width=&#8221;none&#8221; column_border_style=&#8221;solid&#8221;][\/vc_column][\/vc_row]\n","protected":false},"excerpt":{"rendered":"<p>[vc_row type=&#8221;in_container&#8221; full_screen_row_position=&#8221;middle&#8221; scene_position=&#8221;center&#8221; text_color=&#8221;dark&#8221; text_align=&#8221;left&#8221; overlay_strength=&#8221;0.3&#8243;][vc_column column_padding=&#8221;no-extra-padding&#8221; column_padding_position=&#8221;all&#8221; background_color_opacity=&#8221;1&#8243; background_hover_color_opacity=&#8221;1&#8243; column_shadow=&#8221;none&#8221; width=&#8221;1\/6&#8243; tablet_text_alignment=&#8221;default&#8221; phone_text_alignment=&#8221;default&#8221; column_border_width=&#8221;none&#8221; column_border_style=&#8221;solid&#8221;][\/vc_column][vc_column column_padding=&#8221;no-extra-padding&#8221; column_padding_position=&#8221;all&#8221; background_color_opacity=&#8221;1&#8243; background_hover_color_opacity=&#8221;1&#8243; column_shadow=&#8221;none&#8221; width=&#8221;2\/3&#8243; tablet_text_alignment=&#8221;default&#8221; phone_text_alignment=&#8221;default&#8221; column_border_width=&#8221;none&#8221; column_border_style=&#8221;solid&#8221;][vc_column_text] Pol\u00edtica de Privacidad&#8230;<\/p>\n","protected":false},"author":2,"featured_media":0,"parent":0,"menu_order":0,"comment_status":"closed","ping_status":"closed","template":"","meta":{"_acf_changed":false,"footnotes":""},"class_list":["post-9091","page","type-page","status-publish"],"acf":[],"_links":{"self":[{"href":"https:\/\/www.takeuchiglobal.com\/es\/wp-json\/wp\/v2\/pages\/9091","targetHints":{"allow":["GET"]}}],"collection":[{"href":"https:\/\/www.takeuchiglobal.com\/es\/wp-json\/wp\/v2\/pages"}],"about":[{"href":"https:\/\/www.takeuchiglobal.com\/es\/wp-json\/wp\/v2\/types\/page"}],"author":[{"embeddable":true,"href":"https:\/\/www.takeuchiglobal.com\/es\/wp-json\/wp\/v2\/users\/2"}],"replies":[{"embeddable":true,"href":"https:\/\/www.takeuchiglobal.com\/es\/wp-json\/wp\/v2\/comments?post=9091"}],"version-history":[{"count":0,"href":"https:\/\/www.takeuchiglobal.com\/es\/wp-json\/wp\/v2\/pages\/9091\/revisions"}],"wp:attachment":[{"href":"https:\/\/www.takeuchiglobal.com\/es\/wp-json\/wp\/v2\/media?parent=9091"}],"curies":[{"name":"wp","href":"https:\/\/api.w.org\/{rel}","templated":true}]}}