{"id":10221,"date":"2021-07-28T19:14:41","date_gmt":"2021-07-28T19:14:41","guid":{"rendered":"https:\/\/www.takeuchiglobal.com\/tb1000-50th-anniversary\/"},"modified":"2021-09-01T13:11:37","modified_gmt":"2021-09-01T13:11:37","slug":"tb1000-50th-anniversary","status":"publish","type":"page","link":"https:\/\/www.takeuchiglobal.com\/fr\/tb1000-50th-anniversary\/","title":{"rendered":"TB1000 50th Anniversary"},"content":{"rendered":"[vc_row type=&#8221;in_container&#8221; full_screen_row_position=&#8221;middle&#8221; scene_position=&#8221;center&#8221; text_color=&#8221;dark&#8221; text_align=&#8221;left&#8221; overlay_strength=&#8221;0.3&#8243; shape_divider_position=&#8221;bottom&#8221; bg_image_animation=&#8221;none&#8221;][vc_column column_padding=&#8221;no-extra-padding&#8221; column_padding_position=&#8221;all&#8221; background_color_opacity=&#8221;1&#8243; background_hover_color_opacity=&#8221;1&#8243; column_link_target=&#8221;_self&#8221; column_shadow=&#8221;none&#8221; column_border_radius=&#8221;none&#8221; width=&#8221;2\/3&#8243; tablet_width_inherit=&#8221;default&#8221; tablet_text_alignment=&#8221;default&#8221; phone_text_alignment=&#8221;default&#8221; column_border_width=&#8221;none&#8221; column_border_style=&#8221;solid&#8221; bg_image_animation=&#8221;none&#8221;][divider line_type=&#8221;No Line&#8221; custom_height=&#8221;50&#8243;][image_with_animation image_url=&#8221;10229&#8243; alignment=&#8221;center&#8221; animation=&#8221;Fade In&#8221; border_radius=&#8221;none&#8221; box_shadow=&#8221;none&#8221; max_width=&#8221;100%&#8221; img_link=&#8221;https:\/\/www.takeuchiglobal.com\/locator\/&#8221;][divider line_type=&#8221;No Line&#8221; custom_height=&#8221;50&#8243;][vc_column_text css_animation=&#8221;bounceInDown&#8221;]\n<h1 style=\"text-align: center;\">La premi\u00e8re pelle compacte \u00e0 rotation \u00e0 360\u00a0degr\u00e9s de Takeuchi, la TB1000, f\u00eate son 50e anniversaire<\/h1>\n[\/vc_column_text][\/vc_column][vc_column column_padding=&#8221;no-extra-padding&#8221; column_padding_position=&#8221;all&#8221; background_color_opacity=&#8221;1&#8243; background_hover_color_opacity=&#8221;1&#8243; column_link_target=&#8221;_self&#8221; column_shadow=&#8221;none&#8221; column_border_radius=&#8221;none&#8221; width=&#8221;1\/3&#8243; tablet_width_inherit=&#8221;default&#8221; tablet_text_alignment=&#8221;default&#8221; phone_text_alignment=&#8221;default&#8221; column_border_width=&#8221;none&#8221; column_border_style=&#8221;solid&#8221; bg_image_animation=&#8221;none&#8221;][divider line_type=&#8221;No Line&#8221; custom_height=&#8221;20&#8243;][nectar_video_lightbox link_style=&#8221;play_button_2&#8243; nectar_play_button_color=&#8221;Default-Accent-Color&#8221; image_url=&#8221;10206&#8243; hover_effect=&#8221;defaut&#8221; box_shadow=&#8221;none&#8221; border_radius=&#8221;none&#8221; play_button_size=&#8221;default&#8221; video_url=&#8221;https:\/\/vimeo.com\/manage\/videos\/582563773&#8243;][vc_column_text css=&#8221;.vc_custom_1628797574148{margin-top: 10px !important;}&#8221;]\n<h5 style=\"text-align: center;\">Apprenez tout sur la TB1000 de Takeuchi, la premi\u00e8re pelle compacte \u00e0 360 degr\u00e9s au monde !<\/h5>\n[\/vc_column_text][\/vc_column][\/vc_row][vc_row type=&#8221;in_container&#8221; full_screen_row_position=&#8221;middle&#8221; scene_position=&#8221;center&#8221; text_color=&#8221;dark&#8221; text_align=&#8221;left&#8221; overlay_strength=&#8221;0.3&#8243; shape_divider_position=&#8221;bottom&#8221; bg_image_animation=&#8221;none&#8221;][vc_column column_padding=&#8221;no-extra-padding&#8221; column_padding_position=&#8221;all&#8221; background_color_opacity=&#8221;1&#8243; background_hover_color_opacity=&#8221;1&#8243; column_link_target=&#8221;_self&#8221; column_shadow=&#8221;none&#8221; column_border_radius=&#8221;none&#8221; width=&#8221;2\/3&#8243; tablet_width_inherit=&#8221;default&#8221; tablet_text_alignment=&#8221;default&#8221; phone_text_alignment=&#8221;default&#8221; column_border_width=&#8221;none&#8221; column_border_style=&#8221;solid&#8221; bg_image_animation=&#8221;none&#8221;][vc_column_text]Il est difficile de dire ce qui fait le succ\u00e8s d\u2019une entreprise\u00a0: ses produits, ses employ\u00e9s ou son leadership\u00a0? Dans le cas de Takeuchi, c\u2019est tout cela et plus encore. Lorsque M.\u00a0Akio Takeuchi a fond\u00e9 l\u2019entreprise en 1963, comme beaucoup de jeunes gens, il ne pouvait pas prendre l\u2019enti\u00e8re mesure de ce qui allait devenir Takeuchi\u00a0Manufacturing. \u00c0 ses d\u00e9buts, M.\u00a0Takeuchi produisait des pi\u00e8ces pour l\u2019industrie automobile, mais ce n\u2019est pas pour cela qu\u2019il d\u00e9sirait \u00eatre connu. Il \u00e9tait loin de se douter que l\u2019occasion de d\u00e9velopper Takeuchi viendrait sous la forme d\u2019une demande qui allait changer \u00e0 jamais l\u2019orientation de son entreprise.<\/p>\n<p>C\u2019est en 1968 qu\u2019un partenaire commercial et constructeur est entr\u00e9 en contact avec M.\u00a0Takeuchi pour lui demand\u00e9 de produire une machine qui remplacerait les pioches et les pelles. Apr\u00e8s avoir re\u00e7u cette demande ambitieuse, il a retrouss\u00e9 ses manches et a mis la main \u00e0 la p\u00e2te, \u00e9paul\u00e9 par de talentueux ing\u00e9nieurs, pour concevoir et construire ce qui allait devenir la premi\u00e8re pelle compacte au monde, la TB300. L\u2019invention de cet engin a r\u00e9duit la charge de travail des constructeurs en \u00e9liminant le travail d\u2019excavation manuel qui devait auparavant \u00eatre effectu\u00e9 \u00e0 la pioche et \u00e0 la pelle. En quelques heures, les constructeurs pouvaient d\u00e9sormais effectuer des travaux qui auraient auparavant pris des jours \u00e0 r\u00e9aliser manuellement. Takeuchi \u00e9tait lanc\u00e9 et regorgeait d\u2019id\u00e9es novatrices pour ses pelles, et pour am\u00e9liorer la vie des constructeurs partout dans le monde.<\/p>\n<div id=\"attachment_10228\" style=\"width: 150px\" class=\"wp-caption alignleft\"><a href=\"https:\/\/www.takeuchiglobal.com\/wp-content\/uploads\/2021\/08\/Original-TB1000-Brochure.pdf\" target=\"_blank\" rel=\"noopener\"><img loading=\"lazy\" decoding=\"async\" aria-describedby=\"caption-attachment-10228\" class=\"wp-image-10228\" src=\"https:\/\/www.takeuchiglobal.com\/wp-content\/uploads\/2021\/08\/TB1000-cc-French-300x202.jpg\" alt=\"\" width=\"140\" height=\"94\" srcset=\"https:\/\/www.takeuchiglobal.com\/wp-content\/uploads\/2021\/08\/TB1000-cc-French-300x202.jpg 300w, https:\/\/www.takeuchiglobal.com\/wp-content\/uploads\/2021\/08\/TB1000-cc-French-1024x690.jpg 1024w, https:\/\/www.takeuchiglobal.com\/wp-content\/uploads\/2021\/08\/TB1000-cc-French-768x518.jpg 768w, https:\/\/www.takeuchiglobal.com\/wp-content\/uploads\/2021\/08\/TB1000-cc-French-1536x1036.jpg 1536w, https:\/\/www.takeuchiglobal.com\/wp-content\/uploads\/2021\/08\/TB1000-cc-French-900x600.jpg 900w, https:\/\/www.takeuchiglobal.com\/wp-content\/uploads\/2021\/08\/TB1000-cc-French-600x403.jpg 600w, https:\/\/www.takeuchiglobal.com\/wp-content\/uploads\/2021\/08\/TB1000-cc-French-400x269.jpg 400w, https:\/\/www.takeuchiglobal.com\/wp-content\/uploads\/2021\/08\/TB1000-cc-French.jpg 1750w\" sizes=\"auto, (max-width: 140px) 100vw, 140px\" \/><\/a><p id=\"caption-attachment-10228\" class=\"wp-caption-text\">Voir la brochure originale du TB1000<\/p><\/div>\n<p>En 1970, Takeuchi a continu\u00e9 \u00e0 innover en fabriquant la premi\u00e8re pelle compacte \u00e0 rotation \u00e0 360 degr\u00e9s au monde : la TB1000. Cette machine moderne, \u00e0 la pointe de la technologie, est entr\u00e9e en production et a \u00e9t\u00e9 officiellement lanc\u00e9e en 1971, changeant \u00e0 nouveau, et pour toujours, l\u2019industrie des engins de chantier compacts. Gr\u00e2ce \u00e0 l\u2019introduction de cette nouvelle machine sur le march\u00e9, Takeuchi s\u2019est fait le pionnier d\u2019une industrie qui produit et vend aujourd\u2019hui plus de 49 000 pelles compactes par an dans la cat\u00e9gorie des 1 \u00e0 6 tonnes.<\/p>\n<p>Akio Takeuchi sait bien que rien de tout cela n\u2019aurait \u00e9t\u00e9 possible sans de fondation solide. Ses convictions in\u00e9branlables \u2013 celles de prendre soin des employ\u00e9s, de l\u2019environnement et du client \u2013 subsisteront et sont en harmonie. Il promeut cette philosophie dans tous les \u00e9tablissements Takeuchi et ses employ\u00e9s pr\u00e9servent cet h\u00e9ritage en travaillant ensemble et en partageant sa cr\u00e9ativit\u00e9, son ambition et son sens de la coop\u00e9ration.<\/p>\n<p>Takeuchi s\u2019est \u00e0 jamais taill\u00e9 une place parmi les grands de l\u2019Histoire, il sera toujours consid\u00e9r\u00e9 comme le leader mondial et le pionnier de l\u2019industrie des engins de chantier compacts. Aujourd\u2019hui, on retrouve une nouvelle direction \u00e0 la t\u00eate de Takeuchi\u00a0Manufacturing\u00a0: M.\u00a0Toshiya\u00a0Takeuchi, le fils de son fondateur. Forte de cette nouvelle direction et de la prochaine g\u00e9n\u00e9ration d\u2019employ\u00e9s talentueux, Takeuchi continuera \u00e0 trouver des moyens d\u2019am\u00e9liorer les proc\u00e9d\u00e9s de construction pour contribuer \u00e0 la protection de l\u2019environnement et \u00e0 concevoir des machines qui permettront aux constructeurs d\u2019infrastructures d\u2019exceller pour encore des ann\u00e9es \u00e0 venir.<\/p>\n<pre id=\"tw-target-text\" class=\"tw-data-text tw-text-large XcVN5d tw-ta\" dir=\"ltr\" data-placeholder=\"Translation\"><a href=\"https:\/\/www.takeuchiglobal.com\/wp-content\/uploads\/2021\/08\/TB1000-Global-Site-French.pdf\" target=\"_blank\" rel=\"noopener\"><span class=\"Y2IQFc\" lang=\"fr\">T\u00e9l\u00e9charger le communiqu\u00e9 de presse<\/span><\/a><\/pre>\n[\/vc_column_text][\/vc_column][vc_column column_padding=&#8221;no-extra-padding&#8221; column_padding_position=&#8221;all&#8221; background_color_opacity=&#8221;1&#8243; background_hover_color_opacity=&#8221;1&#8243; column_link_target=&#8221;_self&#8221; column_shadow=&#8221;none&#8221; column_border_radius=&#8221;none&#8221; width=&#8221;1\/3&#8243; tablet_width_inherit=&#8221;default&#8221; tablet_text_alignment=&#8221;default&#8221; phone_text_alignment=&#8221;default&#8221; column_border_width=&#8221;none&#8221; column_border_style=&#8221;solid&#8221; bg_image_animation=&#8221;none&#8221;][nectar_video_lightbox link_style=&#8221;play_button_2&#8243; nectar_play_button_color=&#8221;Default-Accent-Color&#8221; image_url=&#8221;10195&#8243; hover_effect=&#8221;defaut&#8221; box_shadow=&#8221;none&#8221; border_radius=&#8221;none&#8221; play_button_size=&#8221;default&#8221; video_url=&#8221;https:\/\/vimeo.com\/580383896&#8243;][image_with_animation image_url=&#8221;10197&#8243; alignment=&#8221;right&#8221; animation=&#8221;None&#8221; border_radius=&#8221;none&#8221; box_shadow=&#8221;none&#8221; max_width=&#8221;100%&#8221; margin_top=&#8221;25&#8243;][vc_column_text]La philosophie de Takeuchi est simple : construire des machines de qualit\u00e9 dont les clients ont besoin pour se faciliter la vie et terminer leurs travaux les plus difficiles.[\/vc_column_text][\/vc_column][\/vc_row]\n","protected":false},"excerpt":{"rendered":"<p>[vc_row type=&#8221;in_container&#8221; full_screen_row_position=&#8221;middle&#8221; scene_position=&#8221;center&#8221; text_color=&#8221;dark&#8221; text_align=&#8221;left&#8221; overlay_strength=&#8221;0.3&#8243; shape_divider_position=&#8221;bottom&#8221; bg_image_animation=&#8221;none&#8221;][vc_column column_padding=&#8221;no-extra-padding&#8221; column_padding_position=&#8221;all&#8221; background_color_opacity=&#8221;1&#8243; background_hover_color_opacity=&#8221;1&#8243; column_link_target=&#8221;_self&#8221; column_shadow=&#8221;none&#8221; column_border_radius=&#8221;none&#8221; width=&#8221;2\/3&#8243; tablet_width_inherit=&#8221;default&#8221; tablet_text_alignment=&#8221;default&#8221; phone_text_alignment=&#8221;default&#8221; column_border_width=&#8221;none&#8221; column_border_style=&#8221;solid&#8221; bg_image_animation=&#8221;none&#8221;][divider line_type=&#8221;No Line&#8221; custom_height=&#8221;50&#8243;][image_with_animation image_url=&#8221;10229&#8243; alignment=&#8221;center&#8221; animation=&#8221;Fade In&#8221;&#8230;<\/p>\n","protected":false},"author":1,"featured_media":0,"parent":0,"menu_order":0,"comment_status":"closed","ping_status":"closed","template":"","meta":{"_acf_changed":false,"footnotes":""},"class_list":["post-10221","page","type-page","status-publish"],"acf":[],"_links":{"self":[{"href":"https:\/\/www.takeuchiglobal.com\/fr\/wp-json\/wp\/v2\/pages\/10221","targetHints":{"allow":["GET"]}}],"collection":[{"href":"https:\/\/www.takeuchiglobal.com\/fr\/wp-json\/wp\/v2\/pages"}],"about":[{"href":"https:\/\/www.takeuchiglobal.com\/fr\/wp-json\/wp\/v2\/types\/page"}],"author":[{"embeddable":true,"href":"https:\/\/www.takeuchiglobal.com\/fr\/wp-json\/wp\/v2\/users\/1"}],"replies":[{"embeddable":true,"href":"https:\/\/www.takeuchiglobal.com\/fr\/wp-json\/wp\/v2\/comments?post=10221"}],"version-history":[{"count":0,"href":"https:\/\/www.takeuchiglobal.com\/fr\/wp-json\/wp\/v2\/pages\/10221\/revisions"}],"wp:attachment":[{"href":"https:\/\/www.takeuchiglobal.com\/fr\/wp-json\/wp\/v2\/media?parent=10221"}],"curies":[{"name":"wp","href":"https:\/\/api.w.org\/{rel}","templated":true}]}}