{"id":6128,"date":"2016-09-16T03:10:41","date_gmt":"2016-09-16T03:10:41","guid":{"rendered":"http:\/\/www.takeuchiglobal.com\/board-of-directors\/"},"modified":"2025-07-01T12:15:12","modified_gmt":"2025-07-01T12:15:12","slug":"board-of-directors","status":"publish","type":"page","link":"https:\/\/www.takeuchiglobal.com\/fr\/board-of-directors\/","title":{"rendered":"Board of Directors"},"content":{"rendered":"[vc_row type=&#8221;in_container&#8221; full_screen_row_position=&#8221;middle&#8221; scene_position=&#8221;center&#8221; text_color=&#8221;dark&#8221; text_align=&#8221;left&#8221; top_padding=&#8221;45&#8243; overlay_strength=&#8221;0.3&#8243;][vc_column column_padding=&#8221;no-extra-padding&#8221; column_padding_position=&#8221;all&#8221; background_color_opacity=&#8221;1&#8243; background_hover_color_opacity=&#8221;1&#8243; width=&#8221;1\/4&#8243; tablet_text_alignment=&#8221;default&#8221; phone_text_alignment=&#8221;default&#8221;][vc_widget_sidebar title=&#8221;Relation avec les investisseurs&#8221; sidebar_id=&#8221;cs-1&#8243;][\/vc_column][vc_column column_padding=&#8221;no-extra-padding&#8221; column_padding_position=&#8221;all&#8221; background_color_opacity=&#8221;1&#8243; background_hover_color_opacity=&#8221;1&#8243; width=&#8221;3\/4&#8243; tablet_text_alignment=&#8221;default&#8221; phone_text_alignment=&#8221;default&#8221;][vc_column_text]\n<h1>Conseil d\u2019administration<\/h1>\n[\/vc_column_text][vc_row_inner text_align=&#8221;left&#8221;][vc_column_inner column_padding=&#8221;no-extra-padding&#8221; column_padding_position=&#8221;all&#8221; background_color_opacity=&#8221;1&#8243; width=&#8221;1\/1&#8243;][vc_column_text]\n<h2>Administrateurs<\/h2>\n\n<table id=\"tablepress-92\" class=\"tablepress tablepress-id-92\">\n<thead>\n<tr class=\"row-1\">\n\t<th class=\"column-1\"><br \/>\nPr\u00e9sident et Administrateur Repr\u00e9sentant<\/th><th class=\"column-2\">Akio Takeuchi<\/th>\n<\/tr>\n<\/thead>\n<tbody class=\"row-striping row-hover\">\n<tr class=\"row-2\">\n\t<td class=\"column-1\">Pr\u00e9sident et Directeur Repr\u00e9sentant<\/td><td class=\"column-2\">Toshiya Takeuchi<\/td>\n<\/tr>\n<tr class=\"row-3\">\n\t<td class=\"column-1\">Directeur<\/td><td class=\"column-2\">Takahiko Watanabe<\/td>\n<\/tr>\n<tr class=\"row-4\">\n\t<td class=\"column-1\">Directeur<\/td><td class=\"column-2\">Clay Eubanks<\/td>\n<\/tr>\n<tr class=\"row-5\">\n\t<td class=\"column-1\">Directeur<\/td><td class=\"column-2\">Osamu Kobayashi<\/td>\n<\/tr>\n<tr class=\"row-6\">\n\t<td class=\"column-1\">Directeur<\/td><td class=\"column-2\">Hiroshi Yokoyama<\/td>\n<\/tr>\n<tr class=\"row-7\">\n\t<td class=\"column-1\">Directeur<\/td><td class=\"column-2\">Minoru Kusama<\/td>\n<\/tr>\n<tr class=\"row-8\">\n\t<td class=\"column-1\">Administrateur externe, membre du comit\u00e9 de surveillance<\/td><td class=\"column-2\">Michio Iwabuchi<\/td>\n<\/tr>\n<tr class=\"row-9\">\n\t<td class=\"column-1\">Administrateur externe, membre du comit\u00e9 de surveillance<\/td><td class=\"column-2\">Yuko Miyata<\/td>\n<\/tr>\n<tr class=\"row-10\">\n\t<td class=\"column-1\">Administrateur externe, membre du comit\u00e9 de surveillance<\/td><td class=\"column-2\">Eiko Ori<\/td>\n<\/tr>\n<tr class=\"row-11\">\n\t<td class=\"column-1\">Administrateur externe, membre du comit\u00e9 de surveillance<\/td><td class=\"column-2\">Kunitake Ando<\/td>\n<\/tr>\n<\/tbody>\n<\/table>\n\n<h2>Cadres sup\u00e9rieurs<\/h2>\n\n<table id=\"tablepress-93\" class=\"tablepress tablepress-id-93\">\n<thead>\n<tr class=\"row-1\">\n\t<th class=\"column-1\">Titre<\/th><th class=\"column-2\">Nom<\/th>\n<\/tr>\n<\/thead>\n<tbody class=\"row-striping row-hover\">\n<tr class=\"row-2\">\n\t<td class=\"column-1\">Directeur g\u00e9n\u00e9ral, directeur de l'usine Aoki<\/td><td class=\"column-2\">Kenji Matsumoto<\/td>\n<\/tr>\n<tr class=\"row-3\">\n\t<td class=\"column-1\">Executive Officer, General Manager of R&amp;D Dept.<\/td><td class=\"column-2\">Kengo Kumeuchi<\/td>\n<\/tr>\n<tr class=\"row-4\">\n\t<td class=\"column-1\">Directeur G\u00e9n\u00e9ral, Directeur G\u00e9n\u00e9ral du D\u00e9partement des Technologies de Production.<\/td><td class=\"column-2\">Toru Koyama<\/td>\n<\/tr>\n<tr class=\"row-5\">\n\t<td class=\"column-1\">Directeur g\u00e9n\u00e9ral, directeur g\u00e9n\u00e9ral du d\u00e9partement des ressources humaines<\/td><td class=\"column-2\">Satoru Yamamoto<\/td>\n<\/tr>\n<tr class=\"row-6\">\n\t<td class=\"column-1\">Directeur g\u00e9n\u00e9ral, directeur g\u00e9n\u00e9ral du d\u00e9partement de gestion des affaires<\/td><td class=\"column-2\">Atsushi Horiuchi<\/td>\n<\/tr>\n<\/tbody>\n<\/table>\n[\/vc_column_text][vc_column_text][\/vc_column_text][\/vc_column_inner][\/vc_row_inner][\/vc_column][\/vc_row]\n","protected":false},"excerpt":{"rendered":"<p>[vc_row type=&#8221;in_container&#8221; full_screen_row_position=&#8221;middle&#8221; scene_position=&#8221;center&#8221; text_color=&#8221;dark&#8221; text_align=&#8221;left&#8221; top_padding=&#8221;45&#8243; overlay_strength=&#8221;0.3&#8243;][vc_column column_padding=&#8221;no-extra-padding&#8221; column_padding_position=&#8221;all&#8221; background_color_opacity=&#8221;1&#8243; background_hover_color_opacity=&#8221;1&#8243; width=&#8221;1\/4&#8243; tablet_text_alignment=&#8221;default&#8221; phone_text_alignment=&#8221;default&#8221;][vc_widget_sidebar title=&#8221;Relation avec les investisseurs&#8221; sidebar_id=&#8221;cs-1&#8243;][\/vc_column][vc_column column_padding=&#8221;no-extra-padding&#8221; column_padding_position=&#8221;all&#8221; background_color_opacity=&#8221;1&#8243; background_hover_color_opacity=&#8221;1&#8243; width=&#8221;3\/4&#8243; tablet_text_alignment=&#8221;default&#8221; phone_text_alignment=&#8221;default&#8221;][vc_column_text] Conseil d\u2019administration [\/vc_column_text][vc_row_inner&#8230;<\/p>\n","protected":false},"author":1,"featured_media":0,"parent":0,"menu_order":0,"comment_status":"closed","ping_status":"closed","template":"","meta":{"_acf_changed":false,"footnotes":""},"class_list":["post-6128","page","type-page","status-publish"],"acf":[],"_links":{"self":[{"href":"https:\/\/www.takeuchiglobal.com\/fr\/wp-json\/wp\/v2\/pages\/6128","targetHints":{"allow":["GET"]}}],"collection":[{"href":"https:\/\/www.takeuchiglobal.com\/fr\/wp-json\/wp\/v2\/pages"}],"about":[{"href":"https:\/\/www.takeuchiglobal.com\/fr\/wp-json\/wp\/v2\/types\/page"}],"author":[{"embeddable":true,"href":"https:\/\/www.takeuchiglobal.com\/fr\/wp-json\/wp\/v2\/users\/1"}],"replies":[{"embeddable":true,"href":"https:\/\/www.takeuchiglobal.com\/fr\/wp-json\/wp\/v2\/comments?post=6128"}],"version-history":[{"count":0,"href":"https:\/\/www.takeuchiglobal.com\/fr\/wp-json\/wp\/v2\/pages\/6128\/revisions"}],"wp:attachment":[{"href":"https:\/\/www.takeuchiglobal.com\/fr\/wp-json\/wp\/v2\/media?parent=6128"}],"curies":[{"name":"wp","href":"https:\/\/api.w.org\/{rel}","templated":true}]}}