{"id":6163,"date":"2017-01-20T15:20:17","date_gmt":"2017-01-20T15:20:17","guid":{"rendered":"http:\/\/www.takeuchiglobal.com\/?page_id=6163\/"},"modified":"2019-05-31T19:00:10","modified_gmt":"2019-05-31T19:00:10","slug":"presidents-message","status":"publish","type":"page","link":"https:\/\/www.takeuchiglobal.com\/fr\/presidents-message\/","title":{"rendered":"President&#8217;s Message"},"content":{"rendered":"[vc_row type=&#8221;in_container&#8221; full_screen_row_position=&#8221;middle&#8221; scene_position=&#8221;center&#8221; text_color=&#8221;dark&#8221; text_align=&#8221;left&#8221; top_padding=&#8221;45&#8243; overlay_strength=&#8221;0.3&#8243; shape_divider_position=&#8221;bottom&#8221; bg_image_animation=&#8221;none&#8221;][vc_column column_padding=&#8221;no-extra-padding&#8221; column_padding_position=&#8221;all&#8221; background_color_opacity=&#8221;1&#8243; background_hover_color_opacity=&#8221;1&#8243; column_link_target=&#8221;_self&#8221; column_shadow=&#8221;none&#8221; column_border_radius=&#8221;none&#8221; width=&#8221;1\/4&#8243; tablet_width_inherit=&#8221;default&#8221; tablet_text_alignment=&#8221;default&#8221; phone_text_alignment=&#8221;default&#8221; column_border_width=&#8221;none&#8221; column_border_style=&#8221;solid&#8221; bg_image_animation=&#8221;none&#8221;][vc_widget_sidebar title=&#8221;Relation avec les investisseurs&#8221; sidebar_id=&#8221;cs-1&#8243;][\/vc_column][vc_column column_padding=&#8221;no-extra-padding&#8221; column_padding_position=&#8221;all&#8221; background_color_opacity=&#8221;1&#8243; background_hover_color_opacity=&#8221;1&#8243; column_link_target=&#8221;_self&#8221; column_shadow=&#8221;none&#8221; column_border_radius=&#8221;none&#8221; width=&#8221;3\/4&#8243; tablet_width_inherit=&#8221;default&#8221; tablet_text_alignment=&#8221;default&#8221; phone_text_alignment=&#8221;default&#8221; column_border_width=&#8221;none&#8221; column_border_style=&#8221;solid&#8221; bg_image_animation=&#8221;none&#8221;][vc_row_inner column_margin=&#8221;default&#8221; text_align=&#8221;left&#8221;][vc_column_inner column_padding=&#8221;no-extra-padding&#8221; column_padding_position=&#8221;all&#8221; background_color_opacity=&#8221;1&#8243; background_hover_color_opacity=&#8221;1&#8243; column_shadow=&#8221;none&#8221; column_border_radius=&#8221;none&#8221; column_link_target=&#8221;_self&#8221; width=&#8221;2\/3&#8243; tablet_width_inherit=&#8221;default&#8221; column_border_width=&#8221;none&#8221; column_border_style=&#8221;solid&#8221; bg_image_animation=&#8221;none&#8221;][vc_column_text el_class=&#8221;btmpad&#8221;]\n<h1>Message du pr\u00e9sident<\/h1>\n<h2>De la premi\u00e8re mondiale au leader mondial TAKEUCHI<\/h2>\n<p><img loading=\"lazy\" decoding=\"async\" class=\"alignright size-medium wp-image-9566\" src=\"https:\/\/www.takeuchiglobal.com\/wp-content\/uploads\/2019\/05\/190529_president-Edits-Wedsite-283x300.jpg\" alt=\"\" width=\"283\" height=\"300\" \/><\/p>\n<p>Fond\u00e9 en 1963, le groupe Takeuchi a ouvert de nouveaux march\u00e9s avec la cr\u00e9ation de la toute premi\u00e8re mini-pelle au monde et de la toute premi\u00e8re chargeuse chenill\u00e9e compacte dans le secteur des \u00e9quipements pour la construction. En r\u00e9pondant constamment aux besoins \u00e0 l\u2019\u00e9chelle mondiale avec nos produits, nous avons maintenu une croissance qui a suivi celle du march\u00e9.<\/p>\n<p>La principale caract\u00e9ristique du groupe est la conception de produits dont la fabrication reste au Japon. Nous sommes une soci\u00e9t\u00e9 internationale dont la plus grande partie de notre revenu consolid\u00e9 provient de nos ventes dans les march\u00e9s \u00e9trangers. De plus, la r\u00e9putation que nous avons b\u00e2tie avec les produits que nous fabriquons repr\u00e9sente notre principal atout sur le march\u00e9\u00a0: la puissance et la durabilit\u00e9, la simplicit\u00e9 d\u2019utilisation et le confort de nos produits nous ont permis de garder une grande part du march\u00e9.<\/p>\n<p>L\u2019id\u00e9e du fondateur de notre soci\u00e9t\u00e9 \u00e9tait de cr\u00e9er \u00ab\u00a0un produit qui n\u2019existait pas d\u00e9j\u00e0\u00a0\u00bb et \u00ab\u00a0qui est utile aux personnes\u00a0\u00bb. Cet esprit constitue notre principe directeur\u00a0; notre entreprise s\u2019en est servie pour se forger sa philosophie d\u2019entreprise, \u00e0 savoir \u00ab\u00a0De la premi\u00e8re mondiale au leader mondial TAKEUCHI\u00a0\u00bb De plus, au regard de l\u2019avenir et en gardant \u00e0 l\u2019esprit les objectifs de d\u00e9veloppement durable des Nations unies, nous esp\u00e9rons participer \u00e0 la r\u00e9alisation d\u2019une soci\u00e9t\u00e9 \u00e9cologique et prosp\u00e8re. En fait, plus que toute autre chose, des \u00ab\u00a0villes et communaut\u00e9s durables\u00a0\u00bb sont un principe qui se trouve au c\u0153ur m\u00eame des activit\u00e9s de notre groupe. En travaillant ensemble au d\u00e9veloppement de produits \u00e9cologiques, nous pouvons apporter une \u00e9norme contribution \u00e0 la soci\u00e9t\u00e9 en concevant, fabricant, vendant et entretenant nos \u00e9quipements qui permettent une construction plus efficace et plus propre en milieu urbain. De plus, nous favorisons activement un environnement dans lequel nos employ\u00e9s peuvent travailler dans un milieu sain et dans lequel ils sont valoris\u00e9s et soutenus. Par ces efforts, nous aspirons \u00e0 \u00eatre une soci\u00e9t\u00e9 qui inspire confiance \u00e0 ses clients, ses partenaires commerciaux, ses actionnaires, ses communaut\u00e9s locales, ses employ\u00e9s et leur famille, et une soci\u00e9t\u00e9 importante aux yeux de ces derniers.<\/p>\n<p>Nous esp\u00e9rons en toute honn\u00eatet\u00e9 continuer de recevoir soutien et encouragement de la part de nos clients et de nos partenaires \u00e0 l\u2019avenir.<\/p>\n<p>TAKEUCHI MFG. CO., LTD<br \/>\nPr\u00e9sident et Directeur g\u00e9n\u00e9ral<br \/>\nToshiya Takeuchi[\/vc_column_text][\/vc_column_inner][vc_column_inner column_padding=&#8221;no-extra-padding&#8221; column_padding_position=&#8221;all&#8221; background_color_opacity=&#8221;1&#8243; background_hover_color_opacity=&#8221;1&#8243; column_shadow=&#8221;none&#8221; column_border_radius=&#8221;none&#8221; column_link_target=&#8221;_self&#8221; width=&#8221;1\/3&#8243; tablet_width_inherit=&#8221;default&#8221; column_border_width=&#8221;none&#8221; column_border_style=&#8221;solid&#8221; bg_image_animation=&#8221;none&#8221;][\/vc_column_inner][\/vc_row_inner][\/vc_column][\/vc_row]\n","protected":false},"excerpt":{"rendered":"<p>[vc_row type=&#8221;in_container&#8221; full_screen_row_position=&#8221;middle&#8221; scene_position=&#8221;center&#8221; text_color=&#8221;dark&#8221; text_align=&#8221;left&#8221; top_padding=&#8221;45&#8243; overlay_strength=&#8221;0.3&#8243; shape_divider_position=&#8221;bottom&#8221; bg_image_animation=&#8221;none&#8221;][vc_column column_padding=&#8221;no-extra-padding&#8221; column_padding_position=&#8221;all&#8221; background_color_opacity=&#8221;1&#8243; background_hover_color_opacity=&#8221;1&#8243; column_link_target=&#8221;_self&#8221; column_shadow=&#8221;none&#8221; column_border_radius=&#8221;none&#8221; width=&#8221;1\/4&#8243; tablet_width_inherit=&#8221;default&#8221; tablet_text_alignment=&#8221;default&#8221; phone_text_alignment=&#8221;default&#8221; column_border_width=&#8221;none&#8221; column_border_style=&#8221;solid&#8221; bg_image_animation=&#8221;none&#8221;][vc_widget_sidebar title=&#8221;Relation avec les investisseurs&#8221; sidebar_id=&#8221;cs-1&#8243;][\/vc_column][vc_column column_padding=&#8221;no-extra-padding&#8221;&#8230;<\/p>\n","protected":false},"author":1,"featured_media":0,"parent":0,"menu_order":0,"comment_status":"closed","ping_status":"closed","template":"","meta":{"_acf_changed":false,"footnotes":""},"class_list":["post-6163","page","type-page","status-publish"],"acf":[],"_links":{"self":[{"href":"https:\/\/www.takeuchiglobal.com\/fr\/wp-json\/wp\/v2\/pages\/6163","targetHints":{"allow":["GET"]}}],"collection":[{"href":"https:\/\/www.takeuchiglobal.com\/fr\/wp-json\/wp\/v2\/pages"}],"about":[{"href":"https:\/\/www.takeuchiglobal.com\/fr\/wp-json\/wp\/v2\/types\/page"}],"author":[{"embeddable":true,"href":"https:\/\/www.takeuchiglobal.com\/fr\/wp-json\/wp\/v2\/users\/1"}],"replies":[{"embeddable":true,"href":"https:\/\/www.takeuchiglobal.com\/fr\/wp-json\/wp\/v2\/comments?post=6163"}],"version-history":[{"count":0,"href":"https:\/\/www.takeuchiglobal.com\/fr\/wp-json\/wp\/v2\/pages\/6163\/revisions"}],"wp:attachment":[{"href":"https:\/\/www.takeuchiglobal.com\/fr\/wp-json\/wp\/v2\/media?parent=6163"}],"curies":[{"name":"wp","href":"https:\/\/api.w.org\/{rel}","templated":true}]}}