{"id":6204,"date":"2017-01-20T16:31:17","date_gmt":"2017-01-20T16:31:17","guid":{"rendered":"http:\/\/www.takeuchiglobal.com\/?page_id=6204\/"},"modified":"2017-01-26T14:30:08","modified_gmt":"2017-01-26T14:30:08","slug":"ir-policy","status":"publish","type":"page","link":"https:\/\/www.takeuchiglobal.com\/fr\/ir-policy\/","title":{"rendered":"IR Policy"},"content":{"rendered":"[vc_row type=&#8221;in_container&#8221; full_screen_row_position=&#8221;middle&#8221; scene_position=&#8221;center&#8221; text_color=&#8221;dark&#8221; text_align=&#8221;left&#8221; top_padding=&#8221;45&#8243; overlay_strength=&#8221;0.3&#8243;][vc_column column_padding=&#8221;no-extra-padding&#8221; column_padding_position=&#8221;all&#8221; background_color_opacity=&#8221;1&#8243; background_hover_color_opacity=&#8221;1&#8243; width=&#8221;1\/4&#8243; tablet_text_alignment=&#8221;default&#8221; phone_text_alignment=&#8221;default&#8221;][vc_widget_sidebar title=&#8221;Relation avec les investisseurs&#8221; sidebar_id=&#8221;cs-1&#8243;][\/vc_column][vc_column column_padding=&#8221;no-extra-padding&#8221; column_padding_position=&#8221;all&#8221; background_color_opacity=&#8221;1&#8243; background_hover_color_opacity=&#8221;1&#8243; width=&#8221;3\/4&#8243; tablet_text_alignment=&#8221;default&#8221; phone_text_alignment=&#8221;default&#8221;][vc_column_text]\n<h1>Politique des relations internationales<\/h1>\n<h2>Politique fondamentale<\/h2>\n<p>Le constructeur Takeuchi g\u00e8re les op\u00e9rations avec \u00e9quit\u00e9 et transparence tout en divulguant des informations entrepreneuriales de mani\u00e8re ponctuelle et ad\u00e9quate, avec pour objectif d\u2019\u00eatre une entreprise fiable pour ses actionnaires et autres investisseurs.<\/p>\n<h2>Norme d\u2019information<\/h2>\n<p>Le constructeur Takeuchi divulgue des informations en fonction des instruments financiers, de la Loi de 1934 sur les op\u00e9rations de bourse et de la r\u00e9glementation sur la divulgation en temps opportun de la Bourse de Tokyo. M\u00eame les informations non soumises \u00e0 la r\u00e9glementation sur la divulgation en temps opportun sont rendues publiques si nous estimons que celles-ci sont n\u00e9cessaires aux actionnaires et autres investisseurs pour prendre des d\u00e9cisions d\u2019investissement.<\/p>\n<h2>M\u00e9thodes d\u2019information<\/h2>\n<p>Les informations entrepreneuriales sont annonc\u00e9es sur l\u2019ordre d\u2019un gestionnaire de l\u2019information sur le r\u00e9seau pour la divulgation en temps opportun (TDnet) de la bourse. Ceci garantit que les informations seront accessibles de mani\u00e8re ponctuelle et ad\u00e9quate. D\u2019autres informations sont annonc\u00e9es en respectant les m\u00eames directives de divulgation en temps opportun afin de garantir l\u2019\u00e9quit\u00e9 et la rapidit\u00e9.<\/p>\n<h2>P\u00e9riode silencieuse<\/h2>\n<p>Il existe une p\u00e9riode de silence d\u00e9termin\u00e9e avant chaque publication des r\u00e9sultats pour \u00e9viter les fuites d\u2019informations. Pendant cette p\u00e9riode, nous ne ferons aucun commentaire ni ne r\u00e9pondrons aux questions concernant les r\u00e9sultats des activit\u00e9s. Cependant, une annonce en temps opportun sera effectu\u00e9e pendant la p\u00e9riode silencieuse si un changement significatif est exig\u00e9 pour une annonce qui a d\u00e9j\u00e0 \u00e9t\u00e9 rendue publique.[\/vc_column_text][\/vc_column][\/vc_row]\n","protected":false},"excerpt":{"rendered":"<p>[vc_row type=&#8221;in_container&#8221; full_screen_row_position=&#8221;middle&#8221; scene_position=&#8221;center&#8221; text_color=&#8221;dark&#8221; text_align=&#8221;left&#8221; top_padding=&#8221;45&#8243; overlay_strength=&#8221;0.3&#8243;][vc_column column_padding=&#8221;no-extra-padding&#8221; column_padding_position=&#8221;all&#8221; background_color_opacity=&#8221;1&#8243; background_hover_color_opacity=&#8221;1&#8243; width=&#8221;1\/4&#8243; tablet_text_alignment=&#8221;default&#8221; phone_text_alignment=&#8221;default&#8221;][vc_widget_sidebar title=&#8221;Relation avec les investisseurs&#8221; sidebar_id=&#8221;cs-1&#8243;][\/vc_column][vc_column column_padding=&#8221;no-extra-padding&#8221; column_padding_position=&#8221;all&#8221; background_color_opacity=&#8221;1&#8243; background_hover_color_opacity=&#8221;1&#8243; width=&#8221;3\/4&#8243; tablet_text_alignment=&#8221;default&#8221; phone_text_alignment=&#8221;default&#8221;][vc_column_text] Politique des relations&#8230;<\/p>\n","protected":false},"author":1,"featured_media":0,"parent":0,"menu_order":0,"comment_status":"closed","ping_status":"closed","template":"","meta":{"_acf_changed":false,"footnotes":""},"class_list":["post-6204","page","type-page","status-publish"],"acf":[],"_links":{"self":[{"href":"https:\/\/www.takeuchiglobal.com\/fr\/wp-json\/wp\/v2\/pages\/6204","targetHints":{"allow":["GET"]}}],"collection":[{"href":"https:\/\/www.takeuchiglobal.com\/fr\/wp-json\/wp\/v2\/pages"}],"about":[{"href":"https:\/\/www.takeuchiglobal.com\/fr\/wp-json\/wp\/v2\/types\/page"}],"author":[{"embeddable":true,"href":"https:\/\/www.takeuchiglobal.com\/fr\/wp-json\/wp\/v2\/users\/1"}],"replies":[{"embeddable":true,"href":"https:\/\/www.takeuchiglobal.com\/fr\/wp-json\/wp\/v2\/comments?post=6204"}],"version-history":[{"count":0,"href":"https:\/\/www.takeuchiglobal.com\/fr\/wp-json\/wp\/v2\/pages\/6204\/revisions"}],"wp:attachment":[{"href":"https:\/\/www.takeuchiglobal.com\/fr\/wp-json\/wp\/v2\/media?parent=6204"}],"curies":[{"name":"wp","href":"https:\/\/api.w.org\/{rel}","templated":true}]}}