{"id":6217,"date":"2017-01-20T16:41:34","date_gmt":"2017-01-20T16:41:34","guid":{"rendered":"http:\/\/www.takeuchiglobal.com\/?page_id=6217\/"},"modified":"2018-05-29T14:18:49","modified_gmt":"2018-05-29T14:18:49","slug":"risk-factors","status":"publish","type":"page","link":"https:\/\/www.takeuchiglobal.com\/fr\/risk-factors\/","title":{"rendered":"Risk Factors"},"content":{"rendered":"[vc_row type=&#8221;in_container&#8221; full_screen_row_position=&#8221;middle&#8221; scene_position=&#8221;center&#8221; text_color=&#8221;dark&#8221; text_align=&#8221;left&#8221; top_padding=&#8221;45&#8243; overlay_strength=&#8221;0.3&#8243;][vc_column column_padding=&#8221;no-extra-padding&#8221; column_padding_position=&#8221;all&#8221; background_color_opacity=&#8221;1&#8243; background_hover_color_opacity=&#8221;1&#8243; column_shadow=&#8221;none&#8221; width=&#8221;1\/4&#8243; tablet_text_alignment=&#8221;default&#8221; phone_text_alignment=&#8221;default&#8221; column_border_width=&#8221;none&#8221; column_border_style=&#8221;solid&#8221;][vc_widget_sidebar title=&#8221;Relation avec les investisseurs&#8221; sidebar_id=&#8221;cs-1&#8243;][\/vc_column][vc_column column_padding=&#8221;no-extra-padding&#8221; column_padding_position=&#8221;all&#8221; background_color_opacity=&#8221;1&#8243; background_hover_color_opacity=&#8221;1&#8243; column_shadow=&#8221;none&#8221; width=&#8221;3\/4&#8243; tablet_text_alignment=&#8221;default&#8221; phone_text_alignment=&#8221;default&#8221; column_border_width=&#8221;none&#8221; column_border_style=&#8221;solid&#8221;][vc_column_text]\n<h1>Facteurs de risque<\/h1>\n<h2>Les facteurs de risque cit\u00e9s ci-dessous sont les \u00e9l\u00e9ments qui, \u00e0 nos yeux, peuvent avoir un effet majeur sur les d\u00e9cisions des investisseurs.<\/h2>\n<p>Ces facteurs de risque ont \u00e9t\u00e9 choisis parmi des \u00e9l\u00e9ments concernant les activit\u00e9s financi\u00e8res, commerciales ou autres du groupe Takeuchi. Des d\u00e9clarations ax\u00e9es sur l\u2019avenir refl\u00e8tent les jugements de la direction comme celle du 24 mai\u00a02018, date d\u2019envoi du rapport de s\u00e9curit\u00e9.<\/p>\n<ol>\n<li>Fluctuation des cours de change<\/li>\n<li>Mouvements des prix et probl\u00e8mes d&#8217;approvisionnement en mati\u00e8res premi\u00e8res<\/li>\n<li>\u00c9conomie et conditions du march\u00e9<\/li>\n<li>Concurrence<\/li>\n<li>Gestion du cr\u00e9dit<\/li>\n<li>Recrutement et formation des employ\u00e9s<\/li>\n<li>R\u00e9glementations environnementales<\/li>\n<li>Autres lois et r\u00e9glementations<\/li>\n<li>Concentration de la fabrication dans peu de sites<\/li>\n<li>La qualit\u00e9 des produits<\/li>\n<li>s\u00e9curit\u00e9 de l&#8217;information, propri\u00e9t\u00e9 intellectuelle<\/li>\n<\/ol>\n[\/vc_column_text][\/vc_column][\/vc_row]\n","protected":false},"excerpt":{"rendered":"<p>[vc_row type=&#8221;in_container&#8221; full_screen_row_position=&#8221;middle&#8221; scene_position=&#8221;center&#8221; text_color=&#8221;dark&#8221; text_align=&#8221;left&#8221; top_padding=&#8221;45&#8243; overlay_strength=&#8221;0.3&#8243;][vc_column column_padding=&#8221;no-extra-padding&#8221; column_padding_position=&#8221;all&#8221; background_color_opacity=&#8221;1&#8243; background_hover_color_opacity=&#8221;1&#8243; column_shadow=&#8221;none&#8221; width=&#8221;1\/4&#8243; tablet_text_alignment=&#8221;default&#8221; phone_text_alignment=&#8221;default&#8221; column_border_width=&#8221;none&#8221; column_border_style=&#8221;solid&#8221;][vc_widget_sidebar title=&#8221;Relation avec les investisseurs&#8221; sidebar_id=&#8221;cs-1&#8243;][\/vc_column][vc_column column_padding=&#8221;no-extra-padding&#8221; column_padding_position=&#8221;all&#8221; background_color_opacity=&#8221;1&#8243; background_hover_color_opacity=&#8221;1&#8243; column_shadow=&#8221;none&#8221; width=&#8221;3\/4&#8243; tablet_text_alignment=&#8221;default&#8221;&#8230;<\/p>\n","protected":false},"author":1,"featured_media":0,"parent":0,"menu_order":0,"comment_status":"closed","ping_status":"closed","template":"","meta":{"_acf_changed":false,"footnotes":""},"class_list":["post-6217","page","type-page","status-publish"],"acf":[],"_links":{"self":[{"href":"https:\/\/www.takeuchiglobal.com\/fr\/wp-json\/wp\/v2\/pages\/6217","targetHints":{"allow":["GET"]}}],"collection":[{"href":"https:\/\/www.takeuchiglobal.com\/fr\/wp-json\/wp\/v2\/pages"}],"about":[{"href":"https:\/\/www.takeuchiglobal.com\/fr\/wp-json\/wp\/v2\/types\/page"}],"author":[{"embeddable":true,"href":"https:\/\/www.takeuchiglobal.com\/fr\/wp-json\/wp\/v2\/users\/1"}],"replies":[{"embeddable":true,"href":"https:\/\/www.takeuchiglobal.com\/fr\/wp-json\/wp\/v2\/comments?post=6217"}],"version-history":[{"count":0,"href":"https:\/\/www.takeuchiglobal.com\/fr\/wp-json\/wp\/v2\/pages\/6217\/revisions"}],"wp:attachment":[{"href":"https:\/\/www.takeuchiglobal.com\/fr\/wp-json\/wp\/v2\/media?parent=6217"}],"curies":[{"name":"wp","href":"https:\/\/api.w.org\/{rel}","templated":true}]}}