{"id":6594,"date":"2017-01-23T21:53:03","date_gmt":"2017-01-23T21:53:03","guid":{"rendered":"http:\/\/www.takeuchiglobal.com\/?page_id=6594\/"},"modified":"2017-01-24T20:11:18","modified_gmt":"2017-01-24T20:11:18","slug":"parts-service-french","status":"publish","type":"page","link":"https:\/\/www.takeuchiglobal.com\/fr\/parts-service-french\/","title":{"rendered":"Parts &#038; Service &#8211; French"},"content":{"rendered":"[vc_row type=&#8221;in_container&#8221; full_screen_row_position=&#8221;middle&#8221; scene_position=&#8221;center&#8221; text_color=&#8221;dark&#8221; text_align=&#8221;left&#8221; top_padding=&#8221;45&#8243; overlay_strength=&#8221;0.3&#8243;][vc_column column_padding=&#8221;no-extra-padding&#8221; column_padding_position=&#8221;all&#8221; background_color_opacity=&#8221;1&#8243; background_hover_color_opacity=&#8221;1&#8243; width=&#8221;2\/3&#8243; tablet_text_alignment=&#8221;default&#8221; phone_text_alignment=&#8221;default&#8221;][vc_column_text]\n<h1>Pi\u00e8ces d\u2019origine (FEO)<\/h1>\n<p>Notre principale priorit\u00e9 est de maintenir le fonctionnement de votre mat\u00e9riel Takeuchi \u00e0 son niveau maximal d\u2019efficacit\u00e9 et de rendement. L\u2019utilisation de pi\u00e8ces de rechange d\u2019origine (FEO) sur votre mat\u00e9riel Takeuchi garantira le temps d\u2019exploitation et un retour d\u2019investissement maximal.<\/p>\n<h2>Entretien id\u00e9al<\/h2>\n<p>Minimiser les temps d\u2019arr\u00eats et maximiser votre investissement sont des priorit\u00e9s essentielles pour les techniciens d\u2019entretien qualifi\u00e9s de Takeuchi. Ils se mettent r\u00e9guli\u00e8rement \u00e0 jour avec la technologie de pointe de Takeuchi et les techniques d\u2019entretien pour s\u2019assurer que les \u00e9quipements de Takeuchi r\u00e9alisent jour apr\u00e8s jour les t\u00e2ches les plus s\u00e9v\u00e8res.[\/vc_column_text][\/vc_column][vc_column column_padding=&#8221;no-extra-padding&#8221; column_padding_position=&#8221;all&#8221; background_color_opacity=&#8221;1&#8243; background_hover_color_opacity=&#8221;1&#8243; width=&#8221;1\/3&#8243; tablet_text_alignment=&#8221;default&#8221; phone_text_alignment=&#8221;default&#8221;][image_with_animation image_url=&#8221;1070&#8243; alignment=&#8221;&#8221; animation=&#8221;Fade In&#8221; box_shadow=&#8221;none&#8221; max_width=&#8221;100%&#8221;][\/vc_column][\/vc_row]\n","protected":false},"excerpt":{"rendered":"<p>[vc_row type=&#8221;in_container&#8221; full_screen_row_position=&#8221;middle&#8221; scene_position=&#8221;center&#8221; text_color=&#8221;dark&#8221; text_align=&#8221;left&#8221; top_padding=&#8221;45&#8243; overlay_strength=&#8221;0.3&#8243;][vc_column column_padding=&#8221;no-extra-padding&#8221; column_padding_position=&#8221;all&#8221; background_color_opacity=&#8221;1&#8243; background_hover_color_opacity=&#8221;1&#8243; width=&#8221;2\/3&#8243; tablet_text_alignment=&#8221;default&#8221; phone_text_alignment=&#8221;default&#8221;][vc_column_text] Pi\u00e8ces d\u2019origine (FEO) Notre principale priorit\u00e9 est de maintenir le fonctionnement de votre mat\u00e9riel Takeuchi&#8230;<\/p>\n","protected":false},"author":1,"featured_media":0,"parent":0,"menu_order":0,"comment_status":"closed","ping_status":"closed","template":"","meta":{"_acf_changed":false,"footnotes":""},"class_list":["post-6594","page","type-page","status-publish"],"acf":[],"_links":{"self":[{"href":"https:\/\/www.takeuchiglobal.com\/fr\/wp-json\/wp\/v2\/pages\/6594","targetHints":{"allow":["GET"]}}],"collection":[{"href":"https:\/\/www.takeuchiglobal.com\/fr\/wp-json\/wp\/v2\/pages"}],"about":[{"href":"https:\/\/www.takeuchiglobal.com\/fr\/wp-json\/wp\/v2\/types\/page"}],"author":[{"embeddable":true,"href":"https:\/\/www.takeuchiglobal.com\/fr\/wp-json\/wp\/v2\/users\/1"}],"replies":[{"embeddable":true,"href":"https:\/\/www.takeuchiglobal.com\/fr\/wp-json\/wp\/v2\/comments?post=6594"}],"version-history":[{"count":0,"href":"https:\/\/www.takeuchiglobal.com\/fr\/wp-json\/wp\/v2\/pages\/6594\/revisions"}],"wp:attachment":[{"href":"https:\/\/www.takeuchiglobal.com\/fr\/wp-json\/wp\/v2\/media?parent=6594"}],"curies":[{"name":"wp","href":"https:\/\/api.w.org\/{rel}","templated":true}]}}