{"id":7315,"date":"2017-02-16T16:37:25","date_gmt":"2017-02-16T16:37:25","guid":{"rendered":"http:\/\/www.takeuchiglobal.com\/?page_id=7315\/"},"modified":"2018-06-04T19:26:43","modified_gmt":"2018-06-04T19:26:43","slug":"about-takeuchi-french","status":"publish","type":"page","link":"https:\/\/www.takeuchiglobal.com\/fr\/about-takeuchi-french\/","title":{"rendered":"About Takeuchi &#8211; French"},"content":{"rendered":"[vc_row type=&#8221;in_container&#8221; full_screen_row_position=&#8221;middle&#8221; scene_position=&#8221;center&#8221; text_color=&#8221;dark&#8221; text_align=&#8221;left&#8221; overlay_strength=&#8221;0.3&#8243;][vc_column column_padding=&#8221;no-extra-padding&#8221; column_padding_position=&#8221;all&#8221; background_color_opacity=&#8221;1&#8243; background_hover_color_opacity=&#8221;1&#8243; column_shadow=&#8221;none&#8221; width=&#8221;1\/1&#8243; tablet_text_alignment=&#8221;default&#8221; phone_text_alignment=&#8221;default&#8221; column_border_width=&#8221;none&#8221; column_border_style=&#8221;solid&#8221;][vc_column_text][\/vc_column_text][\/vc_column][\/vc_row][vc_row type=&#8221;in_container&#8221; full_screen_row_position=&#8221;middle&#8221; scene_position=&#8221;center&#8221; text_color=&#8221;dark&#8221; text_align=&#8221;left&#8221; overlay_strength=&#8221;0.3&#8243;][vc_column column_padding=&#8221;no-extra-padding&#8221; column_padding_position=&#8221;all&#8221; background_color_opacity=&#8221;1&#8243; background_hover_color_opacity=&#8221;1&#8243; column_shadow=&#8221;none&#8221; width=&#8221;2\/3&#8243; tablet_text_alignment=&#8221;default&#8221; phone_text_alignment=&#8221;default&#8221; column_border_width=&#8221;none&#8221; column_border_style=&#8221;solid&#8221;][vc_column_text]\n<h1>\u00c0 propos de Takeuchi<\/h1>\n<h2>Takeuchi Mfg. Co., Ltd. a \u00e9t\u00e9 cr\u00e9\u00e9e par M. Akio Takeuchi en 1963.<\/h2>\n<p>Depuis lors, la soci\u00e9t\u00e9 a suivi cette voie en tant que leader mondial dans la fabrication de machines de construction, y compris les pelles hydrauliques compactes et les chargeuses sur chenilles.<\/p>\n<p>Rester \u00e0 l&#8217;\u00e9coute des exigences personnalis\u00e9es des propri\u00e9taires d&#8217;\u00e9quipement est une passion que cultive M. Takeuchi et toute l&#8217;entreprise. En comprenant les besoins des clients, Takeuchi a toujours \u00e9t\u00e9 en mesure d&#8217;orienter l&#8217;industrie vers le d\u00e9veloppement de nouveaux produits. Takeuchi a d\u00e9velopp\u00e9 la premi\u00e8re excavatrice compacte au monde en 1971. En 1986, Takeuchi a d\u00e9velopp\u00e9 et lanc\u00e9 la premi\u00e8re chargeuse compacte chenill\u00e9e en caoutchouc, id\u00e9ale pour les op\u00e9rations en terrain accident\u00e9. Il s&#8217;agissait l\u00e0 encore d&#8217;une grande premi\u00e8re dans le monde. Ces deux produits ont transform\u00e9 les march\u00e9s mondiaux de l&#8217;\u00e9quipement de construction.<\/p>\n<p>Les excavatrices compactes Takeuchi et les chargeuses chenill\u00e9es sont r\u00e9put\u00e9es internationalement pour leur capacit\u00e9 \u00e0 supporter des conditions d&#8217;exploitation exigeantes. Visant sans cesse la prochaine g\u00e9n\u00e9ration de normes mondiales,\u00a0Takeuchi continuera \u00e0 fournir au march\u00e9 mondial des produits r\u00e9pondant aux besoins des utilisateurs. En tant que fabricant sans cesse \u00e0 la recherche de nouveaux avantages pour ses clients, Takeuchi s&#8217;engage \u00e0 cr\u00e9er des produits qui contribuent au bien-\u00eatre des personnes et de la soci\u00e9t\u00e9.[\/vc_column_text][\/vc_column][vc_column column_padding=&#8221;no-extra-padding&#8221; column_padding_position=&#8221;all&#8221; background_color_opacity=&#8221;1&#8243; background_hover_color_opacity=&#8221;1&#8243; column_shadow=&#8221;none&#8221; width=&#8221;1\/3&#8243; tablet_text_alignment=&#8221;default&#8221; phone_text_alignment=&#8221;default&#8221; column_border_width=&#8221;none&#8221; column_border_style=&#8221;solid&#8221;][image_with_animation image_url=&#8221;7318&#8243; alignment=&#8221;&#8221; animation=&#8221;Fade In&#8221; box_shadow=&#8221;none&#8221; max_width=&#8221;100%&#8221;][\/vc_column][\/vc_row]\n","protected":false},"excerpt":{"rendered":"<p>[vc_row type=&#8221;in_container&#8221; full_screen_row_position=&#8221;middle&#8221; scene_position=&#8221;center&#8221; text_color=&#8221;dark&#8221; text_align=&#8221;left&#8221; overlay_strength=&#8221;0.3&#8243;][vc_column column_padding=&#8221;no-extra-padding&#8221; column_padding_position=&#8221;all&#8221; background_color_opacity=&#8221;1&#8243; background_hover_color_opacity=&#8221;1&#8243; column_shadow=&#8221;none&#8221; width=&#8221;1\/1&#8243; tablet_text_alignment=&#8221;default&#8221; phone_text_alignment=&#8221;default&#8221; column_border_width=&#8221;none&#8221; column_border_style=&#8221;solid&#8221;][vc_column_text][\/vc_column_text][\/vc_column][\/vc_row][vc_row type=&#8221;in_container&#8221; full_screen_row_position=&#8221;middle&#8221; scene_position=&#8221;center&#8221; text_color=&#8221;dark&#8221; text_align=&#8221;left&#8221; overlay_strength=&#8221;0.3&#8243;][vc_column column_padding=&#8221;no-extra-padding&#8221; column_padding_position=&#8221;all&#8221; background_color_opacity=&#8221;1&#8243; background_hover_color_opacity=&#8221;1&#8243; column_shadow=&#8221;none&#8221; width=&#8221;2\/3&#8243; tablet_text_alignment=&#8221;default&#8221;&#8230;<\/p>\n","protected":false},"author":1,"featured_media":0,"parent":0,"menu_order":0,"comment_status":"closed","ping_status":"closed","template":"","meta":{"_acf_changed":false,"footnotes":""},"class_list":["post-7315","page","type-page","status-publish"],"acf":[],"_links":{"self":[{"href":"https:\/\/www.takeuchiglobal.com\/fr\/wp-json\/wp\/v2\/pages\/7315","targetHints":{"allow":["GET"]}}],"collection":[{"href":"https:\/\/www.takeuchiglobal.com\/fr\/wp-json\/wp\/v2\/pages"}],"about":[{"href":"https:\/\/www.takeuchiglobal.com\/fr\/wp-json\/wp\/v2\/types\/page"}],"author":[{"embeddable":true,"href":"https:\/\/www.takeuchiglobal.com\/fr\/wp-json\/wp\/v2\/users\/1"}],"replies":[{"embeddable":true,"href":"https:\/\/www.takeuchiglobal.com\/fr\/wp-json\/wp\/v2\/comments?post=7315"}],"version-history":[{"count":0,"href":"https:\/\/www.takeuchiglobal.com\/fr\/wp-json\/wp\/v2\/pages\/7315\/revisions"}],"wp:attachment":[{"href":"https:\/\/www.takeuchiglobal.com\/fr\/wp-json\/wp\/v2\/media?parent=7315"}],"curies":[{"name":"wp","href":"https:\/\/api.w.org\/{rel}","templated":true}]}}