{"id":884,"date":"2016-09-16T02:01:24","date_gmt":"2016-09-16T02:01:24","guid":{"rendered":"http:\/\/www.takeuchiglobal.com\/our-business\/?lang=fr"},"modified":"2018-06-04T19:36:02","modified_gmt":"2018-06-04T19:36:02","slug":"our-business","status":"publish","type":"page","link":"https:\/\/www.takeuchiglobal.com\/fr\/our-business\/","title":{"rendered":"Our Business"},"content":{"rendered":"[vc_row type=&#8221;in_container&#8221; full_screen_row_position=&#8221;middle&#8221; scene_position=&#8221;center&#8221; text_color=&#8221;dark&#8221; text_align=&#8221;left&#8221; top_padding=&#8221;45&#8243; overlay_strength=&#8221;0.3&#8243;][vc_column column_padding=&#8221;no-extra-padding&#8221; column_padding_position=&#8221;all&#8221; background_color_opacity=&#8221;1&#8243; background_hover_color_opacity=&#8221;1&#8243; column_shadow=&#8221;none&#8221; width=&#8221;1\/4&#8243; tablet_text_alignment=&#8221;default&#8221; phone_text_alignment=&#8221;default&#8221; column_border_width=&#8221;none&#8221; column_border_style=&#8221;solid&#8221;][vc_widget_sidebar title=&#8221;Relation avec les investisseurs&#8221; sidebar_id=&#8221;cs-1&#8243;][\/vc_column][vc_column column_padding=&#8221;no-extra-padding&#8221; column_padding_position=&#8221;all&#8221; background_color_opacity=&#8221;1&#8243; background_hover_color_opacity=&#8221;1&#8243; column_shadow=&#8221;none&#8221; width=&#8221;3\/4&#8243; tablet_text_alignment=&#8221;default&#8221; phone_text_alignment=&#8221;default&#8221; column_border_width=&#8221;none&#8221; column_border_style=&#8221;solid&#8221;][vc_column_text]\n<h1>Notre entreprise<\/h1>\n<h2>Fond\u00e9 en ao\u00fbt\u00a01963, Takeuchi a c\u00e9l\u00e9br\u00e9 son 50<sup>e<\/sup>\u00a0anniversaire en 2013. Nous avons cr\u00fb essentiellement, au cours des ann\u00e9es, en tant que fabricant d\u2019engins de chantier.<\/h2>\n<p>Ces progr\u00e8s couvrant plus de cinq\u00a0d\u00e9cennies dans le groupe Takeuchi sont soutenus par les trois id\u00e9es suivantes\u00a0: Cr\u00e9ation, D\u00e9fis et Coop\u00e9ration. En ayant constamment de nouvelles id\u00e9es et en relevant de nouveaux d\u00e9fis concernant les technologies et les op\u00e9rations commerciales, nous avons r\u00e9ussi \u00e0 cro\u00eetre \u00e0 long terme. Simultan\u00e9ment, nous avons maintenu des liens \u00e9troits avec notre client\u00e8le. Notre groupe reste d\u00e9termin\u00e9 \u00e0 fixer la norme d\u2019excellence mondiale sur nos march\u00e9s. Nous continuerons \u00e0 r\u00e9pondre aux besoins de clients du monde entier en nous basant sur l\u2019esprit de \u00ab\u00a0priorisation des fonctions et de la performance\u00a0\u00bb.<\/p>\n<h2>Nos produits<\/h2>\n<p>Le groupe Takeuchi fabrique des pelles m\u00e9caniques compactes et hydrauliques, des chargeuses chenill\u00e9es et d\u2019autres engins de chantier.<\/p>\n<h2 class=\"contents\"><\/h2>\n[\/vc_column_text][vc_row_inner column_margin=&#8221;default&#8221; text_align=&#8221;left&#8221; class=&#8221;toppad&#8221;][vc_column_inner column_padding=&#8221;no-extra-padding&#8221; column_padding_position=&#8221;all&#8221; background_color_opacity=&#8221;1&#8243; width=&#8221;1\/3&#8243; column_border_width=&#8221;none&#8221; column_border_style=&#8221;solid&#8221;][vc_column_text]\n<h2>La norme mondiale<\/h2>\n<p>Les pelles m\u00e9caniques compactes et les chargeuses chenill\u00e9es sont les principaux produits du groupe Takeuchi. Takeuchi a \u00e9t\u00e9 la premi\u00e8re entreprise \u00e0 d\u00e9velopper et \u00e0 lancer la vente de ces deux\u00a0produits innovants. Nous continuons notamment \u00e0 fixer la norme mondiale sur le march\u00e9 des pelles m\u00e9caniques compactes. Nous sommes le deuxi\u00e8me\u00a0fournisseur de ces pelles m\u00e9caniques dans l\u2019Union europ\u00e9enne et le cinqui\u00e8me en Am\u00e9rique du Nord (Source\u00a0:Off Highway Research, 2013)[\/vc_column_text][\/vc_column_inner][vc_column_inner column_padding=&#8221;no-extra-padding&#8221; column_padding_position=&#8221;all&#8221; background_color_opacity=&#8221;1&#8243; width=&#8221;1\/3&#8243; column_border_width=&#8221;none&#8221; column_border_style=&#8221;solid&#8221;][image_with_animation image_url=&#8221;6306&#8243; alignment=&#8221;center&#8221; animation=&#8221;Fade In&#8221; box_shadow=&#8221;none&#8221; max_width=&#8221;100%&#8221;][\/vc_column_inner][vc_column_inner column_padding=&#8221;no-extra-padding&#8221; column_padding_position=&#8221;all&#8221; background_color_opacity=&#8221;1&#8243; width=&#8221;1\/3&#8243; column_border_width=&#8221;none&#8221; column_border_style=&#8221;solid&#8221;][image_with_animation image_url=&#8221;6313&#8243; alignment=&#8221;center&#8221; animation=&#8221;Fade In&#8221; box_shadow=&#8221;none&#8221; max_width=&#8221;100%&#8221;][\/vc_column_inner][\/vc_row_inner][vc_column_text]\n<h2>\u00a0Une pr\u00e9sence mondiale<\/h2>\n<p>Pour nous d\u00e9velopper en dehors du Japon, nous avons commenc\u00e9 \u00e0 \u00e9tablir un r\u00e9seau de distribution mondial avant nos concurrents. La premi\u00e8re\u00a0\u00e9tape fut d\u2019installer une filiale aux \u00c9tats-Unis en\u00a01979. Nous avons continu\u00e9 avec d\u2019autres filiales au Royaume-Uni, en France et en Chine. Aujourd\u2019hui, ces filiales sont le fondement d\u2019un puissant r\u00e9seau de distributeurs dans le monde entier qui r\u00e9alise d\u2019efficaces activit\u00e9s de distribution et fournit des services rapides.<\/p>\n<h2><span lang=\"FR\">Le r\u00e9seau mondial Takeuchi<\/span><\/h2>\n<h2><a href=\"http:\/\/www.takeuchiglobal.com\/wp-content\/uploads\/2016\/09\/Dot-World-Map-with-locations-1.jpg\"><img loading=\"lazy\" decoding=\"async\" class=\"alignnone wp-image-8136 size-full\" src=\"http:\/\/www.takeuchiglobal.com\/wp-content\/uploads\/2016\/09\/Dot-World-Map-with-locations-1.jpg\" width=\"809\" height=\"428\" srcset=\"https:\/\/www.takeuchiglobal.com\/wp-content\/uploads\/2016\/09\/Dot-World-Map-with-locations-1.jpg 809w, https:\/\/www.takeuchiglobal.com\/wp-content\/uploads\/2016\/09\/Dot-World-Map-with-locations-1-300x159.jpg 300w, https:\/\/www.takeuchiglobal.com\/wp-content\/uploads\/2016\/09\/Dot-World-Map-with-locations-1-768x406.jpg 768w\" sizes=\"auto, (max-width: 809px) 100vw, 809px\" \/><\/a><\/h2>\n<h2>Les forces du groupe Takeuchi<\/h2>\n<p>La fabrication et l\u2019exportation d\u2019engins de chantier qui satisfont les besoins des utilisateurs \u00e0 travers le monde demandent une compr\u00e9hension approfondie de chaque march\u00e9. Nos op\u00e9rations refl\u00e8tent les habitudes et le climat de nos march\u00e9s ainsi que la mani\u00e8re dont sont utilis\u00e9s nos engins. Pour servir notre client\u00e8le, nous avons un r\u00e9seau mondial de distributeurs rompus \u00e0 tous les aspects de leurs march\u00e9s respectifs. Par ailleurs, nos filiales et nos distributeurs apportent un pr\u00e9cieux soutien en fournissant un commentaire d\u2019utilisateur et d\u2019autres informations. Nous utilisons ces informations pour les am\u00e9liorations, les nouveaux produits et d\u2019autres activit\u00e9s afin de satisfaire encore mieux les besoins de notre client\u00e8le.<\/p>\n<h2><span lang=\"FR\">De quelle mani\u00e8re Takeuchi utilise les commentaires des clients<\/span><\/h2>\n<p><img loading=\"lazy\" decoding=\"async\" class=\"size-full wp-image-127 aligncenter\" src=\"http:\/\/www.takeuchiglobal.com\/wp-content\/uploads\/customer-feedback.gif\" alt=\"customer-feedback\" width=\"730\" height=\"242\" \/>[\/vc_column_text][\/vc_column][\/vc_row]\n","protected":false},"excerpt":{"rendered":"<p>[vc_row type=&#8221;in_container&#8221; full_screen_row_position=&#8221;middle&#8221; scene_position=&#8221;center&#8221; text_color=&#8221;dark&#8221; text_align=&#8221;left&#8221; top_padding=&#8221;45&#8243; overlay_strength=&#8221;0.3&#8243;][vc_column column_padding=&#8221;no-extra-padding&#8221; column_padding_position=&#8221;all&#8221; background_color_opacity=&#8221;1&#8243; background_hover_color_opacity=&#8221;1&#8243; column_shadow=&#8221;none&#8221; width=&#8221;1\/4&#8243; tablet_text_alignment=&#8221;default&#8221; phone_text_alignment=&#8221;default&#8221; column_border_width=&#8221;none&#8221; column_border_style=&#8221;solid&#8221;][vc_widget_sidebar title=&#8221;Relation avec les investisseurs&#8221; sidebar_id=&#8221;cs-1&#8243;][\/vc_column][vc_column column_padding=&#8221;no-extra-padding&#8221; column_padding_position=&#8221;all&#8221; background_color_opacity=&#8221;1&#8243; background_hover_color_opacity=&#8221;1&#8243; column_shadow=&#8221;none&#8221; width=&#8221;3\/4&#8243; tablet_text_alignment=&#8221;default&#8221;&#8230;<\/p>\n","protected":false},"author":1,"featured_media":0,"parent":0,"menu_order":0,"comment_status":"closed","ping_status":"closed","template":"","meta":{"_acf_changed":false,"footnotes":""},"class_list":["post-884","page","type-page","status-publish"],"acf":[],"_links":{"self":[{"href":"https:\/\/www.takeuchiglobal.com\/fr\/wp-json\/wp\/v2\/pages\/884","targetHints":{"allow":["GET"]}}],"collection":[{"href":"https:\/\/www.takeuchiglobal.com\/fr\/wp-json\/wp\/v2\/pages"}],"about":[{"href":"https:\/\/www.takeuchiglobal.com\/fr\/wp-json\/wp\/v2\/types\/page"}],"author":[{"embeddable":true,"href":"https:\/\/www.takeuchiglobal.com\/fr\/wp-json\/wp\/v2\/users\/1"}],"replies":[{"embeddable":true,"href":"https:\/\/www.takeuchiglobal.com\/fr\/wp-json\/wp\/v2\/comments?post=884"}],"version-history":[{"count":0,"href":"https:\/\/www.takeuchiglobal.com\/fr\/wp-json\/wp\/v2\/pages\/884\/revisions"}],"wp:attachment":[{"href":"https:\/\/www.takeuchiglobal.com\/fr\/wp-json\/wp\/v2\/media?parent=884"}],"curies":[{"name":"wp","href":"https:\/\/api.w.org\/{rel}","templated":true}]}}