{"id":9096,"date":"2018-07-26T02:32:44","date_gmt":"2018-07-26T02:32:44","guid":{"rendered":"http:\/\/www.takeuchiglobal.com\/cookies-policy\/"},"modified":"2018-08-20T20:08:53","modified_gmt":"2018-08-20T20:08:53","slug":"cookies","status":"publish","type":"page","link":"https:\/\/www.takeuchiglobal.com\/fr\/cookies\/","title":{"rendered":"Cookies"},"content":{"rendered":"[vc_row type=&#8221;in_container&#8221; full_screen_row_position=&#8221;middle&#8221; scene_position=&#8221;center&#8221; text_color=&#8221;dark&#8221; text_align=&#8221;left&#8221; overlay_strength=&#8221;0.3&#8243;][vc_column column_padding=&#8221;no-extra-padding&#8221; column_padding_position=&#8221;all&#8221; background_color_opacity=&#8221;1&#8243; background_hover_color_opacity=&#8221;1&#8243; column_shadow=&#8221;none&#8221; width=&#8221;1\/6&#8243; tablet_text_alignment=&#8221;default&#8221; phone_text_alignment=&#8221;default&#8221; column_border_width=&#8221;none&#8221; column_border_style=&#8221;solid&#8221;][\/vc_column][vc_column column_padding=&#8221;no-extra-padding&#8221; column_padding_position=&#8221;all&#8221; background_color_opacity=&#8221;1&#8243; background_hover_color_opacity=&#8221;1&#8243; column_shadow=&#8221;none&#8221; width=&#8221;2\/3&#8243; tablet_text_alignment=&#8221;default&#8221; phone_text_alignment=&#8221;default&#8221; column_border_width=&#8221;none&#8221; column_border_style=&#8221;solid&#8221;][vc_column_text]\n<h1>Politique en mati\u00e8re de cookies<\/h1>\n<h2>Derni\u00e8re mise \u00e0 jour\u00a0: 13\u00a0juillet\u00a02018<\/h2>\n<p>Takeuchi Mfg. Co. Ltd. qui inclut nos filiales aux \u00c9tats-Unis, au Royaume-Uni et en France (ensemble collectivement connu sous le nom de \u00ab\u00a0groupe Takeuchi\u00a0\u00bb ou \u00ab\u00a0Nous\u00a0\u00bb) utilise des cookies sur son site Web www.takeuchiglobal.com (le \u00ab\u00a0Service\u00a0\u00bb). En utilisant le Service, vous consentez \u00e0 l\u2019utilisation des cookies.<\/p>\n<p>Notre Politique en mati\u00e8re de cookies explique ce que sont les cookies, la fa\u00e7on dont nous utilisons les cookies, la fa\u00e7on dont les parties tierces avec lesquelles nous pouvons collaborer utilisent les cookies sur le Service, et quels sont vos choix concernant les cookies ainsi que les endroits o\u00f9 vous pouvez trouver des informations suppl\u00e9mentaires \u00e0 leur sujet.<\/p>\n<p><strong>Que sont les cookies? <\/strong><\/p>\n<p>Les cookies sont des petits fichiers de texte envoy\u00e9s \u00e0 votre navigateur Web par un site Web lorsque vous consultez celui-ci. Un fichier cookie est stock\u00e9 dans notre navigateur Web et permet au Service ou \u00e0 une partie tierce de vous reconna\u00eetre, de faciliter votre prochaine visite et de rendre le Service plus utile.<\/p>\n<p>Les cookies peuvent \u00eatre des cookies \u00ab\u00a0persistants\u00a0\u00bb ou des cookies \u00ab\u00a0de session\u00a0\u00bb. Les cookies persistants restent sur votre ordinateur ou appareil mobile lors de votre d\u00e9connexion, tandis que les cookies de session sont supprim\u00e9s d\u00e8s que vous fermez votre navigateur Web.<\/p>\n<p><strong>Comment Takeuchi MFG. Co. Ltd. utilise les cookies? \u00a0<\/strong><\/p>\n<p>Lorsque vous utilisez et acc\u00e9dez au Service, nous pouvons placer un certain nombre de cookies dans votre navigateur Web.<br \/>\nNous utilisons les cookies aux fins suivantes\u00a0:<\/p>\n<p>\u2022 autoriser certaines fonctions du Service<\/p>\n<p>\u2022 fournir des analyses<\/p>\n<p>Nous utilisons \u00e0 la fois des cookies de session et des cookies persistants sur le Service et nous utilisons diff\u00e9rents types de cookies pour ex\u00e9cuter le Service\u00a0:<\/p>\n<p>\u2022 Cookies essentiels. Nous pouvons utiliser des cookies pour ne pas oublier les informations qui modifient le comportement ou l\u2019apparence du Service, comme la pr\u00e9f\u00e9rence linguistique de l\u2019utilisateur sur le Service.<\/p>\n<p>\u2022 Cookies analytiques. Nous pouvons utiliser des cookies analytiques pour suivre les informations concernant la fa\u00e7on dont le Service est utilis\u00e9 afin que nous puissions l\u2019am\u00e9liorer. Nous pouvons \u00e9galement utiliser des cookies analytiques pour tester de nouvelles publicit\u00e9s, pages, caract\u00e9ristiques ou fonctionnalit\u00e9s du Service afin de voir comment nos utilisateurs r\u00e9agissent \u00e0 ces nouveaut\u00e9s.<\/p>\n<p><strong>Cookies tiers \u00a0<\/strong><\/p>\n<p>En plus de nos propres cookies, nous pouvons \u00e9galement utiliser divers cookies tiers afin de rendre compte des statistiques d\u2019utilisation du Service, de diffuser des publicit\u00e9s sur et par l\u2019interm\u00e9diaire du Service, etc.<\/p>\n<p><strong>Quels sont vos choix concernant les cookies?<\/strong><\/p>\n<p>Si vous souhaitez supprimer les cookies ou ordonner \u00e0 votre navigateur Web de supprimer ou de refuser les cookies, veuillez consulter les pages d\u2019aide de votre navigateur Web.<\/p>\n<p>Cependant, veuillez noter que si vous supprimez ou refusez les cookies, il se peut que vous ne puissiez pas utiliser l\u2019ensemble des caract\u00e9ristiques que nous offrons. Il se peut \u00e9galement que vous ne puissiez pas conserver vos pr\u00e9f\u00e9rences et certaines de nos pages pourraient ne pas \u00eatre correctement affich\u00e9es.<\/p>\n<p>\u2022 Pour le navigateur Web Chrome, \u00a0:\u00a0<a href=\"https:\/\/support.google.com\/accounts\/answer\/32050\">veuillez consulter cette page depuis Google<\/a><\/p>\n<p>\u2022 Pour le navigateur Web Internet Explorer, <a href=\"https:\/\/support.microsoft.com\/en-us\/help\/278835\/how-to-delete-cookie-files-in-internet-explorer\">veuillez consulter cette page depuis Microsoft<\/a><\/p>\n<p>\u2022 Pour le navigateur Web Firefox, <a href=\"https:\/\/support.mozilla.org\/en-US\/kb\/delete-cookies-remove-info-websites-stored\">veuillez consulter cette page depuis Mozilla<\/a><\/p>\n<p>\u2022 Pour le navigateur Web Safari, <a href=\"https:\/\/support.apple.com\/kb\/ph21411?locale=en_US\">veuillez consulter cette page depuis Apple<\/a><\/p>\n<p>\u2022 Depuis tout autre navigateur Web, veuillez consulter les pages Web officielles de votre navigateur.<\/p>\n<p><strong>O\u00f9 pouvez-vous trouver des informations suppl\u00e9mentaires sur les cookies? <\/strong><\/p>\n<p>Vous pouvez en savoir plus sur les cookies sur les sites Web tiers suivants\u00a0:<\/p>\n<p>\u2022 <a href=\"http:\/\/www.allaboutcookies.org\" target=\"_blank\" rel=\"noopener\">AllAboutCookies\u00a0<\/a><\/p>\n<p>\u2022 <a href=\"http:\/\/www.networkadvertising.org\" target=\"_blank\" rel=\"noopener\">Network Advertising Initiative<\/a>[\/vc_column_text][\/vc_column][vc_column column_padding=&#8221;no-extra-padding&#8221; column_padding_position=&#8221;all&#8221; background_color_opacity=&#8221;1&#8243; background_hover_color_opacity=&#8221;1&#8243; column_shadow=&#8221;none&#8221; width=&#8221;1\/6&#8243; tablet_text_alignment=&#8221;default&#8221; phone_text_alignment=&#8221;default&#8221; column_border_width=&#8221;none&#8221; column_border_style=&#8221;solid&#8221;][\/vc_column][\/vc_row]\n","protected":false},"excerpt":{"rendered":"<p>[vc_row type=&#8221;in_container&#8221; full_screen_row_position=&#8221;middle&#8221; scene_position=&#8221;center&#8221; text_color=&#8221;dark&#8221; text_align=&#8221;left&#8221; overlay_strength=&#8221;0.3&#8243;][vc_column column_padding=&#8221;no-extra-padding&#8221; column_padding_position=&#8221;all&#8221; background_color_opacity=&#8221;1&#8243; background_hover_color_opacity=&#8221;1&#8243; column_shadow=&#8221;none&#8221; width=&#8221;1\/6&#8243; tablet_text_alignment=&#8221;default&#8221; phone_text_alignment=&#8221;default&#8221; column_border_width=&#8221;none&#8221; column_border_style=&#8221;solid&#8221;][\/vc_column][vc_column column_padding=&#8221;no-extra-padding&#8221; column_padding_position=&#8221;all&#8221; background_color_opacity=&#8221;1&#8243; background_hover_color_opacity=&#8221;1&#8243; column_shadow=&#8221;none&#8221; width=&#8221;2\/3&#8243; tablet_text_alignment=&#8221;default&#8221; phone_text_alignment=&#8221;default&#8221; column_border_width=&#8221;none&#8221; column_border_style=&#8221;solid&#8221;][vc_column_text] Politique en mati\u00e8re&#8230;<\/p>\n","protected":false},"author":2,"featured_media":0,"parent":0,"menu_order":0,"comment_status":"closed","ping_status":"closed","template":"","meta":{"_acf_changed":false,"footnotes":""},"class_list":["post-9096","page","type-page","status-publish"],"acf":[],"_links":{"self":[{"href":"https:\/\/www.takeuchiglobal.com\/fr\/wp-json\/wp\/v2\/pages\/9096","targetHints":{"allow":["GET"]}}],"collection":[{"href":"https:\/\/www.takeuchiglobal.com\/fr\/wp-json\/wp\/v2\/pages"}],"about":[{"href":"https:\/\/www.takeuchiglobal.com\/fr\/wp-json\/wp\/v2\/types\/page"}],"author":[{"embeddable":true,"href":"https:\/\/www.takeuchiglobal.com\/fr\/wp-json\/wp\/v2\/users\/2"}],"replies":[{"embeddable":true,"href":"https:\/\/www.takeuchiglobal.com\/fr\/wp-json\/wp\/v2\/comments?post=9096"}],"version-history":[{"count":0,"href":"https:\/\/www.takeuchiglobal.com\/fr\/wp-json\/wp\/v2\/pages\/9096\/revisions"}],"wp:attachment":[{"href":"https:\/\/www.takeuchiglobal.com\/fr\/wp-json\/wp\/v2\/media?parent=9096"}],"curies":[{"name":"wp","href":"https:\/\/api.w.org\/{rel}","templated":true}]}}