{"id":9202,"date":"2018-08-24T20:11:13","date_gmt":"2018-08-24T20:11:13","guid":{"rendered":"http:\/\/www.takeuchiglobal.com\/?page_id=9202\/"},"modified":"2018-09-07T19:07:34","modified_gmt":"2018-09-07T19:07:34","slug":"terms-and-conditions","status":"publish","type":"page","link":"https:\/\/www.takeuchiglobal.com\/fr\/terms-and-conditions\/","title":{"rendered":"Terms and Conditions"},"content":{"rendered":"[vc_row type=&#8221;in_container&#8221; full_screen_row_position=&#8221;middle&#8221; scene_position=&#8221;center&#8221; text_color=&#8221;dark&#8221; text_align=&#8221;left&#8221; overlay_strength=&#8221;0.3&#8243;][vc_column column_padding=&#8221;no-extra-padding&#8221; column_padding_position=&#8221;all&#8221; background_color_opacity=&#8221;1&#8243; background_hover_color_opacity=&#8221;1&#8243; column_shadow=&#8221;none&#8221; width=&#8221;1\/6&#8243; tablet_text_alignment=&#8221;default&#8221; phone_text_alignment=&#8221;default&#8221; column_border_width=&#8221;none&#8221; column_border_style=&#8221;solid&#8221;][\/vc_column][vc_column column_padding=&#8221;no-extra-padding&#8221; column_padding_position=&#8221;all&#8221; background_color_opacity=&#8221;1&#8243; background_hover_color_opacity=&#8221;1&#8243; column_shadow=&#8221;none&#8221; width=&#8221;2\/3&#8243; tablet_text_alignment=&#8221;default&#8221; phone_text_alignment=&#8221;default&#8221; column_border_width=&#8221;none&#8221; column_border_style=&#8221;solid&#8221;][vc_column_text]\n<h1>Conditions g\u00e9n\u00e9rales<\/h1>\n<h2>Derni\u00e8re mise \u00e0 jour\u00a0: lundi\u00a030\u00a0juillet\u00a02018<\/h2>\n<p>Takeuchi Mfg. Co. Ltd. qui inclut nos filiales aux \u00c9tats-Unis, au Royaume-Uni et en France (ensemble collectivement connu sous le nom de \u00ab\u00a0Takeuchi\u00a0\u00bb ou \u00ab\u00a0Nous\u00a0\u00bb) s\u2019engage \u00e0 prot\u00e9ger votre vie priv\u00e9e, y compris celle des employ\u00e9s de Takeuchi, de nos revendeurs, de nos clients, des utilisateurs de nos engins ainsi que des visiteurs de nos sites et pages Web.\u00a0 Cette Politique de confidentialit\u00e9 explique la fa\u00e7on dont Takeuchi traitera et prot\u00e9gera vos donn\u00e9es personnelles.<\/p>\n<p>Votre acc\u00e8s au Service ainsi que son utilisation sont conditionn\u00e9s \u00e0 l\u2019acceptation et au respect de ces Conditions g\u00e9n\u00e9rales. Ces Conditions g\u00e9n\u00e9rales s\u2019appliquent \u00e0 tous les visiteurs, utilisateurs et autres personnes qui souhaitent acc\u00e9der au Service ou l\u2019utiliser.<\/p>\n<p>En acc\u00e9dant au Service ou en l\u2019utilisant, vous acceptez de vous conformer \u00e0 ces Conditions g\u00e9n\u00e9rales. Si vous \u00eates en d\u00e9saccord avec une partie de ces Conditions g\u00e9n\u00e9rales, alors vous n\u2019avez pas le droit d\u2019acc\u00e9der au Service.<\/p>\n<p><strong>Propri\u00e9t\u00e9 intellectuelle\u00a0 <\/strong><\/p>\n<p>Le Service ainsi que son contenu original, ses caract\u00e9ristiques et ses fonctionnalit\u00e9s sont et resteront la propri\u00e9t\u00e9 exclusive de Takeuchi MFG. Ltd. et de ses donneurs de licence. Le Service est prot\u00e9g\u00e9 par droit d\u2019auteur, marque d\u00e9pos\u00e9e et autres lois en vigueur aux \u00c9tats-Unis et \u00e0 l\u2019\u00e9tranger. Nos marques d\u00e9pos\u00e9es ainsi que notre habillage commercial ne peuvent pas \u00eatre utilis\u00e9s en relation avec un produit ou un service sans l\u2019accord \u00e9crit pr\u00e9alable de Takeuchi Mfg. Co. Ltd.<\/p>\n<p><strong>Liens vers d\u2019autres sites Web\u00a0 <\/strong><\/p>\n<p>Notre Service peut contenir des liens vers des sites Web ou services tiers qui ne sont ni d\u00e9tenus ni contr\u00f4l\u00e9s par Takeuchi Mfg. Co. Ltd.<\/p>\n<p>Takeuchi Mfg. Co. Ltd. n\u2019a aucun contr\u00f4le sur les contenus, les politiques de confidentialit\u00e9 ou les pratiques des sites Web ou services tiers, et n\u2019en assume aucune responsabilit\u00e9. Nous ne garantissons pas les offres de ses entit\u00e9s\/individus ou de leurs sites Web.<\/p>\n<p>Vous reconnaissez et acceptez que TAKEUCHI MFG CO LTD ne sera pas tenu responsable, directement ou indirectement, des dommages et pertes caus\u00e9s par, ou pr\u00e9tendument caus\u00e9s par, ou concernant l\u2019utilisation de ou la d\u00e9pendance envers de tels contenus, marchandises ou services disponibles sur ou par l\u2019interm\u00e9diaire de ces sites Web ou services tiers.<\/p>\n<p>Nous vous conseillons vivement de lire les Conditions g\u00e9n\u00e9rales et Politiques de confidentialit\u00e9 des sites Web et services tiers que vous consultez.<\/p>\n<p><strong>R\u00e9siliation<\/strong><\/p>\n<p>Nous pouvons r\u00e9silier ou suspendre votre acc\u00e8s au Service avec effet imm\u00e9diat, sans avis pr\u00e9alable ou responsabilit\u00e9, \u00e0 notre seule discr\u00e9tion, pour quelque motif que ce soit et sans restriction, y compris mais sans y \u00eatre limit\u00e9, une violation de ces Conditions g\u00e9n\u00e9rales.<\/p>\n<p>Toutes les dispositions de ces Conditions g\u00e9n\u00e9rales qui, de par leur nature, doivent survivre \u00e0 la r\u00e9siliation, survivront \u00e0 la r\u00e9siliation, y compris, sans restriction, les dispositions relatives \u00e0 la propri\u00e9t\u00e9, les exclusions de garantie, les indemnit\u00e9s et les limitations de responsabilit\u00e9.<\/p>\n<p><strong>Indemnisation<\/strong><\/p>\n<p>Takeuchi Mfg. Co. Ltd., tout comme ses directeurs, employ\u00e9s, partenaires, agents, fournisseurs ou entreprises affili\u00e9es, ne pourront en aucun cas \u00eatre tenus responsables des dommages indirects, accessoires, sp\u00e9ciaux, cons\u00e9cutifs ou punitifs, y compris, mais sans y \u00eatre limit\u00e9, les pertes de profits, de donn\u00e9es, de jouissance, de client\u00e8le et autres pertes immat\u00e9rielles, r\u00e9sultant de (i) votre acc\u00e8s \u00e0 ou utilisation de ou incapacit\u00e9 \u00e0 acc\u00e9der ou utiliser le Service\u00a0; (ii) du comportement ou du contenu d\u2019un tiers sur le Service\u00a0; (iii) du contenu provenant du Service\u00a0; et (iv) de l\u2019acc\u00e8s non autoris\u00e9, de l\u2019utilisation ou de la modification de vos transmissions ou de votre contenu, que cela soit fond\u00e9 sur une garantie, un contrat, un d\u00e9lit (n\u00e9gligence incluse) ou toute autre th\u00e9orie juridique, que nous ayons \u00e9t\u00e9 inform\u00e9s ou non de l\u2019\u00e9ventualit\u00e9 de tels dommages, et m\u00eame si un recours \u00e9nonc\u00e9 dans les pr\u00e9sentes Conditions g\u00e9n\u00e9rales n\u2019a pas atteint son objectif essentiel.<\/p>\n<p><strong>Clause de non-responsabilit\u00e9<\/strong><\/p>\n<p>L\u2019utilisation du Service est \u00e0 vos propres risques. Le Service est fourni \u00ab\u00a0TEL QUE\u00a0\u00bb et \u00ab\u00a0EN FONCTION DES DISPONIBILIT\u00c9S\u00a0\u00bb. Le Service est fourni sans garantie aucune, explicite ou implicite, y compris mais sans y \u00eatre limit\u00e9, les garanties implicites de qualit\u00e9 marchande, l\u2019ad\u00e9quation \u00e0 un usage particulier, l\u2019absence de contrefa\u00e7on et les modalit\u00e9s d\u2019ex\u00e9cution.<\/p>\n<p>Takeuchi Mfg. Co. Ltd. ainsi que ses filiales, entreprises affili\u00e9es et donneurs de licence ne garantissent pas que a) le Service fonctionnera de mani\u00e8re ininterrompue et s\u00e9curis\u00e9e ni qu\u2019il sera disponible \u00e0 n\u2019importe quel moment ou endroit\u00a0; b) les erreurs ou d\u00e9fauts seront corrig\u00e9s\u00a0; c) le Service soit exempt de virus ou autres composants dangereux\u00a0; ou d) les r\u00e9sultats de l\u2019utilisation du Service satisferont \u00e0 vos exigences.<\/p>\n<p><strong>Exclusions<\/strong><\/p>\n<p>Certaines juridictions n\u2019autorisent pas l\u2019exclusion de certaines garanties ou l\u2019exclusion ou la limitation de responsabilit\u00e9 pour les dommages cons\u00e9cutifs ou accessoires et par cons\u00e9quent, les limitations pr\u00e9vues ci-dessus peuvent ne pas s\u2019appliquer \u00e0 votre cas<\/p>\n<p><strong>Droit applicable<\/strong><\/p>\n<p>Ces Conditions g\u00e9n\u00e9rales doivent \u00eatre r\u00e9gies et interpr\u00e9t\u00e9es conform\u00e9ment aux lois de la G\u00e9orgie (\u00c9tats-Unis), ind\u00e9pendamment des dispositions relatives aux conflits de lois.<\/p>\n<p>Notre d\u00e9faut \u00e0 appliquer un droit ou une disposition de ces Conditions g\u00e9n\u00e9rales ne sera pas consid\u00e9r\u00e9 comme une renonciation envers ces droits. Si une disposition de ces Conditions g\u00e9n\u00e9rales s\u2019av\u00e8re \u00eatre non valide ou inapplicable par un tribunal, les autres dispositions de ces Conditions g\u00e9n\u00e9rales resteront en vigueur. Ces Conditions g\u00e9n\u00e9rales constituent l\u2019entente int\u00e9grale entre nous en ce qui concerne notre Service, et annulent et remplacent tout autre contrat ant\u00e9rieur que nous aurions pu avoir entre nous en ce qui concerne le Service.<\/p>\n<p><strong>Modifications<\/strong><\/p>\n<p>Nous nous r\u00e9servons le droit, \u00e0 notre seule discr\u00e9tion, de modifier ou de remplacer ces Conditions g\u00e9n\u00e9rales \u00e0 tout moment. Si la r\u00e9vision est substantielle, nous enverrons une notification au moins trente jours avant l\u2019entr\u00e9e en vigueur des nouvelles Conditions g\u00e9n\u00e9rales. Ce qui constitue une modification substantielle sera d\u00e9termin\u00e9 \u00e0 notre seule discr\u00e9tion.<\/p>\n<p>En continuant d\u2019acc\u00e9der \u00e0 notre Service ou en continuant de l\u2019utiliser apr\u00e8s l\u2019entr\u00e9e en vigueur d\u2019une r\u00e9vision, vous acceptez de vous conformer aux Conditions g\u00e9n\u00e9rales r\u00e9vis\u00e9es. Si vous \u00eates en d\u00e9saccord avec les nouvelles Conditions g\u00e9n\u00e9rales, vous n\u2019\u00eates plus autoris\u00e9 \u00e0 utiliser le Service.<\/p>\n<p><strong>Nous contacter\u00a0 <\/strong><\/p>\n<p>Si vous avez des questions concernant ces Conditions g\u00e9n\u00e9rales, veuillez nous contacter au 00\u00a01\u00a0706-693-3600, ou envoyez-nous un courrier \u00e9lectronique \u00e0 privacy@takeuchi-us.com.[\/vc_column_text][\/vc_column][vc_column column_padding=&#8221;no-extra-padding&#8221; column_padding_position=&#8221;all&#8221; background_color_opacity=&#8221;1&#8243; background_hover_color_opacity=&#8221;1&#8243; column_shadow=&#8221;none&#8221; width=&#8221;1\/6&#8243; tablet_text_alignment=&#8221;default&#8221; phone_text_alignment=&#8221;default&#8221; column_border_width=&#8221;none&#8221; column_border_style=&#8221;solid&#8221;][\/vc_column][\/vc_row]\n","protected":false},"excerpt":{"rendered":"<p>[vc_row type=&#8221;in_container&#8221; full_screen_row_position=&#8221;middle&#8221; scene_position=&#8221;center&#8221; text_color=&#8221;dark&#8221; text_align=&#8221;left&#8221; overlay_strength=&#8221;0.3&#8243;][vc_column column_padding=&#8221;no-extra-padding&#8221; column_padding_position=&#8221;all&#8221; background_color_opacity=&#8221;1&#8243; background_hover_color_opacity=&#8221;1&#8243; column_shadow=&#8221;none&#8221; width=&#8221;1\/6&#8243; tablet_text_alignment=&#8221;default&#8221; phone_text_alignment=&#8221;default&#8221; column_border_width=&#8221;none&#8221; column_border_style=&#8221;solid&#8221;][\/vc_column][vc_column column_padding=&#8221;no-extra-padding&#8221; column_padding_position=&#8221;all&#8221; background_color_opacity=&#8221;1&#8243; background_hover_color_opacity=&#8221;1&#8243; column_shadow=&#8221;none&#8221; width=&#8221;2\/3&#8243; tablet_text_alignment=&#8221;default&#8221; phone_text_alignment=&#8221;default&#8221; column_border_width=&#8221;none&#8221; column_border_style=&#8221;solid&#8221;][vc_column_text] Conditions g\u00e9n\u00e9rales Derni\u00e8re&#8230;<\/p>\n","protected":false},"author":1,"featured_media":0,"parent":0,"menu_order":0,"comment_status":"closed","ping_status":"closed","template":"","meta":{"_acf_changed":false,"footnotes":""},"class_list":["post-9202","page","type-page","status-publish"],"acf":[],"_links":{"self":[{"href":"https:\/\/www.takeuchiglobal.com\/fr\/wp-json\/wp\/v2\/pages\/9202","targetHints":{"allow":["GET"]}}],"collection":[{"href":"https:\/\/www.takeuchiglobal.com\/fr\/wp-json\/wp\/v2\/pages"}],"about":[{"href":"https:\/\/www.takeuchiglobal.com\/fr\/wp-json\/wp\/v2\/types\/page"}],"author":[{"embeddable":true,"href":"https:\/\/www.takeuchiglobal.com\/fr\/wp-json\/wp\/v2\/users\/1"}],"replies":[{"embeddable":true,"href":"https:\/\/www.takeuchiglobal.com\/fr\/wp-json\/wp\/v2\/comments?post=9202"}],"version-history":[{"count":0,"href":"https:\/\/www.takeuchiglobal.com\/fr\/wp-json\/wp\/v2\/pages\/9202\/revisions"}],"wp:attachment":[{"href":"https:\/\/www.takeuchiglobal.com\/fr\/wp-json\/wp\/v2\/media?parent=9202"}],"curies":[{"name":"wp","href":"https:\/\/api.w.org\/{rel}","templated":true}]}}