{"id":6340,"date":"2017-01-20T20:55:00","date_gmt":"2017-01-20T20:55:00","guid":{"rendered":"http:\/\/www.takeuchiglobal.com\/?page_id=6340\/"},"modified":"2019-05-31T19:06:22","modified_gmt":"2019-05-31T19:06:22","slug":"presidents-message","status":"publish","type":"page","link":"https:\/\/www.takeuchiglobal.com\/it\/presidents-message\/","title":{"rendered":"President&#8217;s Message &#8211; Italian"},"content":{"rendered":"[vc_row type=&#8221;in_container&#8221; full_screen_row_position=&#8221;middle&#8221; scene_position=&#8221;center&#8221; text_color=&#8221;dark&#8221; text_align=&#8221;left&#8221; top_padding=&#8221;45&#8243; overlay_strength=&#8221;0.3&#8243; shape_divider_position=&#8221;bottom&#8221; bg_image_animation=&#8221;none&#8221;][vc_column column_padding=&#8221;no-extra-padding&#8221; column_padding_position=&#8221;all&#8221; background_color_opacity=&#8221;1&#8243; background_hover_color_opacity=&#8221;1&#8243; column_link_target=&#8221;_self&#8221; column_shadow=&#8221;none&#8221; column_border_radius=&#8221;none&#8221; width=&#8221;1\/4&#8243; tablet_width_inherit=&#8221;default&#8221; tablet_text_alignment=&#8221;default&#8221; phone_text_alignment=&#8221;default&#8221; column_border_width=&#8221;none&#8221; column_border_style=&#8221;solid&#8221; bg_image_animation=&#8221;none&#8221;][vc_widget_sidebar title=&#8221;Rapporti con gli investitori&#8221; sidebar_id=&#8221;cs-1&#8243;][\/vc_column][vc_column column_padding=&#8221;no-extra-padding&#8221; column_padding_position=&#8221;all&#8221; background_color_opacity=&#8221;1&#8243; background_hover_color_opacity=&#8221;1&#8243; column_link_target=&#8221;_self&#8221; column_shadow=&#8221;none&#8221; column_border_radius=&#8221;none&#8221; width=&#8221;3\/4&#8243; tablet_width_inherit=&#8221;default&#8221; tablet_text_alignment=&#8221;default&#8221; phone_text_alignment=&#8221;default&#8221; column_border_width=&#8221;none&#8221; column_border_style=&#8221;solid&#8221; bg_image_animation=&#8221;none&#8221;][vc_row_inner column_margin=&#8221;default&#8221; text_align=&#8221;left&#8221;][vc_column_inner column_padding=&#8221;no-extra-padding&#8221; column_padding_position=&#8221;all&#8221; background_color_opacity=&#8221;1&#8243; background_hover_color_opacity=&#8221;1&#8243; column_shadow=&#8221;none&#8221; column_border_radius=&#8221;none&#8221; column_link_target=&#8221;_self&#8221; width=&#8221;2\/3&#8243; tablet_width_inherit=&#8221;default&#8221; column_border_width=&#8221;none&#8221; column_border_style=&#8221;solid&#8221; bg_image_animation=&#8221;none&#8221;][vc_column_text el_class=&#8221;btmpad&#8221;]\n<h1>Messaggio del Presidente<\/h1>\n<h2>Da primi al mondo a leader mondiali TAKEUCHI<\/h2>\n<p><img loading=\"lazy\" decoding=\"async\" class=\"alignright size-medium wp-image-9566\" src=\"https:\/\/www.takeuchiglobal.com\/wp-content\/uploads\/2019\/05\/190529_president-Edits-Wedsite-283x300.jpg\" alt=\"\" width=\"283\" height=\"300\" \/><\/p>\n<p>Il Gruppo Takeuchi, fondato nel 1963, ha creato nuovi mercati mediante lo sviluppo del primo miniescavatore e della prima pala cingolata compatta al mondo nel settore dei macchinari per l&#8217;edilizia. Grazie ai nostri prodotti, abbiamo soddisfatto le esigenze dei clienti a livello globale, continuando a crescere insieme al mercato.<\/p>\n<p>La caratteristica principale del Gruppo \u00e8 lo sviluppo dei prodotti, la cui fabbricazione avviene per la maggior parte in Giappone. Siamo un&#8217;azienda globale e sono soprattutto le vendite nei mercati esteri ad alimentare il nostro fatturato. Il nostro principale punto di forza sul mercato \u00e8 dato dalla reputazione dei nostri prodotti: potenti, resistenti, facili da usare e comodi, tutte caratteristiche che contribuito ad assicurarci una quota di mercato elevata.<\/p>\n<p>L&#8217;idea del nostro Fondatore \u00e8 quella di creare &#8220;un prodotto che prima non esisteva&#8221; e &#8220;un prodotto utile alle persone&#8221;. \u00c8 questo spirito a guidarci ed \u00e8 diventato parte della nostra Filosofia Aziendale, &#8220;Da primi al mondo a leader mondiali TAKEUCHI.&#8221; Inoltre, guardando al futuro e tenendo conto degli obiettivi di sviluppo sostenibile dell&#8217;ONU, speriamo di contribuire alla realizzazione di una societ\u00e0 prospera ed ecocompatibile. Il business del nostro Gruppo ruota attorno a &#8220;Citt\u00e0 e comunit\u00e0 sostenibili&#8221;. Lavorando sulla creazione di prodotti ecocompatibili, possiamo offrire un contributo importante alla societ\u00e0, sviluppando, producendo, vendendo e mantenendo macchinari con l&#8217;obiettivo di dare vita a un&#8217;edilizia urbana pi\u00f9 sicura, efficiente e pulita. Inoltre, promuoviamo attivamente un ambiente in cui i nostri dipendenti possono lavorare in piena salute e sentirsi valorizzati e sostenuti. Dato il nostro impegno in questi campi, puntiamo a essere un&#8217;azienda degna di fiducia e apprezzata da clienti, partner commerciali, azionisti, comunit\u00e0 locali, dai nostri dipendenti e dalle loro famiglie.<\/p>\n<p>Ci auguriamo vivamente di poter contare sul sostegno e l&#8217;incoraggiamento continui dei nostri clienti e partner anche in futuro.<\/p>\n<p>TAKEUCHI MFG. CO., LTD.<br \/>\nDa primi al mondo a leader mondiali TAKEUCHI<br \/>\nToshiya Takeuchi[\/vc_column_text][\/vc_column_inner][vc_column_inner column_padding=&#8221;no-extra-padding&#8221; column_padding_position=&#8221;all&#8221; background_color_opacity=&#8221;1&#8243; background_hover_color_opacity=&#8221;1&#8243; column_shadow=&#8221;none&#8221; column_border_radius=&#8221;none&#8221; column_link_target=&#8221;_self&#8221; width=&#8221;1\/3&#8243; tablet_width_inherit=&#8221;default&#8221; column_border_width=&#8221;none&#8221; column_border_style=&#8221;solid&#8221; bg_image_animation=&#8221;none&#8221;][\/vc_column_inner][\/vc_row_inner][\/vc_column][\/vc_row]\n","protected":false},"excerpt":{"rendered":"<p>[vc_row type=&#8221;in_container&#8221; full_screen_row_position=&#8221;middle&#8221; scene_position=&#8221;center&#8221; text_color=&#8221;dark&#8221; text_align=&#8221;left&#8221; top_padding=&#8221;45&#8243; overlay_strength=&#8221;0.3&#8243; shape_divider_position=&#8221;bottom&#8221; bg_image_animation=&#8221;none&#8221;][vc_column column_padding=&#8221;no-extra-padding&#8221; column_padding_position=&#8221;all&#8221; background_color_opacity=&#8221;1&#8243; background_hover_color_opacity=&#8221;1&#8243; column_link_target=&#8221;_self&#8221; column_shadow=&#8221;none&#8221; column_border_radius=&#8221;none&#8221; width=&#8221;1\/4&#8243; tablet_width_inherit=&#8221;default&#8221; tablet_text_alignment=&#8221;default&#8221; phone_text_alignment=&#8221;default&#8221; column_border_width=&#8221;none&#8221; column_border_style=&#8221;solid&#8221; bg_image_animation=&#8221;none&#8221;][vc_widget_sidebar title=&#8221;Rapporti con gli investitori&#8221; sidebar_id=&#8221;cs-1&#8243;][\/vc_column][vc_column column_padding=&#8221;no-extra-padding&#8221;&#8230;<\/p>\n","protected":false},"author":1,"featured_media":0,"parent":0,"menu_order":0,"comment_status":"closed","ping_status":"closed","template":"","meta":{"_acf_changed":false,"footnotes":""},"class_list":["post-6340","page","type-page","status-publish"],"acf":[],"_links":{"self":[{"href":"https:\/\/www.takeuchiglobal.com\/it\/wp-json\/wp\/v2\/pages\/6340","targetHints":{"allow":["GET"]}}],"collection":[{"href":"https:\/\/www.takeuchiglobal.com\/it\/wp-json\/wp\/v2\/pages"}],"about":[{"href":"https:\/\/www.takeuchiglobal.com\/it\/wp-json\/wp\/v2\/types\/page"}],"author":[{"embeddable":true,"href":"https:\/\/www.takeuchiglobal.com\/it\/wp-json\/wp\/v2\/users\/1"}],"replies":[{"embeddable":true,"href":"https:\/\/www.takeuchiglobal.com\/it\/wp-json\/wp\/v2\/comments?post=6340"}],"version-history":[{"count":0,"href":"https:\/\/www.takeuchiglobal.com\/it\/wp-json\/wp\/v2\/pages\/6340\/revisions"}],"wp:attachment":[{"href":"https:\/\/www.takeuchiglobal.com\/it\/wp-json\/wp\/v2\/media?parent=6340"}],"curies":[{"name":"wp","href":"https:\/\/api.w.org\/{rel}","templated":true}]}}