{"id":6395,"date":"2017-01-20T21:38:41","date_gmt":"2017-01-20T21:38:41","guid":{"rendered":"http:\/\/www.takeuchiglobal.com\/?page_id=6395\/"},"modified":"2017-01-24T20:12:01","modified_gmt":"2017-01-24T20:12:01","slug":"parts-service-italian","status":"publish","type":"page","link":"https:\/\/www.takeuchiglobal.com\/it\/parts-service-italian\/","title":{"rendered":"Parts &#038; Service &#8211; Italian"},"content":{"rendered":"[vc_row type=&#8221;in_container&#8221; full_screen_row_position=&#8221;middle&#8221; scene_position=&#8221;center&#8221; text_color=&#8221;dark&#8221; text_align=&#8221;left&#8221; top_padding=&#8221;45&#8243; overlay_strength=&#8221;0.3&#8243;][vc_column column_padding=&#8221;no-extra-padding&#8221; column_padding_position=&#8221;all&#8221; background_color_opacity=&#8221;1&#8243; background_hover_color_opacity=&#8221;1&#8243; width=&#8221;2\/3&#8243; tablet_text_alignment=&#8221;default&#8221; phone_text_alignment=&#8221;default&#8221;][vc_column_text]\n<h1>Parti di ricambio originali OEM<\/h1>\n<p>La nostra massima priorit\u00e0 \u00e8 far in modo che le vostre attrezzature Takeuchi si mantengano ai pi\u00f9 alti livelli di prestazione ed efficienza. L\u2019impiego di parti di ricambio originali OEM garantisce produttivit\u00e0 e massimo ritorno di investimento alle vostra attrezzature Takeuchi.<\/p>\n<h2>Massimo livello di assistenza<\/h2>\n<p>Ridurre al minimo i tempi di inattivit\u00e0 delle macchine e facilitare l\u2019ottimizzazione dell\u2019investimento sono una priorit\u00e0 assoluta per il personale tecnico specializzato di Takeuchi. Il personale viene aggiornato sulle tecnologie e le tecniche di assistenza pi\u00f9 recenti di Takeuchi. Ci\u00f2 garantisce il funzionamento quotidiano delle vostre attrezzature nelle applicazioni pi\u00f9 impegnative.[\/vc_column_text][\/vc_column][vc_column column_padding=&#8221;no-extra-padding&#8221; column_padding_position=&#8221;all&#8221; background_color_opacity=&#8221;1&#8243; background_hover_color_opacity=&#8221;1&#8243; width=&#8221;1\/3&#8243; tablet_text_alignment=&#8221;default&#8221; phone_text_alignment=&#8221;default&#8221;][image_with_animation image_url=&#8221;1070&#8243; alignment=&#8221;&#8221; animation=&#8221;Fade In&#8221; box_shadow=&#8221;none&#8221; max_width=&#8221;100%&#8221;][\/vc_column][\/vc_row]\n","protected":false},"excerpt":{"rendered":"<p>[vc_row type=&#8221;in_container&#8221; full_screen_row_position=&#8221;middle&#8221; scene_position=&#8221;center&#8221; text_color=&#8221;dark&#8221; text_align=&#8221;left&#8221; top_padding=&#8221;45&#8243; overlay_strength=&#8221;0.3&#8243;][vc_column column_padding=&#8221;no-extra-padding&#8221; column_padding_position=&#8221;all&#8221; background_color_opacity=&#8221;1&#8243; background_hover_color_opacity=&#8221;1&#8243; width=&#8221;2\/3&#8243; tablet_text_alignment=&#8221;default&#8221; phone_text_alignment=&#8221;default&#8221;][vc_column_text] Parti di ricambio originali OEM La nostra massima priorit\u00e0 \u00e8 far in modo che le&#8230;<\/p>\n","protected":false},"author":1,"featured_media":0,"parent":0,"menu_order":0,"comment_status":"closed","ping_status":"closed","template":"","meta":{"_acf_changed":false,"footnotes":""},"class_list":["post-6395","page","type-page","status-publish"],"acf":[],"_links":{"self":[{"href":"https:\/\/www.takeuchiglobal.com\/it\/wp-json\/wp\/v2\/pages\/6395","targetHints":{"allow":["GET"]}}],"collection":[{"href":"https:\/\/www.takeuchiglobal.com\/it\/wp-json\/wp\/v2\/pages"}],"about":[{"href":"https:\/\/www.takeuchiglobal.com\/it\/wp-json\/wp\/v2\/types\/page"}],"author":[{"embeddable":true,"href":"https:\/\/www.takeuchiglobal.com\/it\/wp-json\/wp\/v2\/users\/1"}],"replies":[{"embeddable":true,"href":"https:\/\/www.takeuchiglobal.com\/it\/wp-json\/wp\/v2\/comments?post=6395"}],"version-history":[{"count":0,"href":"https:\/\/www.takeuchiglobal.com\/it\/wp-json\/wp\/v2\/pages\/6395\/revisions"}],"wp:attachment":[{"href":"https:\/\/www.takeuchiglobal.com\/it\/wp-json\/wp\/v2\/media?parent=6395"}],"curies":[{"name":"wp","href":"https:\/\/api.w.org\/{rel}","templated":true}]}}