{"id":9089,"date":"2018-07-24T19:48:30","date_gmt":"2018-07-24T19:48:30","guid":{"rendered":"http:\/\/www.takeuchiglobal.com\/terms-conditions\/"},"modified":"2018-09-18T14:21:16","modified_gmt":"2018-09-18T14:21:16","slug":"privacy","status":"publish","type":"page","link":"https:\/\/www.takeuchiglobal.com\/it\/privacy\/","title":{"rendered":"Privacy"},"content":{"rendered":"[vc_row type=&#8221;in_container&#8221; full_screen_row_position=&#8221;middle&#8221; scene_position=&#8221;center&#8221; text_color=&#8221;dark&#8221; text_align=&#8221;left&#8221; overlay_strength=&#8221;0.3&#8243;][vc_column column_padding=&#8221;no-extra-padding&#8221; column_padding_position=&#8221;all&#8221; background_color_opacity=&#8221;1&#8243; background_hover_color_opacity=&#8221;1&#8243; column_shadow=&#8221;none&#8221; width=&#8221;1\/6&#8243; tablet_text_alignment=&#8221;default&#8221; phone_text_alignment=&#8221;default&#8221; column_border_width=&#8221;none&#8221; column_border_style=&#8221;solid&#8221;][\/vc_column][vc_column column_padding=&#8221;no-extra-padding&#8221; column_padding_position=&#8221;all&#8221; background_color_opacity=&#8221;1&#8243; background_hover_color_opacity=&#8221;1&#8243; column_shadow=&#8221;none&#8221; width=&#8221;2\/3&#8243; tablet_text_alignment=&#8221;default&#8221; phone_text_alignment=&#8221;default&#8221; column_border_width=&#8221;none&#8221; column_border_style=&#8221;solid&#8221;][vc_column_text]\n<h1>Politica sulla privacy<\/h1>\n<h2>Data di entrata in vigore: 6 agosto 2018<\/h2>\n<p>Takeuchi Mfg. Co. Ltd., che comprende le nostre sussidiarie negli Stati Uniti, nel Regno Unito e in Francia (collettivamente note come &#8220;Gruppo Takeuchi&#8221; o &#8220;Noi&#8221;), si impegna a proteggere la vostra privacy, compresa quella dei dipendenti Takeuchi, dei nostri rivenditori e clienti, degli utenti delle nostre macchine e dei visitatori dei nostri siti e pagine web. Questa Politica sulla privacy spiega come Takeuchi tratter\u00e0 e salvaguarder\u00e0 i vostri dati personali.<\/p>\n<p>Utilizziamo i vostri dati per fornire e migliorare il Servizio. Utilizzando il Servizio, accettate la raccolta e l&#8217;utilizzo di informazioni in conformit\u00e0 con questa politica. Se non diversamente specificato nella presente Politica sulla privacy, i termini utilizzati nella presente Politica sulla privacy hanno lo stesso significato dei nostri Termini e Condizioni, accessibili all&#8217;indirizzo <a href=\"http:\/\/www.takeuchiglobal.com\">www.takeuchiglobal.com<\/a><\/p>\n<p><strong>Specifiche<\/strong><\/p>\n<p><strong>Servizio<\/strong><\/p>\n<p>Il Servizio \u00e8 il sito web www.takeuchiglobal.com gestito dal Gruppo Takeuchi.<\/p>\n<p><strong>Dati personali<\/strong><\/p>\n<p>Per dati personali si intende qualsiasi informazione concernente una persona fisica identificata o identificabile, ossia una persona che pu\u00f2 essere identificata direttamente o indirettamente, in particolare mediante riferimento a un identificatore quale un nome, un numero di identificazione, dati relativi all&#8217;ubicazione, un identificatore online o uno o pi\u00f9 elementi specifici caratteristici dell&#8217;identit\u00e0 fisica, fisiologica, genetica, psichica, economica, culturale o sociale di tale persona fisica.\u00a0 Ci\u00f2 si basa sulla definizione utilizzata nel regolamento generale dell&#8217;UE sulla protezione dei dati.<\/p>\n<p><strong>Dati di utilizzo<\/strong><\/p>\n<p>I Dati di utilizzo sono dati raccolti automaticamente, generati dall&#8217;utilizzo del Servizio o dall&#8217;infrastruttura del Servizio stesso (ad esempio, la durata di una visita a una pagina).<\/p>\n<p><strong>Cookie<\/strong><\/p>\n<p>I cookie sono piccoli pezzi di dati memorizzati sul vostro dispositivo (computer o dispositivo mobile).<\/p>\n<p><strong>Raccolta e utilizzo delle informazioni<\/strong><\/p>\n<p>Raccogliamo diversi tipi di informazioni per vari scopi, in modo da fornire e migliorare il nostro Servizio per voi.<\/p>\n<p><strong>Tipi di dati raccolti<\/strong><\/p>\n<p><strong>Dati personali<\/strong><\/p>\n<p>Durante l&#8217;utilizzo del nostro Servizio, potremmo chiedervi di fornirci alcune informazioni di identificazione personale che possono essere utilizzate per contattarvi o identificarvi (&#8220;Dati personali&#8221;). Le informazioni di identificazione personale possono includere, a titolo esemplificativo ma non esaustivo:<\/p>\n<ul>\n<li>Indirizzo email<br \/>\n\u2022 Nome e cognome<br \/>\n\u2022 Numero di telefono<br \/>\n\u2022 Indirizzo, Stato, provincia, codice postale, citt\u00e0<br \/>\n\u2022 Cookie e Dati di utilizzo<br \/>\nPotremmo utilizzare i vostri Dati personali per contattarvi con newsletter, materiale promozionale o di marketing e altre informazioni che potrebbero essere di vostro interesse. Potete scegliere di non ricevere alcuna o tutte queste comunicazioni da parte nostra seguendo il link di cancellazione o le istruzioni fornite in ogni email da noi inviata.<\/li>\n<\/ul>\n<p><strong>Dati di utilizzo<\/strong><\/p>\n<p>Potremmo anche raccogliere informazioni sulle modalit\u00e0 di accesso e utilizzo del Servizio (&#8220;Dati di utilizzo&#8221;). Questi Dati di utilizzo possono includere informazioni quali l&#8217;indirizzo IP del computer, il tipo e la versione del browser, le pagine del nostro Servizio visitate, l&#8217;ora e la data della visita, il tempo trascorso su tali pagine, gli identificatori univoci del dispositivo e altri dati diagnostici.<\/p>\n<p><strong>Dati sulla posizione<\/strong><\/p>\n<p>Possiamo utilizzare e memorizzare informazioni sulla vostra posizione, se ci date l&#8217;autorizzazione di farlo (&#8220;Dati sulla posizione&#8221;). Usiamo questi dati per fornire funzionalit\u00e0 del nostro Servizio, per migliorare e personalizzare il nostro Servizio.<\/p>\n<p>\u00c8 possibile attivare o disattivare in ogni momento i servizi sulla posizione quando si utilizza il nostro servizio, tramite le impostazioni del vostro dispositivo.<\/p>\n<p><strong>Dati di tracciamento e cookie <\/strong><\/p>\n<p>Utilizziamo cookie e tecnologie di tracciamento simili per tracciare l&#8217;attivit\u00e0 sul nostro Servizio e conservare determinate informazioni.<\/p>\n<p>I cookie sono file con piccole quantit\u00e0 di dati che possono includere un identificatore univoco anonimo. I cookie vengono inviati al vostro browser da un sito web e memorizzati sul vostro dispositivo. Le tecnologie di tracciamento utilizzate sono anche beacon, tag e script per raccogliere e tracciare informazioni e per migliorare e analizzare il nostro Servizio.<\/p>\n<p>Potete ordinare al vostro browser di rifiutare tutti i cookie o di indicare quando un cookie viene inviato. Tuttavia, se non accettate i cookie, potreste non essere in grado di utilizzare alcune parti del nostro Servizio.<\/p>\n<p>Esempi di cookie che utilizziamo:<br \/>\n\u2022 Cookie di sessione. Utilizziamo i Cookie di sessione per gestire il nostro Servizio.<br \/>\n\u2022 Cookie di preferenza. Utilizziamo i Cookie di preferenza per ricordare le vostre preferenze e le varie impostazioni.<br \/>\n\u2022 Cookie di sicurezza. Utilizziamo i Cookie di sicurezza per scopi di sicurezza<\/p>\n<p><strong>Utilizzo dei dati<\/strong><\/p>\n<p>Takeuchi Mfg. Co. Ltd. utilizza i dati raccolti per vari scopi:<br \/>\n\u2022 Per fornire e mantenere il nostro Servizio<br \/>\n\u2022 Per informarvi sulle modifiche al nostro Servizio<br \/>\n\u2022 Per consentirvi di partecipare alle funzioni interattive del nostro Servizio quando scegliete di farlo<br \/>\n\u2022 Per fornire assistenza ai client<br \/>\n\u2022 Per raccogliere analisi o informazioni preziose in modo da poter migliorare il nostro Servizio<br \/>\n\u2022 Per monitorare l&#8217;utilizzo del nostro Servizio<br \/>\n\u2022 Per rilevare, prevenire e risolvere problemi tecnici<br \/>\n\u2022 Per fornire notizie, offerte speciali e informazioni generali su altri beni, servizi ed eventi che offriamo e che sono simili a quelli che avete gi\u00e0 acquistato o richiesto, a meno che non abbiate scelto di non ricevere tali informazioni<\/p>\n<p><strong>Base giuridica per il trattamento dei dati personali ai sensi del regolamento generale sulla protezione dei dati (GDPR)<\/strong><\/p>\n<p>Takeuchi Mfg. Co. Ltd. ha base giuridica per la raccolta e l&#8217;utilizzo delle informazioni personali descritte nella presente Politica sulla privacy che dipende dai Dati personali che raccogliamo e dal contesto specifico in cui li raccogliamo.<\/p>\n<p>Takeuchi Mfg. Co. Ltd. pu\u00f2 trattare i vostri Dati personali per i seguenti motivi:<br \/>\n\u2022 Abbiamo bisogno di creare un contratto con voi<br \/>\n\u2022 Ci avete dato il permesso di farlo<br \/>\n\u2022 Il trattamento \u00e8 nel nostro legittimo interesse e non \u00e8 in contrasto con i vostri diritti<br \/>\n\u2022 Per rispettare la legge<\/p>\n<p><strong>Conservazione dei dati<\/strong><\/p>\n<p>Takeuchi Mfg. Co. Ltd. conserver\u00e0 i vostri Dati personali solo per il tempo necessario alle finalit\u00e0 indicate nella presente Politica sulla privacy. Conserveremo e utilizzeremo i vostri Dati personali nella misura necessaria per adempiere ai nostri obblighi legali (ad esempio, se ci viene richiesto di conservare i vostri dati per rispettare le leggi applicabili), risolvere controversie e applicare i nostri accordi e politiche legali.<\/p>\n<p>Takeuchi Mfg. Co. Ltd. conserver\u00e0 i Dati di utilizzo anche a fini di analisi interna. I Dati di utilizzo vengono generalmente conservati per un periodo di tempo pi\u00f9 breve, tranne quando vengono utilizzati per rafforzare la sicurezza o migliorare la funzionalit\u00e0 del nostro Servizio, oppure quando siamo obbligati per legge a conservarli per periodi di tempo pi\u00f9 lunghi.<\/p>\n<p><strong>Trasferimento dei dati<\/strong><\/p>\n<p>Le vostre informazioni, inclusi i Dati personali, possono essere trasferite e conservate su computer situati al di fuori della vostra regione, provincia, Paese o altra giurisdizione governativa in cui le leggi sulla protezione dei dati possono differire da quelle della vostra giurisdizione.<\/p>\n<p>Le vostre informazioni potrebbero essere trasferite in un altro Paese.\u00a0 Il vostro consenso alla presente Politica sulla privacy, seguito dall&#8217;invio di tali informazioni, rappresenta il vostro consenso a tale trasferimento.<\/p>\n<p>Takeuchi Mfg. Co. Ltd. adotter\u00e0 tutte le misure ragionevolmente necessarie per garantire che i vostri dati siano trattati in modo sicuro e in conformit\u00e0 con la presente Politica sulla privacy e nessun trasferimento dei vostri dati personali avr\u00e0 luogo in un&#8217;organizzazione o Paese a meno che non ci siano controlli adeguati in atto, compresa la sicurezza dei vostri dati e di altre informazioni personali.<\/p>\n<p><strong>Divulgazione dei dati<\/strong><\/p>\n<p><strong>Requisiti legali<\/strong><\/p>\n<p>Takeuchi Mfg. Co. Ltd. pu\u00f2 divulgare i vostri Dati personali ritenendo in buona fede che tale azione sia necessaria:<br \/>\n\u2022 Per conformarsi a un obbligo legale<br \/>\n\u2022 Per perseguire interessi legittimi del Gruppo Takeuchi, a meno che non prevalgano i vostri diritti fondamentali<br \/>\n\u2022 Per prevenire o indagare su possibili irregolarit\u00e0 in relazione al Servizio<br \/>\n\u2022 Per proteggere la sicurezza personale degli utenti del Servizio o del pubblico<br \/>\n\u2022 Per proteggere contro la responsabilit\u00e0 legale<\/p>\n<p>Sicurezza dei dati<\/p>\n<p>La sicurezza dei vostri dati \u00e8 importante per noi, ma ricordate che nessun metodo di trasmissione su Internet o metodo di archiviazione elettronica \u00e8 sicuro al 100%. Pur sforzandoci di utilizzare mezzi commercialmente accettabili per proteggere i vostri Dati personali, non possiamo garantire la loro assoluta sicurezza.<\/p>\n<p>Potete impostare il vostro browser in modo che rifiuti tutti i cookie o vi avverta quando i siti web impostano o accedono ai cookie. Se disabilitate o rifiutate i cookie, vi preghiamo di notare che alcune funzioni del sito web del Gruppo Takeuchi potrebbero diventare inaccessibili o non funzionare correttamente.<\/p>\n<p><strong>I vostri diritti di protezione dei dati ai sensi del regolamento generale sulla protezione dei dati (GDPR)<\/strong><\/p>\n<p>Il Gruppo Takeuchi intende adottare misure ragionevoli per consentirvi di correggere, modificare, cancellare o limitare l&#8217;utilizzo dei vostri Dati personali.<\/p>\n<p>Se desiderate essere informati sui Dati personali in nostro possesso e se volete che vengano rimossi dai nostri sistemi, vi preghiamo di contattarci.<\/p>\n<p>In determinate circostanze, avete i seguenti diritti di protezione dei dati:<\/p>\n<ul>\n<li>Il diritto di accedere, aggiornare o cancellare le informazioni che abbiamo su di voi. Ogni volta che \u00e8 possibile, potete accedere, aggiornare o richiedere l&#8217;eliminazione dei Dati personali direttamente all&#8217;interno della sezione delle impostazioni del vostro account. Se non siete in grado di eseguire queste operazioni in modo autonomo, contattateci per ricevere supporto.<br \/>\n\u2022 Il diritto di rettifica. Avete il diritto di far rettificare le vostre informazioni se sono inesatte o incomplete.<br \/>\n\u2022 Il diritto di opporsi. Avete il diritto di opporvi al trattamento dei vostri Dati personali da parte nostra.<br \/>\n\u2022 Il diritto alla limitazione. Avete il diritto di richiedere che il trattamento dei vostri dati personali venga limitato.<br \/>\n\u2022 Il diritto alla portabilit\u00e0 dei dati. Avete il diritto di ricevere una copia delle vostre informazioni in nostro possesso in un formato strutturato, leggibile dal computer e di uso comune.<br \/>\n\u2022 Il diritto di revocare il consenso. Avete anche il diritto di revocare il vostro consenso in qualsiasi momento in cui Takeuchi Mfg. Co. Ltd. ha fatto affidamento sul vostro consenso al trattamento dei vostri dati personali.<\/li>\n<\/ul>\n<p>Si prega di notare che potremmo chiedervi di verificare la vostra identit\u00e0 prima di rispondere a tali richieste.<\/p>\n<p>Avete il diritto di sporgere reclamo presso un&#8217;Autorit\u00e0 responsabile della protezione dei dati personali in merito alla raccolta e all&#8217;utilizzo dei vostri Dati personali da parte nostra. Per ulteriori informazioni, contattate l&#8217;autorit\u00e0 locale per la protezione dei dati.<\/p>\n<p><strong>Fornitori di servizi<\/strong><\/p>\n<p>Possiamo impiegare societ\u00e0 e individui terzi per facilitare il nostro Servizio (&#8220;Fornitori di servizi&#8221;), per fornire il Servizio per nostro conto, per eseguire servizi relativi al Servizio o per assisterci nell&#8217;analisi delle modalit\u00e0 di utilizzo del nostro Servizio.<\/p>\n<p>Queste terze parti hanno accesso ai vostri Dati personali solo per svolgere queste attivit\u00e0 per nostro conto e sono obbligate a non divulgarli o usarli per nessun altro scopo.<\/p>\n<p><strong>Analisi web<\/strong><\/p>\n<p>Possiamo utilizzare fornitori di servizi terzi per monitorare e analizzare l&#8217;utilizzo del nostro Servizio.<\/p>\n<ul>\n<li>Google Analytics<\/li>\n<\/ul>\n<p>Google Analytics \u00e8 un servizio di analisi web offerto da Google che tiene traccia e segnala il traffico del sito web. Google utilizza i dati raccolti per tracciare e monitorare l&#8217;utilizzo del nostro Servizio. Questi dati vengono condivisi con altri servizi di Google. Google pu\u00f2 utilizzare i dati raccolti per contestualizzare e personalizzare gli annunci del proprio network pubblicitario.<\/p>\n<p>Potete decidere di non rendere disponibile la vostra attivit\u00e0 sul Servizio a Google Analytics installando il modulo aggiuntivo per il browser con opzione di non partecipazione di Google Analytics. Il componente aggiuntivo impedisce al JavaScript di Google Analytics (ga.js, analytics.js e dc.js) di condividere informazioni con Google Analytics sull&#8217;attivit\u00e0 delle visite.<\/p>\n<p>Per ulteriori informazioni sulle pratiche di Google in materia di privacy, visitate la pagina web Privacy e termini di Google: <a href=\"https:\/\/policies.google.com\/privacy?hl=it\" target=\"_blank\" rel=\"noopener\">https:\/\/policies.google.com\/privacy?hl=it<\/a><\/p>\n<p><strong>Link ad altri siti<\/strong><\/p>\n<p>Il nostro Servizio pu\u00f2 contenere link ad altri siti che non sono gestiti da noi. Cliccando su un link di terze parti, verrete indirizzati al sito di tali terze parti. Vi consigliamo vivamente di consultare la Politica sulla privacy di ogni sito che visitate.<\/p>\n<p>Non abbiamo alcun controllo su e non ci assumiamo alcuna responsabilit\u00e0 per il contenuto, le politiche sulla privacy o le pratiche di siti o servizi di terze parti.<\/p>\n<p><strong>Privacy dei bambini<\/strong><\/p>\n<p>Il nostro Servizio non si rivolge ai minori di 18 anni (&#8220;Bambini&#8221;).<\/p>\n<p>Non raccogliamo consapevolmente dati personali da persone di et\u00e0 inferiore ai 18 anni. Se siete genitori o tutori e siete consapevoli che il vostro bambino ci ha fornito Dati personali, contattateci. Se veniamo a conoscenza di aver raccolto Dati personali da bambini senza verifica del consenso dei genitori, adottiamo misure per rimuovere tali informazioni dai nostri server.<\/p>\n<p><strong>Modifiche alla presente Politica sulla privacy<\/strong><\/p>\n<p>Possiamo aggiornare la nostra Politica sulla privacy di tanto in tanto. Vi informeremo di qualsiasi modifica pubblicando la nuova Politica sulla privacy su questa pagina.<\/p>\n<p>Vi informeremo via email e\/o mediante un avviso evidente sul nostro Servizio, prima che il cambiamento diventi effettivo e aggiorneremo la &#8220;Data di entrata in vigore&#8221; in cima alla presente Politica sulla privacy.<\/p>\n<p>Vi consigliamo di rivedere periodicamente la presente Politica sulla privacy per eventuali modifiche. Le modifiche a questa Politica sulla privacy entrano in vigore quando vengono pubblicate su questa pagina.<\/p>\n<p><strong>Contatti<\/strong><\/p>\n<p>Se avete domande su questa Politica sulla privacy, vi preghiamo di contattarci:<br \/>\n\u2022 Per email: <a href=\"mailto:privacy@takeuchi-us.com\">privacy@takeuchi-us.com<\/a><br \/>\n\u2022 Visitando questa pagina del nostro sito web: <a href=\"http:\/\/www.takeuchiglobal.com\/privacy\">www.takeuchiglobal.com\/privacy<\/a><br \/>\n\u2022 Al numero di telefono: 00 1 706 693 3600<br \/>\n\u2022 Per posta: 519 Bonnie Valentine Way, Pendergrass, Georgia 30567[\/vc_column_text][\/vc_column][vc_column column_padding=&#8221;no-extra-padding&#8221; column_padding_position=&#8221;all&#8221; background_color_opacity=&#8221;1&#8243; background_hover_color_opacity=&#8221;1&#8243; column_shadow=&#8221;none&#8221; width=&#8221;1\/6&#8243; tablet_text_alignment=&#8221;default&#8221; phone_text_alignment=&#8221;default&#8221; column_border_width=&#8221;none&#8221; column_border_style=&#8221;solid&#8221;][\/vc_column][\/vc_row]\n","protected":false},"excerpt":{"rendered":"<p>[vc_row type=&#8221;in_container&#8221; full_screen_row_position=&#8221;middle&#8221; scene_position=&#8221;center&#8221; text_color=&#8221;dark&#8221; text_align=&#8221;left&#8221; overlay_strength=&#8221;0.3&#8243;][vc_column column_padding=&#8221;no-extra-padding&#8221; column_padding_position=&#8221;all&#8221; background_color_opacity=&#8221;1&#8243; background_hover_color_opacity=&#8221;1&#8243; column_shadow=&#8221;none&#8221; width=&#8221;1\/6&#8243; tablet_text_alignment=&#8221;default&#8221; phone_text_alignment=&#8221;default&#8221; column_border_width=&#8221;none&#8221; column_border_style=&#8221;solid&#8221;][\/vc_column][vc_column column_padding=&#8221;no-extra-padding&#8221; column_padding_position=&#8221;all&#8221; background_color_opacity=&#8221;1&#8243; background_hover_color_opacity=&#8221;1&#8243; column_shadow=&#8221;none&#8221; width=&#8221;2\/3&#8243; tablet_text_alignment=&#8221;default&#8221; phone_text_alignment=&#8221;default&#8221; column_border_width=&#8221;none&#8221; column_border_style=&#8221;solid&#8221;][vc_column_text] Politica sulla privacy&#8230;<\/p>\n","protected":false},"author":2,"featured_media":0,"parent":0,"menu_order":0,"comment_status":"closed","ping_status":"closed","template":"","meta":{"_acf_changed":false,"footnotes":""},"class_list":["post-9089","page","type-page","status-publish"],"acf":[],"_links":{"self":[{"href":"https:\/\/www.takeuchiglobal.com\/it\/wp-json\/wp\/v2\/pages\/9089","targetHints":{"allow":["GET"]}}],"collection":[{"href":"https:\/\/www.takeuchiglobal.com\/it\/wp-json\/wp\/v2\/pages"}],"about":[{"href":"https:\/\/www.takeuchiglobal.com\/it\/wp-json\/wp\/v2\/types\/page"}],"author":[{"embeddable":true,"href":"https:\/\/www.takeuchiglobal.com\/it\/wp-json\/wp\/v2\/users\/2"}],"replies":[{"embeddable":true,"href":"https:\/\/www.takeuchiglobal.com\/it\/wp-json\/wp\/v2\/comments?post=9089"}],"version-history":[{"count":0,"href":"https:\/\/www.takeuchiglobal.com\/it\/wp-json\/wp\/v2\/pages\/9089\/revisions"}],"wp:attachment":[{"href":"https:\/\/www.takeuchiglobal.com\/it\/wp-json\/wp\/v2\/media?parent=9089"}],"curies":[{"name":"wp","href":"https:\/\/api.w.org\/{rel}","templated":true}]}}